{"id":758350,"date":"2025-08-28T08:01:37","date_gmt":"2025-08-28T05:01:37","guid":{"rendered":"https:\/\/roveyayinevi.com.tr\/index.php\/urun\/bir-deniz-efsanesi\/"},"modified":"2026-04-16T03:11:22","modified_gmt":"2026-04-16T00:11:22","slug":"bir-deniz-efsanesi","status":"publish","type":"product","link":"https:\/\/roveyayinevi.com.tr\/index.php\/urun\/bir-deniz-efsanesi\/","title":{"rendered":"Bir Deniz Efsanesi"},"content":{"rendered":"<p>Alptekin tesad\u00fcfen girdi\u011fi denizalt\u0131 ma\u011faras\u0131nda nelerle kar\u015f\u0131la\u015facak, Rahmi Hoca ve arkada\u015f\u0131n\u0131n yard\u0131m\u0131, korsanlar\u0131n hazinesini bulmas\u0131na yard\u0131mc\u0131 olabilecek mi? Piri Reis\u2019in haritas\u0131ndaki \u015fifreler nas\u0131l \u00e7\u00f6z\u00fclecek&#8230;    Elinizden b\u0131rakmayaca\u011f\u0131n\u0131z s\u00fcr\u00fckleyici bir macera\u2026 <\/p>\n","protected":false},"excerpt":{"rendered":"<p>Alptekin tesad\u00fcfen girdi\u011fi denizalt\u0131 ma\u011faras\u0131nda nelerle kar\u015f\u0131la\u015facak, Rahmi Hoca ve arkada\u015f\u0131n\u0131n yard\u0131m\u0131, korsanlar\u0131n hazinesini bulmas\u0131na yard\u0131mc\u0131 olabilecek mi? Piri Reis\u2019in haritas\u0131ndaki \u015fifreler nas\u0131l \u00e7\u00f6z\u00fclecek&#8230; Elinizden b\u0131rakmayaca\u011f\u0131n\u0131z<span class=\"excerpt-hellip\"> [\u2026]<\/span><\/p>\n","protected":false},"featured_media":0,"template":"","meta":{"_monsterinsights_skip_tracking":false,"_monsterinsights_sitenote_active":false,"_monsterinsights_sitenote_note":"","_monsterinsights_sitenote_category":0},"product_brand":[],"product_cat":[12803,12291],"product_tag":[],"class_list":{"0":"post-758350","1":"product","2":"type-product","3":"status-publish","5":"product_cat-aksiyon-macera","6":"product_cat-edebiyat","7":"pa_cilt-ciltsiz","8":"pa_tur-kitap","9":"pa_yayinevi-hazer-yayinlari","10":"pa_yazar-nesrin-hazer","12":"first","13":"instock","14":"sale","15":"shipping-taxable","16":"purchasable","17":"product-type-simple"},"_links":{"self":[{"href":"https:\/\/roveyayinevi.com.tr\/index.php\/wp-json\/wp\/v2\/product\/758350","targetHints":{"allow":["GET"]}}],"collection":[{"href":"https:\/\/roveyayinevi.com.tr\/index.php\/wp-json\/wp\/v2\/product"}],"about":[{"href":"https:\/\/roveyayinevi.com.tr\/index.php\/wp-json\/wp\/v2\/types\/product"}],"wp:attachment":[{"href":"https:\/\/roveyayinevi.com.tr\/index.php\/wp-json\/wp\/v2\/media?parent=758350"}],"wp:term":[{"taxonomy":"product_brand","embeddable":true,"href":"https:\/\/roveyayinevi.com.tr\/index.php\/wp-json\/wp\/v2\/product_brand?post=758350"},{"taxonomy":"product_cat","embeddable":true,"href":"https:\/\/roveyayinevi.com.tr\/index.php\/wp-json\/wp\/v2\/product_cat?post=758350"},{"taxonomy":"product_tag","embeddable":true,"href":"https:\/\/roveyayinevi.com.tr\/index.php\/wp-json\/wp\/v2\/product_tag?post=758350"}],"curies":[{"name":"wp","href":"https:\/\/api.w.org\/{rel}","templated":true}]}}