{"id":758347,"date":"2025-08-28T08:01:31","date_gmt":"2025-08-28T05:01:31","guid":{"rendered":"https:\/\/roveyayinevi.com.tr\/index.php\/urun\/mimesis-islagi\/"},"modified":"2026-04-16T03:11:22","modified_gmt":"2026-04-16T00:11:22","slug":"mimesis-islagi","status":"publish","type":"product","link":"https:\/\/roveyayinevi.com.tr\/index.php\/urun\/mimesis-islagi\/","title":{"rendered":"Mimesis Isla\u011f\u0131"},"content":{"rendered":"<p>izahi de\u011fil bu delilikakl\u0131m yamal\u0131 ad\u0131mlar at\u0131york\u0131\u015f\u0131n \u00e7i\u011fnedi\u011fi g\u00fcl kurusug\u00f6lgeme basmamak i\u00e7in ayaklar\u0131m\u0131n serencam\u0131benden \u00f6teye do\u011frudo\u011fru bens\u00fcsl\u00fc lisanl\u0131 yalanlardanhep ka\u00e7t\u0131mevet ka\u00e7t\u0131m\u00e7a\u011f\u0131n dilindemitomankahramalardan&#8230;<\/p>\n","protected":false},"excerpt":{"rendered":"<p>izahi de\u011fil bu delilikakl\u0131m yamal\u0131 ad\u0131mlar at\u0131york\u0131\u015f\u0131n \u00e7i\u011fnedi\u011fi g\u00fcl kurusug\u00f6lgeme basmamak i\u00e7in ayaklar\u0131m\u0131n serencam\u0131benden \u00f6teye do\u011frudo\u011fru bens\u00fcsl\u00fc lisanl\u0131 yalanlardanhep ka\u00e7t\u0131mevet ka\u00e7t\u0131m\u00e7a\u011f\u0131n dilindemitomankahramalardan&#8230;<\/p>\n","protected":false},"featured_media":0,"template":"","meta":{"_monsterinsights_skip_tracking":false,"_monsterinsights_sitenote_active":false,"_monsterinsights_sitenote_note":"","_monsterinsights_sitenote_category":0},"product_brand":[],"product_cat":[12291,12509],"product_tag":[],"class_list":{"0":"post-758347","1":"product","2":"type-product","3":"status-publish","5":"product_cat-edebiyat","6":"product_cat-siir","7":"pa_cilt-ciltsiz","8":"pa_tur-kitap","9":"pa_yayinevi-telmih-kitap","10":"pa_yazar-talat-ozer","12":"first","13":"instock","14":"sale","15":"shipping-taxable","16":"purchasable","17":"product-type-simple"},"_links":{"self":[{"href":"https:\/\/roveyayinevi.com.tr\/index.php\/wp-json\/wp\/v2\/product\/758347","targetHints":{"allow":["GET"]}}],"collection":[{"href":"https:\/\/roveyayinevi.com.tr\/index.php\/wp-json\/wp\/v2\/product"}],"about":[{"href":"https:\/\/roveyayinevi.com.tr\/index.php\/wp-json\/wp\/v2\/types\/product"}],"wp:attachment":[{"href":"https:\/\/roveyayinevi.com.tr\/index.php\/wp-json\/wp\/v2\/media?parent=758347"}],"wp:term":[{"taxonomy":"product_brand","embeddable":true,"href":"https:\/\/roveyayinevi.com.tr\/index.php\/wp-json\/wp\/v2\/product_brand?post=758347"},{"taxonomy":"product_cat","embeddable":true,"href":"https:\/\/roveyayinevi.com.tr\/index.php\/wp-json\/wp\/v2\/product_cat?post=758347"},{"taxonomy":"product_tag","embeddable":true,"href":"https:\/\/roveyayinevi.com.tr\/index.php\/wp-json\/wp\/v2\/product_tag?post=758347"}],"curies":[{"name":"wp","href":"https:\/\/api.w.org\/{rel}","templated":true}]}}