{"id":758346,"date":"2025-08-28T08:01:30","date_gmt":"2025-08-28T05:01:30","guid":{"rendered":"https:\/\/roveyayinevi.com.tr\/index.php\/urun\/bunalti-caginda-yasamak\/"},"modified":"2026-04-16T03:11:22","modified_gmt":"2026-04-16T00:11:22","slug":"bunalti-caginda-yasamak","status":"publish","type":"product","link":"https:\/\/roveyayinevi.com.tr\/index.php\/urun\/bunalti-caginda-yasamak\/","title":{"rendered":"Bunalt\u0131 \u00c7a\u011f\u0131nda Ya\u015famak"},"content":{"rendered":"<p>\u201cKayg\u0131, var olmamam\u0131z\u0131n deneyimidir.\u201d \u2013 Jacques Lacan \u00c7a\u011f\u0131m\u0131z bir\u00e7ok a\u00e7\u0131dan bunalt\u0131 \u00e7a\u011f\u0131. Yeni ekonomik d\u00fczenin getirdi\u011fi g\u00fcvensizlik, gelece\u011fe y\u00f6nelik belirsizlik, ortal\u0131\u011fa sa\u00e7\u0131lm\u0131\u015f binlerce se\u00e7enekle bo\u011fan t\u00fcketim k\u00fclt\u00fcr\u00fc, krizler, sava\u015flar ve artan adaletsizlik. Bu \u00e7a\u011fda birka\u00e7 sa\u011flam panik atak ge\u00e7irmeden hayatta kalmak m\u00fcmk\u00fcn m\u00fc? D\u00fcnya b\u00f6yle bir haldeyken kayg\u0131, endi\u015fe ve panik ata\u011f\u0131n bir hastal\u0131ktan ziyade, \u00e7a\u011f\u0131m\u0131z\u0131n biricik duygu durumu haline geldi\u011fini kabul etmek gerek belki de. \u00d6te yandan her kayg\u0131, bunalt\u0131 ya da panik atak yaln\u0131zca d\u0131\u015f\u0131m\u0131zdaki ke\u015fmeke\u015ften beslenmez. Baz\u0131lar\u0131 bize dair, bilin\u00e7d\u0131\u015f\u0131m\u0131zda olu\u015fan kaosun, karma\u015fan\u0131n ve yanl\u0131\u015f yerle\u015ftirmelerin bir sonucu olarak do\u011far. Bu durumda derinlere dalarak, Lacan\u2019\u0131n dedi\u011fi gibi, \u201c\u00f6tekinin arzusunun (bak\u0131\u015f\u0131n\u0131n) sezilmesiyle\u201d do\u011fan b\u00f6yle bir kayg\u0131n\u0131n bilin\u00e7d\u0131\u015f\u0131 tarihinin ve alg\u0131lan\u0131\u015f\u0131n\u0131n, terapide \u201cyeniden yaz\u0131lmas\u0131\u201d gerekir. Elinizdeki kitap birinci a\u011f\u0131zdan ve g\u00f6zlemlere dayanarak kayg\u0131, endi\u015fe, anksiyete, anksiyete bozuklu\u011fu, agorafobi gibi g\u00fcndelik hayatta s\u0131k, ancak \u00e7o\u011fu zaman yanl\u0131\u015f kulland\u0131\u011f\u0131m\u0131z kavramlar\u0131, bireysel s\u00fcre\u00e7lerden toplumsal s\u00fcre\u00e7lere, patolojik durumlardan ola\u011fan durumlara kadar bir\u00e7ok boyutta ve tek tek ele al\u0131yor. Bunalt\u0131 \u00e7a\u011f\u0131nda var olmaya \u00e7abalayan herkese rehberlik ve yolda\u015fl\u0131k sunmay\u0131 umuyor. <\/p>\n","protected":false},"excerpt":{"rendered":"<p>\u201cKayg\u0131, var olmamam\u0131z\u0131n deneyimidir.\u201d \u2013 Jacques Lacan \u00c7a\u011f\u0131m\u0131z bir\u00e7ok a\u00e7\u0131dan bunalt\u0131 \u00e7a\u011f\u0131. Yeni ekonomik d\u00fczenin getirdi\u011fi g\u00fcvensizlik, gelece\u011fe y\u00f6nelik belirsizlik, ortal\u0131\u011fa sa\u00e7\u0131lm\u0131\u015f binlerce se\u00e7enekle bo\u011fan t\u00fcketim<span class=\"excerpt-hellip\"> [\u2026]<\/span><\/p>\n","protected":false},"featured_media":0,"template":"","meta":{"_monsterinsights_skip_tracking":false,"_monsterinsights_sitenote_active":false,"_monsterinsights_sitenote_note":"","_monsterinsights_sitenote_category":0},"product_brand":[],"product_cat":[12358,12357],"product_tag":[],"class_list":{"0":"post-758346","1":"product","2":"type-product","3":"status-publish","5":"product_cat-genel-psikoloji","6":"product_cat-psikoloji","7":"pa_cilt-ciltsiz","8":"pa_tur-kitap","9":"pa_yayinevi-beyaz-baykus-yayinlari","10":"pa_yazar-e-tulin-erinc","12":"first","13":"instock","14":"sale","15":"shipping-taxable","16":"purchasable","17":"product-type-simple"},"_links":{"self":[{"href":"https:\/\/roveyayinevi.com.tr\/index.php\/wp-json\/wp\/v2\/product\/758346","targetHints":{"allow":["GET"]}}],"collection":[{"href":"https:\/\/roveyayinevi.com.tr\/index.php\/wp-json\/wp\/v2\/product"}],"about":[{"href":"https:\/\/roveyayinevi.com.tr\/index.php\/wp-json\/wp\/v2\/types\/product"}],"wp:attachment":[{"href":"https:\/\/roveyayinevi.com.tr\/index.php\/wp-json\/wp\/v2\/media?parent=758346"}],"wp:term":[{"taxonomy":"product_brand","embeddable":true,"href":"https:\/\/roveyayinevi.com.tr\/index.php\/wp-json\/wp\/v2\/product_brand?post=758346"},{"taxonomy":"product_cat","embeddable":true,"href":"https:\/\/roveyayinevi.com.tr\/index.php\/wp-json\/wp\/v2\/product_cat?post=758346"},{"taxonomy":"product_tag","embeddable":true,"href":"https:\/\/roveyayinevi.com.tr\/index.php\/wp-json\/wp\/v2\/product_tag?post=758346"}],"curies":[{"name":"wp","href":"https:\/\/api.w.org\/{rel}","templated":true}]}}