{"id":758344,"date":"2025-08-28T08:01:26","date_gmt":"2025-08-28T05:01:26","guid":{"rendered":"https:\/\/roveyayinevi.com.tr\/index.php\/urun\/harabe-ve-labirent\/"},"modified":"2026-04-16T03:11:22","modified_gmt":"2026-04-16T00:11:22","slug":"harabe-ve-labirent","status":"publish","type":"product","link":"https:\/\/roveyayinevi.com.tr\/index.php\/urun\/harabe-ve-labirent\/","title":{"rendered":"Harabe ve Labirent"},"content":{"rendered":"<p>YILANIN \u00c7ATAL D\u0130L\u0130, HERKES\u0130 KANDIRIYORDU! KANDIRAMADI\u011eI \u0130NSANLARA \u0130SE KAD\u0130M L\u0130SAN\u2019I \u00d6\u011eRET\u0130YORDU!   \u00c7\u00dcNK\u00dc; R\u00dcYALARI, M\u0130TOLOJ\u0130LER\u0130 VE MASALLARI ANLAYAB\u0130LMEM\u0130Z \u0130\u00c7\u0130N KAD\u0130M L\u0130SAN\u2019I B\u0130LMEM\u0130Z GEREK\u0130YORDU! <\/p>\n","protected":false},"excerpt":{"rendered":"<p>YILANIN \u00c7ATAL D\u0130L\u0130, HERKES\u0130 KANDIRIYORDU! KANDIRAMADI\u011eI \u0130NSANLARA \u0130SE KAD\u0130M L\u0130SAN\u2019I \u00d6\u011eRET\u0130YORDU! \u00c7\u00dcNK\u00dc; R\u00dcYALARI, M\u0130TOLOJ\u0130LER\u0130 VE MASALLARI ANLAYAB\u0130LMEM\u0130Z \u0130\u00c7\u0130N KAD\u0130M L\u0130SAN\u2019I B\u0130LMEM\u0130Z GEREK\u0130YORDU!<\/p>\n","protected":false},"featured_media":0,"template":"","meta":{"_monsterinsights_skip_tracking":false,"_monsterinsights_sitenote_active":false,"_monsterinsights_sitenote_note":"","_monsterinsights_sitenote_category":0},"product_brand":[],"product_cat":[12416,12291],"product_tag":[],"class_list":{"0":"post-758344","1":"product","2":"type-product","3":"status-publish","5":"product_cat-cizgi-roman","6":"product_cat-edebiyat","7":"pa_cilt-ciltli","8":"pa_tur-kitap","9":"pa_yayinevi-kara-karga-yayinlari","10":"pa_yazar-suat-gonulay","12":"first","13":"instock","14":"sale","15":"shipping-taxable","16":"purchasable","17":"product-type-simple"},"_links":{"self":[{"href":"https:\/\/roveyayinevi.com.tr\/index.php\/wp-json\/wp\/v2\/product\/758344","targetHints":{"allow":["GET"]}}],"collection":[{"href":"https:\/\/roveyayinevi.com.tr\/index.php\/wp-json\/wp\/v2\/product"}],"about":[{"href":"https:\/\/roveyayinevi.com.tr\/index.php\/wp-json\/wp\/v2\/types\/product"}],"wp:attachment":[{"href":"https:\/\/roveyayinevi.com.tr\/index.php\/wp-json\/wp\/v2\/media?parent=758344"}],"wp:term":[{"taxonomy":"product_brand","embeddable":true,"href":"https:\/\/roveyayinevi.com.tr\/index.php\/wp-json\/wp\/v2\/product_brand?post=758344"},{"taxonomy":"product_cat","embeddable":true,"href":"https:\/\/roveyayinevi.com.tr\/index.php\/wp-json\/wp\/v2\/product_cat?post=758344"},{"taxonomy":"product_tag","embeddable":true,"href":"https:\/\/roveyayinevi.com.tr\/index.php\/wp-json\/wp\/v2\/product_tag?post=758344"}],"curies":[{"name":"wp","href":"https:\/\/api.w.org\/{rel}","templated":true}]}}