{"id":758339,"date":"2025-08-28T08:01:16","date_gmt":"2025-08-28T05:01:16","guid":{"rendered":"https:\/\/roveyayinevi.com.tr\/index.php\/urun\/gorev-ilk-oruc-nuriye-ecmel\/"},"modified":"2026-04-16T03:11:22","modified_gmt":"2026-04-16T00:11:22","slug":"gorev-ilk-oruc-nuriye-ecmel","status":"publish","type":"product","link":"https:\/\/roveyayinevi.com.tr\/index.php\/urun\/gorev-ilk-oruc-nuriye-ecmel\/","title":{"rendered":"G\u00f6rev: \u0130lk Oru\u00e7 &#8211; Nuriye Ecmel"},"content":{"rendered":"<p>Yar\u0131n benim b\u00fcy\u00fcd\u00fc\u011f\u00fcm g\u00fcn!Art\u0131k sadece bir \u00e7ocuk de\u011filim\u2026 Birazc\u0131k daha b\u00fcy\u00fck bir \u00e7ocu\u011fum. Ben, yani Nuriye Ecmel\u2026 Yar\u0131n yedi y\u0131ll\u0131k hayat\u0131m\u0131n ilk Ramazan orucunu tutaca\u011f\u0131m. \u0130lk\u2026 \u2026Bazen s\u00fcper, bazen de daha az s\u00fcper hayat\u0131ma ho\u015f geldiniz! \u00d6nceden uyaray\u0131m, bazen \u00fcz\u00fclebilir bazen yorulabilir ama \u00e7o\u011fu zaman \u00e7ok g\u00fclersiniz, merak etmeyin. Ayakta kalmay\u0131n, buyrun oturun \ud83d\ude42<\/p>\n","protected":false},"excerpt":{"rendered":"<p>Yar\u0131n benim b\u00fcy\u00fcd\u00fc\u011f\u00fcm g\u00fcn!Art\u0131k sadece bir \u00e7ocuk de\u011filim\u2026 Birazc\u0131k daha b\u00fcy\u00fck bir \u00e7ocu\u011fum. Ben, yani Nuriye Ecmel\u2026 Yar\u0131n yedi y\u0131ll\u0131k hayat\u0131m\u0131n ilk Ramazan orucunu tutaca\u011f\u0131m. \u0130lk\u2026<span class=\"excerpt-hellip\"> [\u2026]<\/span><\/p>\n","protected":false},"featured_media":0,"template":"","meta":{"_monsterinsights_skip_tracking":false,"_monsterinsights_sitenote_active":false,"_monsterinsights_sitenote_note":"","_monsterinsights_sitenote_category":0},"product_brand":[],"product_cat":[12274,12284],"product_tag":[],"class_list":{"0":"post-758339","1":"product","2":"type-product","3":"status-publish","5":"product_cat-cocuk-ve-genclik-kitaplari","6":"product_cat-hikayeler","7":"pa_cilt-ciltsiz","8":"pa_tur-kitap","9":"pa_yayinevi-gulce-kitap","10":"pa_yazar-merve-ozcan","12":"first","13":"instock","14":"sale","15":"shipping-taxable","16":"purchasable","17":"product-type-simple"},"_links":{"self":[{"href":"https:\/\/roveyayinevi.com.tr\/index.php\/wp-json\/wp\/v2\/product\/758339","targetHints":{"allow":["GET"]}}],"collection":[{"href":"https:\/\/roveyayinevi.com.tr\/index.php\/wp-json\/wp\/v2\/product"}],"about":[{"href":"https:\/\/roveyayinevi.com.tr\/index.php\/wp-json\/wp\/v2\/types\/product"}],"wp:attachment":[{"href":"https:\/\/roveyayinevi.com.tr\/index.php\/wp-json\/wp\/v2\/media?parent=758339"}],"wp:term":[{"taxonomy":"product_brand","embeddable":true,"href":"https:\/\/roveyayinevi.com.tr\/index.php\/wp-json\/wp\/v2\/product_brand?post=758339"},{"taxonomy":"product_cat","embeddable":true,"href":"https:\/\/roveyayinevi.com.tr\/index.php\/wp-json\/wp\/v2\/product_cat?post=758339"},{"taxonomy":"product_tag","embeddable":true,"href":"https:\/\/roveyayinevi.com.tr\/index.php\/wp-json\/wp\/v2\/product_tag?post=758339"}],"curies":[{"name":"wp","href":"https:\/\/api.w.org\/{rel}","templated":true}]}}