{"id":758338,"date":"2025-08-28T08:01:15","date_gmt":"2025-08-28T05:01:15","guid":{"rendered":"https:\/\/roveyayinevi.com.tr\/index.php\/urun\/gagasini-goremeyen-tukan-fenerle-ara-bul\/"},"modified":"2026-04-16T03:11:22","modified_gmt":"2026-04-16T00:11:22","slug":"gagasini-goremeyen-tukan-fenerle-ara-bul","status":"publish","type":"product","link":"https:\/\/roveyayinevi.com.tr\/index.php\/urun\/gagasini-goremeyen-tukan-fenerle-ara-bul\/","title":{"rendered":"Gagas\u0131n\u0131 G\u00f6remeyen Tukan &#8211; Fenerle Ara Bul"},"content":{"rendered":"<p>Hayvanlar\u0131n hepsi \u00e7ok farkl\u0131 g\u00fczellikte yarat\u0131lm\u0131\u015f. Ancak Tukan isimli ku\u015f kendisine verilen g\u00fczelli\u011fi g\u00f6remeyip b\u00fclb\u00fcle \u00f6zenirmi\u015f. \u0130\u015fte komik hik\u00e2yemiz de b\u00f6ylece ba\u015flam\u0131\u015f. Tukan&#8217;a ne mi olmu\u015f; al fenerini eline ve d\u00fc\u015felim onun pe\u015fine. Bak bakal\u0131m fener neler g\u00f6steriyor.<\/p>\n","protected":false},"excerpt":{"rendered":"<p>Hayvanlar\u0131n hepsi \u00e7ok farkl\u0131 g\u00fczellikte yarat\u0131lm\u0131\u015f. Ancak Tukan isimli ku\u015f kendisine verilen g\u00fczelli\u011fi g\u00f6remeyip b\u00fclb\u00fcle \u00f6zenirmi\u015f. \u0130\u015fte komik hik\u00e2yemiz de b\u00f6ylece ba\u015flam\u0131\u015f. Tukan&#8217;a ne mi olmu\u015f;<span class=\"excerpt-hellip\"> [\u2026]<\/span><\/p>\n","protected":false},"featured_media":0,"template":"","meta":{"_monsterinsights_skip_tracking":false,"_monsterinsights_sitenote_active":false,"_monsterinsights_sitenote_note":"","_monsterinsights_sitenote_category":0},"product_brand":[],"product_cat":[12274,12284],"product_tag":[],"class_list":{"0":"post-758338","1":"product","2":"type-product","3":"status-publish","5":"product_cat-cocuk-ve-genclik-kitaplari","6":"product_cat-hikayeler","7":"pa_cilt-ciltsiz","8":"pa_tur-kitap","9":"pa_yayinevi-gulce-kitap","10":"pa_yazar-merve-sultan-gunduz","12":"first","13":"instock","14":"sale","15":"shipping-taxable","16":"purchasable","17":"product-type-simple"},"_links":{"self":[{"href":"https:\/\/roveyayinevi.com.tr\/index.php\/wp-json\/wp\/v2\/product\/758338","targetHints":{"allow":["GET"]}}],"collection":[{"href":"https:\/\/roveyayinevi.com.tr\/index.php\/wp-json\/wp\/v2\/product"}],"about":[{"href":"https:\/\/roveyayinevi.com.tr\/index.php\/wp-json\/wp\/v2\/types\/product"}],"wp:attachment":[{"href":"https:\/\/roveyayinevi.com.tr\/index.php\/wp-json\/wp\/v2\/media?parent=758338"}],"wp:term":[{"taxonomy":"product_brand","embeddable":true,"href":"https:\/\/roveyayinevi.com.tr\/index.php\/wp-json\/wp\/v2\/product_brand?post=758338"},{"taxonomy":"product_cat","embeddable":true,"href":"https:\/\/roveyayinevi.com.tr\/index.php\/wp-json\/wp\/v2\/product_cat?post=758338"},{"taxonomy":"product_tag","embeddable":true,"href":"https:\/\/roveyayinevi.com.tr\/index.php\/wp-json\/wp\/v2\/product_tag?post=758338"}],"curies":[{"name":"wp","href":"https:\/\/api.w.org\/{rel}","templated":true}]}}