{"id":758334,"date":"2025-08-28T08:01:08","date_gmt":"2025-08-28T05:01:08","guid":{"rendered":"https:\/\/roveyayinevi.com.tr\/index.php\/urun\/carpik-sevgi\/"},"modified":"2026-04-16T03:11:22","modified_gmt":"2026-04-16T00:11:22","slug":"carpik-sevgi","status":"publish","type":"product","link":"https:\/\/roveyayinevi.com.tr\/index.php\/urun\/carpik-sevgi\/","title":{"rendered":"\u00c7arp\u0131k Sevgi"},"content":{"rendered":"<p>Bo\u015f Ayna ve Senden Kurtulu\u015f Yok mu? ile T\u00fcrkiye dahil bir\u00e7ok \u00fclkede geni\u015f bir okuyucu kitlesine eri\u015fen Karyl McBride, \u00c7arp\u0131k Sevgi ile narsistler taraf\u0131ndan yeti\u015ftirilenlerin hikayesine y\u00fcz\u00fcn\u00fc d\u00f6n\u00fcyor. Narsist ebeveynlerin kurdu\u011fu aile yap\u0131lar\u0131n\u0131n olu\u015fumundan, b\u00f6yle ailelerde yeti\u015fmenin yaralar\u0131n\u0131 sarmaya kadar geni\u015f bir kapsamla okuyucusunun kar\u015f\u0131s\u0131na \u00e7\u0131k\u0131yor. Lisansl\u0131 bir aile terapisti olarak belki de en iyi bildi\u011fi \u015feyi yaparak narsisizmle bozulmu\u015f \u00e7arp\u0131k sevgilerin anatomisini \u00e7\u0131kar\u0131yor, bu ac\u0131 mirastan kurtulu\u015f yolu vadediyor. <\/p>\n","protected":false},"excerpt":{"rendered":"<p>Bo\u015f Ayna ve Senden Kurtulu\u015f Yok mu? ile T\u00fcrkiye dahil bir\u00e7ok \u00fclkede geni\u015f bir okuyucu kitlesine eri\u015fen Karyl McBride, \u00c7arp\u0131k Sevgi ile narsistler taraf\u0131ndan yeti\u015ftirilenlerin hikayesine<span class=\"excerpt-hellip\"> [\u2026]<\/span><\/p>\n","protected":false},"featured_media":0,"template":"","meta":{"_monsterinsights_skip_tracking":false,"_monsterinsights_sitenote_active":false,"_monsterinsights_sitenote_note":"","_monsterinsights_sitenote_category":0},"product_brand":[],"product_cat":[12358,12357],"product_tag":[],"class_list":{"0":"post-758334","1":"product","2":"type-product","3":"status-publish","5":"product_cat-genel-psikoloji","6":"product_cat-psikoloji","7":"pa_cilt-ciltsiz","8":"pa_tur-kitap","9":"pa_yayinevi-okuyan-us-yayin","10":"pa_yazar-karyl-mcbride","12":"first","13":"instock","14":"sale","15":"shipping-taxable","16":"purchasable","17":"product-type-simple"},"_links":{"self":[{"href":"https:\/\/roveyayinevi.com.tr\/index.php\/wp-json\/wp\/v2\/product\/758334","targetHints":{"allow":["GET"]}}],"collection":[{"href":"https:\/\/roveyayinevi.com.tr\/index.php\/wp-json\/wp\/v2\/product"}],"about":[{"href":"https:\/\/roveyayinevi.com.tr\/index.php\/wp-json\/wp\/v2\/types\/product"}],"wp:attachment":[{"href":"https:\/\/roveyayinevi.com.tr\/index.php\/wp-json\/wp\/v2\/media?parent=758334"}],"wp:term":[{"taxonomy":"product_brand","embeddable":true,"href":"https:\/\/roveyayinevi.com.tr\/index.php\/wp-json\/wp\/v2\/product_brand?post=758334"},{"taxonomy":"product_cat","embeddable":true,"href":"https:\/\/roveyayinevi.com.tr\/index.php\/wp-json\/wp\/v2\/product_cat?post=758334"},{"taxonomy":"product_tag","embeddable":true,"href":"https:\/\/roveyayinevi.com.tr\/index.php\/wp-json\/wp\/v2\/product_tag?post=758334"}],"curies":[{"name":"wp","href":"https:\/\/api.w.org\/{rel}","templated":true}]}}