{"id":758325,"date":"2025-08-28T08:00:51","date_gmt":"2025-08-28T05:00:51","guid":{"rendered":"https:\/\/roveyayinevi.com.tr\/index.php\/urun\/iyilestiren-iliskiler\/"},"modified":"2026-04-16T03:11:22","modified_gmt":"2026-04-16T00:11:22","slug":"iyilestiren-iliskiler","status":"publish","type":"product","link":"https:\/\/roveyayinevi.com.tr\/index.php\/urun\/iyilestiren-iliskiler\/","title":{"rendered":"\u0130yile\u015ftiren \u0130li\u015fkiler"},"content":{"rendered":"<p>Her terapi seans\u0131 e\u015f\u015fizdir ve insan\u0131n i\u00e7i \u00e7o\u011fu zaman teori kitaplar\u0131na s\u0131\u011fmaz.   Richard G. Erskine, terapinin son derece karma\u015f\u0131k ve hassas bir kar\u015f\u0131la\u015fma oldu\u011funun bilincinde olan, ona saat tamircisi titizli\u011finde yakla\u015fan bir psikoterapist. \u0130yile\u015ftiren \u0130li\u015fkiler\u2019de yapt\u0131\u011f\u0131 \u015fey de sa\u011fl\u0131kl\u0131 bir terap\u00f6tik ili\u015fkiye y\u00f6nelik \u00e7abalar\u0131n\u0131 bir dost mektubu s\u0131cakl\u0131\u011f\u0131nda okuyucusuyla payla\u015fmak. Ad\u0131na ili\u015fkisel odakl\u0131 terapi denen bu yakla\u015f\u0131mda ne yapt\u0131\u011f\u0131n\u0131, nas\u0131l yapt\u0131\u011f\u0131n\u0131 ve neden yapt\u0131\u011f\u0131n\u0131 izah ediyor. \u00dc\u00e7 dan\u0131\u015fan\u0131yla ger\u00e7ekle\u015ftirdi\u011fi terapi seanslar\u0131n\u0131 oldu\u011fu gibi ortaya d\u00f6k\u00fcyor ve bunlar\u0131 so\u011fukkanl\u0131l\u0131kla yorumluyor. S\u00f6ylenenler kadar s\u00f6ylenmeyenleri de kefeye koymaya murat eden, t\u00fcm bo\u015fluklara s\u0131zmaya \u00e7al\u0131\u015fan bir ihtimam var sat\u0131rlar\u0131nda. <\/p>\n","protected":false},"excerpt":{"rendered":"<p>Her terapi seans\u0131 e\u015f\u015fizdir ve insan\u0131n i\u00e7i \u00e7o\u011fu zaman teori kitaplar\u0131na s\u0131\u011fmaz. Richard G. Erskine, terapinin son derece karma\u015f\u0131k ve hassas bir kar\u015f\u0131la\u015fma oldu\u011funun bilincinde olan,<span class=\"excerpt-hellip\"> [\u2026]<\/span><\/p>\n","protected":false},"featured_media":0,"template":"","meta":{"_monsterinsights_skip_tracking":false,"_monsterinsights_sitenote_active":false,"_monsterinsights_sitenote_note":"","_monsterinsights_sitenote_category":0},"product_brand":[],"product_cat":[12358,12357],"product_tag":[],"class_list":{"0":"post-758325","1":"product","2":"type-product","3":"status-publish","5":"product_cat-genel-psikoloji","6":"product_cat-psikoloji","7":"pa_cilt-ciltsiz","8":"pa_tur-kitap","9":"pa_yayinevi-okuyan-us-yayin","10":"pa_yazar-richard-g-erskine","12":"first","13":"instock","14":"sale","15":"shipping-taxable","16":"purchasable","17":"product-type-simple"},"_links":{"self":[{"href":"https:\/\/roveyayinevi.com.tr\/index.php\/wp-json\/wp\/v2\/product\/758325","targetHints":{"allow":["GET"]}}],"collection":[{"href":"https:\/\/roveyayinevi.com.tr\/index.php\/wp-json\/wp\/v2\/product"}],"about":[{"href":"https:\/\/roveyayinevi.com.tr\/index.php\/wp-json\/wp\/v2\/types\/product"}],"wp:attachment":[{"href":"https:\/\/roveyayinevi.com.tr\/index.php\/wp-json\/wp\/v2\/media?parent=758325"}],"wp:term":[{"taxonomy":"product_brand","embeddable":true,"href":"https:\/\/roveyayinevi.com.tr\/index.php\/wp-json\/wp\/v2\/product_brand?post=758325"},{"taxonomy":"product_cat","embeddable":true,"href":"https:\/\/roveyayinevi.com.tr\/index.php\/wp-json\/wp\/v2\/product_cat?post=758325"},{"taxonomy":"product_tag","embeddable":true,"href":"https:\/\/roveyayinevi.com.tr\/index.php\/wp-json\/wp\/v2\/product_tag?post=758325"}],"curies":[{"name":"wp","href":"https:\/\/api.w.org\/{rel}","templated":true}]}}