{"id":758322,"date":"2025-08-28T08:00:46","date_gmt":"2025-08-28T05:00:46","guid":{"rendered":"https:\/\/roveyayinevi.com.tr\/index.php\/urun\/farkindalik-defteri-ciltli-kutulu-set\/"},"modified":"2025-09-15T16:12:13","modified_gmt":"2025-09-15T13:12:13","slug":"farkindalik-defteri-ciltli-kutulu-set","status":"publish","type":"product","link":"https:\/\/roveyayinevi.com.tr\/index.php\/urun\/farkindalik-defteri-ciltli-kutulu-set\/","title":{"rendered":"Fark\u0131ndal\u0131k Defteri &#8211; (Ciltli Kutulu Set)"},"content":{"rendered":"<p>\u201c\u0130nsan her g\u00fcn bir par\u00e7a m\u00fczik dinlemeli, iyi bir \u015fiir okumal\u0131, g\u00fczel bir tablo g\u00f6rmeli ve m\u00fcmk\u00fcnse birka\u00e7 mant\u0131kl\u0131 c\u00fcmle s\u00f6ylemeli.\u201d -Goethe<\/p>\n","protected":false},"excerpt":{"rendered":"<p>\u201c\u0130nsan her g\u00fcn bir par\u00e7a m\u00fczik dinlemeli, iyi bir \u015fiir okumal\u0131, g\u00fczel bir tablo g\u00f6rmeli ve m\u00fcmk\u00fcnse birka\u00e7 mant\u0131kl\u0131 c\u00fcmle s\u00f6ylemeli.\u201d -Goethe<\/p>\n","protected":false},"featured_media":0,"template":"","meta":{"_monsterinsights_skip_tracking":false,"_monsterinsights_sitenote_active":false,"_monsterinsights_sitenote_note":"","_monsterinsights_sitenote_category":0},"product_brand":[],"product_cat":[28265,15563],"product_tag":[],"class_list":{"0":"post-758322","1":"product","2":"type-product","3":"status-publish","5":"product_cat-diger-hobi","6":"product_cat-hobi","7":"pa_cilt-ciltli","8":"pa_tur-defter","9":"pa_yayinevi-alfa-yayinlari","10":"pa_yazar-kolektif","12":"first","13":"instock","14":"sale","15":"shipping-taxable","16":"purchasable","17":"product-type-simple"},"_links":{"self":[{"href":"https:\/\/roveyayinevi.com.tr\/index.php\/wp-json\/wp\/v2\/product\/758322","targetHints":{"allow":["GET"]}}],"collection":[{"href":"https:\/\/roveyayinevi.com.tr\/index.php\/wp-json\/wp\/v2\/product"}],"about":[{"href":"https:\/\/roveyayinevi.com.tr\/index.php\/wp-json\/wp\/v2\/types\/product"}],"wp:attachment":[{"href":"https:\/\/roveyayinevi.com.tr\/index.php\/wp-json\/wp\/v2\/media?parent=758322"}],"wp:term":[{"taxonomy":"product_brand","embeddable":true,"href":"https:\/\/roveyayinevi.com.tr\/index.php\/wp-json\/wp\/v2\/product_brand?post=758322"},{"taxonomy":"product_cat","embeddable":true,"href":"https:\/\/roveyayinevi.com.tr\/index.php\/wp-json\/wp\/v2\/product_cat?post=758322"},{"taxonomy":"product_tag","embeddable":true,"href":"https:\/\/roveyayinevi.com.tr\/index.php\/wp-json\/wp\/v2\/product_tag?post=758322"}],"curies":[{"name":"wp","href":"https:\/\/api.w.org\/{rel}","templated":true}]}}