{"id":758321,"date":"2025-08-28T08:00:44","date_gmt":"2025-08-28T05:00:44","guid":{"rendered":"https:\/\/roveyayinevi.com.tr\/index.php\/urun\/kayip-sirlar-muhafizi\/"},"modified":"2026-04-16T03:11:22","modified_gmt":"2026-04-16T00:11:22","slug":"kayip-sirlar-muhafizi","status":"publish","type":"product","link":"https:\/\/roveyayinevi.com.tr\/index.php\/urun\/kayip-sirlar-muhafizi\/","title":{"rendered":"Kay\u0131p S\u0131rlar Muhaf\u0131z\u0131"},"content":{"rendered":"<p>Beyo\u011flulu bir zabit olan ve ketumlu\u011fuyla tan\u0131nan Demirbey, B\u00fcy\u00fckada\u2019da patlat\u0131lan saat d\u00fckk\u00e2n\u0131 olay\u0131n\u0131 ayd\u0131nlatmak i\u00e7in Kad\u0131 taraf\u0131ndan g\u00f6revlendirilir. \u0130nceleme yapmak i\u00e7in Kad\u0131 ile birlikte yan\u0131na Mucit Macit lakapl\u0131, \u00e7\u0131lg\u0131n zaman t\u00fcneli projesini hayata ge\u00e7irmeye \u00e7al\u0131\u015fan bilim merakl\u0131s\u0131 arkada\u015f\u0131n\u0131 da alan Demirbey, B\u00fcy\u00fckada\u2019ya do\u011fru yol al\u0131r. B\u00fcy\u00fckada sahilinde incelemelerde bulunan ekibin dikkatini, Mizzi K\u00f6\u015fk\u00fc\u2019nden gelen sesler da\u011f\u0131t\u0131r. K\u00f6\u015fk\u00fcn sahibi, kendisine bunu yapan ki\u015fiyle d\u00fckk\u00e2n\u0131 patlatan\u0131n ayn\u0131 ki\u015fi oldu\u011funu s\u00f6yler. Markiz\u2019e g\u00f6re, \u015f\u00fcpheli, \u0130stanbul\u2019un muhaf\u0131zlar\u0131n\u0131n pe\u015findedir. Bu muhaf\u0131zlar\u0131n her birinde, Fatih Sultan Mehmet Han\u2019\u0131n hazinesinin yerini g\u00f6steren haritan\u0131n bir par\u00e7as\u0131 mevcuttur. Hazinenin yer alt\u0131nda kalmas\u0131n\u0131n daha iyi oldu\u011funu d\u00fc\u015f\u00fcnenler, kimse hazineye ula\u015famas\u0131n diye bu haritay\u0131 d\u00f6rde b\u00f6lm\u00fc\u015f ve her bir par\u00e7ay\u0131 bir ki\u015fiye teslim etmi\u015ftir. \u015e\u00fcpheli, belli ki bu haritay\u0131 tamamlamak ve hazineye ula\u015fmak i\u00e7in yola \u00e7\u0131km\u0131\u015ft\u0131r.Gen\u00e7lik polisiyesinin sevilen ismi Kayahan Demir, Kay\u0131p S\u0131rlar Muhaf\u0131z\u0131 ile yeni bir polisiye serisine ba\u015flang\u0131\u00e7 yap\u0131yor. Tarihin en sevilen noktalar\u0131n\u0131 ve ki\u015filerini eserlerine konuk eden Demir\u2019in bu serisindeki ba\u015fkarakteri Demirbey\u2019e, \u00e7\u0131ra\u011f\u0131 Ag\u00e2h ile bilim merakl\u0131s\u0131 arkada\u015f\u0131 Macit e\u015flik ediyor.<\/p>\n","protected":false},"excerpt":{"rendered":"<p>Beyo\u011flulu bir zabit olan ve ketumlu\u011fuyla tan\u0131nan Demirbey, B\u00fcy\u00fckada\u2019da patlat\u0131lan saat d\u00fckk\u00e2n\u0131 olay\u0131n\u0131 ayd\u0131nlatmak i\u00e7in Kad\u0131 taraf\u0131ndan g\u00f6revlendirilir. \u0130nceleme yapmak i\u00e7in Kad\u0131 ile birlikte yan\u0131na Mucit<span class=\"excerpt-hellip\"> [\u2026]<\/span><\/p>\n","protected":false},"featured_media":0,"template":"","meta":{"_monsterinsights_skip_tracking":false,"_monsterinsights_sitenote_active":false,"_monsterinsights_sitenote_note":"","_monsterinsights_sitenote_category":0},"product_brand":[],"product_cat":[12291,12711],"product_tag":[],"class_list":{"0":"post-758321","1":"product","2":"type-product","3":"status-publish","5":"product_cat-edebiyat","6":"product_cat-roman-oyku","7":"pa_cilt-ciltsiz","8":"pa_tur-kitap","9":"pa_yayinevi-genc-timas","10":"pa_yazar-kayahan-demir","12":"first","13":"instock","14":"sale","15":"shipping-taxable","16":"purchasable","17":"product-type-simple"},"_links":{"self":[{"href":"https:\/\/roveyayinevi.com.tr\/index.php\/wp-json\/wp\/v2\/product\/758321","targetHints":{"allow":["GET"]}}],"collection":[{"href":"https:\/\/roveyayinevi.com.tr\/index.php\/wp-json\/wp\/v2\/product"}],"about":[{"href":"https:\/\/roveyayinevi.com.tr\/index.php\/wp-json\/wp\/v2\/types\/product"}],"wp:attachment":[{"href":"https:\/\/roveyayinevi.com.tr\/index.php\/wp-json\/wp\/v2\/media?parent=758321"}],"wp:term":[{"taxonomy":"product_brand","embeddable":true,"href":"https:\/\/roveyayinevi.com.tr\/index.php\/wp-json\/wp\/v2\/product_brand?post=758321"},{"taxonomy":"product_cat","embeddable":true,"href":"https:\/\/roveyayinevi.com.tr\/index.php\/wp-json\/wp\/v2\/product_cat?post=758321"},{"taxonomy":"product_tag","embeddable":true,"href":"https:\/\/roveyayinevi.com.tr\/index.php\/wp-json\/wp\/v2\/product_tag?post=758321"}],"curies":[{"name":"wp","href":"https:\/\/api.w.org\/{rel}","templated":true}]}}