{"id":758320,"date":"2025-08-28T08:00:41","date_gmt":"2025-08-28T05:00:41","guid":{"rendered":"https:\/\/roveyayinevi.com.tr\/index.php\/urun\/filippo-kiraz-agaci-ve-ben-ciltli-somizli\/"},"modified":"2026-04-16T03:11:22","modified_gmt":"2026-04-16T00:11:22","slug":"filippo-kiraz-agaci-ve-ben-ciltli-somizli","status":"publish","type":"product","link":"https:\/\/roveyayinevi.com.tr\/index.php\/urun\/filippo-kiraz-agaci-ve-ben-ciltli-somizli\/","title":{"rendered":"Filippo, Kiraz A\u011fac\u0131 ve Ben (Ciltli \u015e\u00f6mizli)"},"content":{"rendered":"<p>T\u00fcm d\u00fcnyada milyonlarca okura ula\u015fan ve T\u00fcrkiye\u2019de en \u00e7ok satan gen\u00e7lik kitaplar\u0131ndan biri olan Kiraz A\u011fac\u0131 ile Aram\u0131zdaki Mesafe\u2019nin bu devam roman\u0131nda Mafalda, kar\u015f\u0131m\u0131za her zamankinden daha cesur ve daha kararl\u0131 bir gen\u00e7 k\u0131z olarak \u00e7\u0131k\u0131yor.On ya\u015f\u0131ndan beri g\u00f6rme yetisini g\u00fcnden g\u00fcne kaybeden Mafalda, \u015fimdi on \u00fc\u00e7 ya\u015f\u0131nda ve art\u0131k tamamen karanl\u0131kta.  Mafalda\u2019n\u0131n karanl\u0131kla m\u00fccadelesinde ona e\u015flik eden \u00e7ok \u00f6zel iki isim var: Kural tan\u0131maz ama bir o kadar e\u011flenceli Filippo ile asla yan\u0131ndan ayr\u0131lmayan sad\u0131k kedisi Ottimo Turcaret. Filippo ve Ottimo Turcaret, her maceras\u0131nda Mafalda\u2019n\u0131n yan\u0131ndalar. Mafalda, Filippo ve Ottimo Turcaret ile \u00e7ok iyi zaman ge\u00e7irse de bir s\u00fcredir i\u015fsiz olan ve depresyonla bo\u011fu\u015fan babas\u0131 ile Filippo\u2019yla arkada\u015fl\u0131klar\u0131n\u0131 s\u0131nayan Debbie y\u00fcz\u00fcnden kendini hi\u00e7 beklemedi\u011fi durumlarda buluyor. T\u00fcm olumsuzluklara ra\u011fmen Mafalda, hayat\u0131n tad\u0131n\u0131 \u00e7\u0131karmay\u0131 ve yeni insanlar tan\u0131y\u0131p yeni maceralara at\u0131lmay\u0131 ihmal etmiyor.  Evsiz hippi Elsa ile \u00fcst kom\u015fusu Nino dede, Mafalda\u2019n\u0131n hayat\u0131na yeni renkler kat\u0131yorlar. Mafalda, bu dostluklar sayesinde yeni d\u00fcnyalar\u0131n kap\u0131s\u0131n\u0131 aral\u0131yor ve daha \u00f6nce sormaya korktu\u011fu sorular\u0131 sorup ke\u015ffetmedi\u011fi duygular\u0131yla y\u00fczle\u015fiyor.<\/p>\n","protected":false},"excerpt":{"rendered":"<p>T\u00fcm d\u00fcnyada milyonlarca okura ula\u015fan ve T\u00fcrkiye\u2019de en \u00e7ok satan gen\u00e7lik kitaplar\u0131ndan biri olan Kiraz A\u011fac\u0131 ile Aram\u0131zdaki Mesafe\u2019nin bu devam roman\u0131nda Mafalda, kar\u015f\u0131m\u0131za her zamankinden<span class=\"excerpt-hellip\"> [\u2026]<\/span><\/p>\n","protected":false},"featured_media":0,"template":"","meta":{"_monsterinsights_skip_tracking":false,"_monsterinsights_sitenote_active":false,"_monsterinsights_sitenote_note":"","_monsterinsights_sitenote_category":0},"product_brand":[],"product_cat":[12291,12711],"product_tag":[],"class_list":{"0":"post-758320","1":"product","2":"type-product","3":"status-publish","5":"product_cat-edebiyat","6":"product_cat-roman-oyku","7":"pa_cilt-ciltli","8":"pa_tur-kitap","9":"pa_yayinevi-genc-timas","10":"pa_yazar-paola-peretti","12":"first","13":"instock","14":"sale","15":"shipping-taxable","16":"purchasable","17":"product-type-simple"},"_links":{"self":[{"href":"https:\/\/roveyayinevi.com.tr\/index.php\/wp-json\/wp\/v2\/product\/758320","targetHints":{"allow":["GET"]}}],"collection":[{"href":"https:\/\/roveyayinevi.com.tr\/index.php\/wp-json\/wp\/v2\/product"}],"about":[{"href":"https:\/\/roveyayinevi.com.tr\/index.php\/wp-json\/wp\/v2\/types\/product"}],"wp:attachment":[{"href":"https:\/\/roveyayinevi.com.tr\/index.php\/wp-json\/wp\/v2\/media?parent=758320"}],"wp:term":[{"taxonomy":"product_brand","embeddable":true,"href":"https:\/\/roveyayinevi.com.tr\/index.php\/wp-json\/wp\/v2\/product_brand?post=758320"},{"taxonomy":"product_cat","embeddable":true,"href":"https:\/\/roveyayinevi.com.tr\/index.php\/wp-json\/wp\/v2\/product_cat?post=758320"},{"taxonomy":"product_tag","embeddable":true,"href":"https:\/\/roveyayinevi.com.tr\/index.php\/wp-json\/wp\/v2\/product_tag?post=758320"}],"curies":[{"name":"wp","href":"https:\/\/api.w.org\/{rel}","templated":true}]}}