{"id":758318,"date":"2025-08-28T08:00:37","date_gmt":"2025-08-28T05:00:37","guid":{"rendered":"https:\/\/roveyayinevi.com.tr\/index.php\/urun\/ikimizin-yikimi\/"},"modified":"2026-04-16T03:11:22","modified_gmt":"2026-04-16T00:11:22","slug":"ikimizin-yikimi","status":"publish","type":"product","link":"https:\/\/roveyayinevi.com.tr\/index.php\/urun\/ikimizin-yikimi\/","title":{"rendered":"\u0130kimizin Y\u0131k\u0131m\u0131"},"content":{"rendered":"<p>Ian Parker\u2019dan uzak durmam gerekti\u011fini biliyordum. Ama uyu\u015fturucu sat\u0131c\u0131s\u0131 \u00fcvey babam beni evden kovdu\u011fu i\u00e7in gidecek hi\u00e7bir yerim kalmam\u0131\u015ft\u0131. Ian\u2019\u0131n b\u00fcy\u00fckbabas\u0131n\u0131n \u00e7iftli\u011findeki kullan\u0131lmayan barakaya yerle\u015fmek d\u0131\u015f\u0131nda bir se\u00e7ene\u011fim yoktu.   Ian barakada kald\u0131\u011f\u0131m\u0131 \u00f6\u011frendi\u011finde evindeki bo\u015f odaya ta\u015f\u0131nmam i\u00e7in \u0131srar etti. Bu teklifi kabul etmemeliydim ama bir evin ve s\u0131cak bir yata\u011f\u0131n cazibesini reddetmek m\u00fcmk\u00fcn de\u011fildi. Ev arkada\u015f\u0131m\u0131n kahverengi g\u00f6zlerinden ve g\u00fc\u00e7l\u00fc kollar\u0131ndan bahsetmiyordum bile.   Birbirimize hi\u00e7 benzemesek de aram\u0131zdaki k\u0131v\u0131lc\u0131m ink\u00e2r edilemezdi. Hayat\u0131m sonunda iyiye gitmeye ba\u015flam\u0131\u015ft\u0131. Ian a\u015fktaki tek \u015fans\u0131md\u0131. Umar\u0131m ger\u00e7ekler ortaya \u00e7\u0131kmaya ba\u015flad\u0131\u011f\u0131nda ellerimden kay\u0131p gitmezdi. <\/p>\n","protected":false},"excerpt":{"rendered":"<p>Ian Parker\u2019dan uzak durmam gerekti\u011fini biliyordum. Ama uyu\u015fturucu sat\u0131c\u0131s\u0131 \u00fcvey babam beni evden kovdu\u011fu i\u00e7in gidecek hi\u00e7bir yerim kalmam\u0131\u015ft\u0131. Ian\u2019\u0131n b\u00fcy\u00fckbabas\u0131n\u0131n \u00e7iftli\u011findeki kullan\u0131lmayan barakaya yerle\u015fmek d\u0131\u015f\u0131nda<span class=\"excerpt-hellip\"> [\u2026]<\/span><\/p>\n","protected":false},"featured_media":0,"template":"","meta":{"_monsterinsights_skip_tracking":false,"_monsterinsights_sitenote_active":false,"_monsterinsights_sitenote_note":"","_monsterinsights_sitenote_category":0},"product_brand":[],"product_cat":[12291,12711],"product_tag":[],"class_list":{"0":"post-758318","1":"product","2":"type-product","3":"status-publish","5":"product_cat-edebiyat","6":"product_cat-roman-oyku","7":"pa_cilt-ciltsiz","8":"pa_tur-kitap","9":"pa_yayinevi-marti-yayinlari","10":"pa_yazar-brittainy-c-cherry","12":"first","13":"instock","14":"sale","15":"shipping-taxable","16":"purchasable","17":"product-type-simple"},"_links":{"self":[{"href":"https:\/\/roveyayinevi.com.tr\/index.php\/wp-json\/wp\/v2\/product\/758318","targetHints":{"allow":["GET"]}}],"collection":[{"href":"https:\/\/roveyayinevi.com.tr\/index.php\/wp-json\/wp\/v2\/product"}],"about":[{"href":"https:\/\/roveyayinevi.com.tr\/index.php\/wp-json\/wp\/v2\/types\/product"}],"wp:attachment":[{"href":"https:\/\/roveyayinevi.com.tr\/index.php\/wp-json\/wp\/v2\/media?parent=758318"}],"wp:term":[{"taxonomy":"product_brand","embeddable":true,"href":"https:\/\/roveyayinevi.com.tr\/index.php\/wp-json\/wp\/v2\/product_brand?post=758318"},{"taxonomy":"product_cat","embeddable":true,"href":"https:\/\/roveyayinevi.com.tr\/index.php\/wp-json\/wp\/v2\/product_cat?post=758318"},{"taxonomy":"product_tag","embeddable":true,"href":"https:\/\/roveyayinevi.com.tr\/index.php\/wp-json\/wp\/v2\/product_tag?post=758318"}],"curies":[{"name":"wp","href":"https:\/\/api.w.org\/{rel}","templated":true}]}}