{"id":758317,"date":"2025-08-28T08:00:36","date_gmt":"2025-08-28T05:00:36","guid":{"rendered":"https:\/\/roveyayinevi.com.tr\/index.php\/urun\/milli-mucadele-kahramanlari-her-sey-vatan-icin\/"},"modified":"2026-04-16T03:11:22","modified_gmt":"2026-04-16T00:11:22","slug":"milli-mucadele-kahramanlari-her-sey-vatan-icin","status":"publish","type":"product","link":"https:\/\/roveyayinevi.com.tr\/index.php\/urun\/milli-mucadele-kahramanlari-her-sey-vatan-icin\/","title":{"rendered":"Milli M\u00fccadele Kahramanlar\u0131 &#8211; Her \u015eey Vatan \u0130\u00e7in"},"content":{"rendered":"<p>Ger\u00e7ek kahramanlar kimdir? E\u011flenceli Tarih dizisi, bu sorunun cevab\u0131n\u0131 ar\u0131yor. Bu kitapta pelerinli, kost\u00fcml\u00fc, s\u00fcper g\u00fc\u00e7l\u00fc sanal kahramanlarla de\u011fil, vatan a\u015fk\u0131yla yan\u0131p tutu\u015fan, ba\u011f\u0131ms\u0131zl\u0131k m\u00fccadelesine kat\u0131lan, bu \u00fclke i\u00e7in canlar\u0131n\u0131 ortaya koyan, bize g\u00fczel bir vatan ve huzur dolu gelecek b\u0131rakan kahramanlarla tan\u0131\u015facaks\u0131n\u0131z. Mill\u00ee M\u00fccadele s\u00fcrecinde tarih yazan Kara Fatma, \u015eerife Bac\u0131, Rahime Han\u0131m, Hasan Tahsin, Y\u00f6r\u00fck Ali Efe ve daha bir\u00e7ok kahraman\u0131n ilham verici \u00f6yk\u00fclerini okuyacaks\u0131n\u0131z. Haydi, Mill\u00ee M\u00fccadele\u2019nin muhte\u015fem kahramanlar\u0131yla tan\u0131\u015fma vakti!<\/p>\n","protected":false},"excerpt":{"rendered":"<p>Ger\u00e7ek kahramanlar kimdir? E\u011flenceli Tarih dizisi, bu sorunun cevab\u0131n\u0131 ar\u0131yor. Bu kitapta pelerinli, kost\u00fcml\u00fc, s\u00fcper g\u00fc\u00e7l\u00fc sanal kahramanlarla de\u011fil, vatan a\u015fk\u0131yla yan\u0131p tutu\u015fan, ba\u011f\u0131ms\u0131zl\u0131k m\u00fccadelesine kat\u0131lan,<span class=\"excerpt-hellip\"> [\u2026]<\/span><\/p>\n","protected":false},"featured_media":0,"template":"","meta":{"_monsterinsights_skip_tracking":false,"_monsterinsights_sitenote_active":false,"_monsterinsights_sitenote_note":"","_monsterinsights_sitenote_category":0},"product_brand":[],"product_cat":[13829,12274],"product_tag":[],"class_list":{"0":"post-758317","1":"product","2":"type-product","3":"status-publish","5":"product_cat-bilimsel-kitaplar","6":"product_cat-cocuk-ve-genclik-kitaplari","7":"pa_cilt-ciltsiz","8":"pa_tur-kitap","9":"pa_yayinevi-eglenceli-bilgi-yayinlari","10":"pa_yazar-metin-ozdamarlar","12":"first","13":"instock","14":"sale","15":"shipping-taxable","16":"purchasable","17":"product-type-simple"},"_links":{"self":[{"href":"https:\/\/roveyayinevi.com.tr\/index.php\/wp-json\/wp\/v2\/product\/758317","targetHints":{"allow":["GET"]}}],"collection":[{"href":"https:\/\/roveyayinevi.com.tr\/index.php\/wp-json\/wp\/v2\/product"}],"about":[{"href":"https:\/\/roveyayinevi.com.tr\/index.php\/wp-json\/wp\/v2\/types\/product"}],"wp:attachment":[{"href":"https:\/\/roveyayinevi.com.tr\/index.php\/wp-json\/wp\/v2\/media?parent=758317"}],"wp:term":[{"taxonomy":"product_brand","embeddable":true,"href":"https:\/\/roveyayinevi.com.tr\/index.php\/wp-json\/wp\/v2\/product_brand?post=758317"},{"taxonomy":"product_cat","embeddable":true,"href":"https:\/\/roveyayinevi.com.tr\/index.php\/wp-json\/wp\/v2\/product_cat?post=758317"},{"taxonomy":"product_tag","embeddable":true,"href":"https:\/\/roveyayinevi.com.tr\/index.php\/wp-json\/wp\/v2\/product_tag?post=758317"}],"curies":[{"name":"wp","href":"https:\/\/api.w.org\/{rel}","templated":true}]}}