{"id":758315,"date":"2025-08-28T08:00:32","date_gmt":"2025-08-28T05:00:32","guid":{"rendered":"https:\/\/roveyayinevi.com.tr\/index.php\/urun\/farkli-bir-biyoetigin-imkani\/"},"modified":"2026-04-16T03:11:22","modified_gmt":"2026-04-16T00:11:22","slug":"farkli-bir-biyoetigin-imkani","status":"publish","type":"product","link":"https:\/\/roveyayinevi.com.tr\/index.php\/urun\/farkli-bir-biyoetigin-imkani\/","title":{"rendered":"Farkl\u0131 Bir Biyoetig\u0306in I\u0307mk\u00e2n\u0131"},"content":{"rendered":"<p>Bilim ve teknolojideki geli\u015fmeler insan\u0131n varolu\u015funu ve toplumsal d\u00fczeni tehdit ediyor. Ayn\u0131 zamanda bu geli\u015fmeler devletlerin beden \u00fczerindeki tahakk\u00fcm\u00fcn\u00fc tarihte hi\u00e7 olmad\u0131\u011f\u0131 kadar g\u00fc\u00e7lendiriyor. Geleneksel y\u00f6neten-y\u00f6netilen ili\u015fkisi anlay\u0131\u015f\u0131nda radikal bir de\u011fi\u015fime tekab\u00fcl eden biyopolitika g\u00fcn\u00fcm\u00fcz ulus devletlerin politika yapma bi\u00e7imi h\u00e2line geldi. Bu s\u00fcre\u00e7te ortaya \u00e7\u0131kan etik ikilemler ise klasik kuramlarla \u00e7\u00f6z\u00fclemeyecek kadar karma\u015f\u0131kla\u015ft\u0131.Soner Tauscher Farkl\u0131 Bir Biyoeti\u011fin \u0130mk\u00e2n\u0131 adl\u0131 kitab\u0131nda bilim ile etik ve y\u00f6neten-y\u00f6netilen aras\u0131nda ya\u015fanan gerilimin giderilmesine y\u00f6nelik alternatif biyoetik ve biyopolitik yakla\u015f\u0131mlar\u0131n imk\u00e2n\u0131n\u0131 sorguluyor. Tauscher, Bat\u0131 tarihindeki sars\u0131nt\u0131lar sonucunda ortaya \u00e7\u0131kan etik gerilimin \u00e7\u00f6z\u00fclmesini sa\u011flayacak yeni bir etik\/biyoetik anlay\u0131\u015f\u0131n n\u00fcvesini \u0130slam d\u00fc\u015f\u00fcnce d\u00fcnyas\u0131n\u0131n bar\u0131nd\u0131rd\u0131\u011f\u0131ndan yola \u00e7\u0131k\u0131yor. \u00c7al\u0131\u015fmada \u00f6ncelikle Bat\u0131 ve \u0130slam d\u00fc\u015f\u00fcnce tarihinde y\u00f6neten-y\u00f6netilen ili\u015fkileri, birey-toplum-devlet ba\u011flam\u0131nda hukuk yap\u0131m s\u00fcre\u00e7lerinin d\u00f6n\u00fc\u015f\u00fcm\u00fc ve buna eti\u011fin etkisi sorun odakl\u0131 bir tarih okumas\u0131 \u00fczerinden kapsaml\u0131 bir \u015fekilde analiz ediliyor. Embriyonun a\u015famal\u0131 potansiyelli\u011fi, vesile ve nasip kavramla\u015ft\u0131rmalar\u0131 ve yeni bir sorumluluk eti\u011fi anlay\u0131\u015f\u0131ndan olu\u015fan alternatif biyoetik ve biyopolitik yakla\u015f\u0131mlar geli\u015ftiriliyor.Farkl\u0131 Bir Biyoeti\u011fin \u0130mk\u00e2n\u0131 bilimin, biyopolitikalar arac\u0131l\u0131\u011f\u0131yla s\u0131n\u0131rland\u0131r\u0131lmas\u0131 d\u00fc\u015f\u00fcncesinin kuramlara h\u00e2kim olmas\u0131n\u0131 sa\u011flayan geli\u015fmeler kadar do\u011fa, devlet ve insan kavramlar\u0131n\u0131 anlamaya katk\u0131 sunuyor.<\/p>\n","protected":false},"excerpt":{"rendered":"<p>Bilim ve teknolojideki geli\u015fmeler insan\u0131n varolu\u015funu ve toplumsal d\u00fczeni tehdit ediyor. Ayn\u0131 zamanda bu geli\u015fmeler devletlerin beden \u00fczerindeki tahakk\u00fcm\u00fcn\u00fc tarihte hi\u00e7 olmad\u0131\u011f\u0131 kadar g\u00fc\u00e7lendiriyor. Geleneksel y\u00f6neten-y\u00f6netilen<span class=\"excerpt-hellip\"> [\u2026]<\/span><\/p>\n","protected":false},"featured_media":0,"template":"","meta":{"_monsterinsights_skip_tracking":false,"_monsterinsights_sitenote_active":false,"_monsterinsights_sitenote_note":"","_monsterinsights_sitenote_category":0},"product_brand":[],"product_cat":[18545,12291],"product_tag":[],"class_list":{"0":"post-758315","1":"product","2":"type-product","3":"status-publish","5":"product_cat-anlati","6":"product_cat-edebiyat","7":"pa_cilt-ciltsiz","8":"pa_tur-kitap","9":"pa_yayinevi-paradigma-yayinlari","10":"pa_yazar-soner-tauscher","12":"first","13":"instock","14":"sale","15":"shipping-taxable","16":"purchasable","17":"product-type-simple"},"_links":{"self":[{"href":"https:\/\/roveyayinevi.com.tr\/index.php\/wp-json\/wp\/v2\/product\/758315","targetHints":{"allow":["GET"]}}],"collection":[{"href":"https:\/\/roveyayinevi.com.tr\/index.php\/wp-json\/wp\/v2\/product"}],"about":[{"href":"https:\/\/roveyayinevi.com.tr\/index.php\/wp-json\/wp\/v2\/types\/product"}],"wp:attachment":[{"href":"https:\/\/roveyayinevi.com.tr\/index.php\/wp-json\/wp\/v2\/media?parent=758315"}],"wp:term":[{"taxonomy":"product_brand","embeddable":true,"href":"https:\/\/roveyayinevi.com.tr\/index.php\/wp-json\/wp\/v2\/product_brand?post=758315"},{"taxonomy":"product_cat","embeddable":true,"href":"https:\/\/roveyayinevi.com.tr\/index.php\/wp-json\/wp\/v2\/product_cat?post=758315"},{"taxonomy":"product_tag","embeddable":true,"href":"https:\/\/roveyayinevi.com.tr\/index.php\/wp-json\/wp\/v2\/product_tag?post=758315"}],"curies":[{"name":"wp","href":"https:\/\/api.w.org\/{rel}","templated":true}]}}