{"id":758312,"date":"2025-08-28T08:00:28","date_gmt":"2025-08-28T05:00:28","guid":{"rendered":"https:\/\/roveyayinevi.com.tr\/index.php\/urun\/bilimsel-ihtilaflar\/"},"modified":"2026-04-16T03:11:21","modified_gmt":"2026-04-16T00:11:21","slug":"bilimsel-ihtilaflar","status":"publish","type":"product","link":"https:\/\/roveyayinevi.com.tr\/index.php\/urun\/bilimsel-ihtilaflar\/","title":{"rendered":"Bilimsel I\u0307htilaflar"},"content":{"rendered":"<p>Senin ad\u0131n benim sa\u011falt\u0131m\u0131md\u0131r ey Tanr\u0131m,Seni hat\u0131rlamak benim \u00e7aremdir.Sana yak\u0131n olmak benim u\u0308midimdir.Sana duydu\u011fum sevgi benim refakat\u00e7imdir.Merhametin sa\u011falt\u0131m\u0131md\u0131r ve kurtar\u0131c\u0131md\u0131r,Hem bu du\u0308nyada hem \u00f6te du\u0308nyada.Senin sanat\u0131n ger\u00e7ekte bu\u0308tu\u0308n c\u00f6mertliktir,Bu\u0308tu\u0308n bilgidir, Bu\u0308tu\u0308n bilgeliktir. Bahama Duas\u0131 Bilimsel \u0130htilaflar: Ziya \u00d6zel ve Zakkum Vakas\u0131, gu\u0308nu\u0308mu\u0308z du\u0308nyas\u0131n\u0131n bu\u0308yu\u0308k problemi \u201ckanser\u201d hakk\u0131nda, kanser ihtilaf\u0131n\u0131n sosyolojisi u\u0308zerine bir kitap. Bilimin bilimsel ihtilaflara dayand\u0131\u011f\u0131 ve her ihtilaf\u0131n \u201csosyal\u201d bir fenomen oldu\u011fu varsay\u0131m\u0131ndan yola \u00e7\u0131kan bu eser bilim sosyolojisi, bilim felsefesi ve bilim tarihi literatu\u0308ru\u0308nden yararlan\u0131yor. Konuyu ise Tu\u0308rkiye\u2019de kamuoyunun a\u015fina oldu\u011fu, Ziya \u00d6zel\u2019in kansere \u00e7\u00f6zu\u0308m olarak \u00f6nerdi\u011fi \u201czakkum\u201d ekstresinden do\u011fan bilimsel ihtilafa odaklanarak ele al\u0131yor.Tu\u0308rkiye\u2019de bir bilimsel ke\u015fif yap\u0131ld\u0131\u011f\u0131nda bu ke\u015ffin ba\u015f\u0131na gelen nedir?Bilimsel ke\u015fifler ve dolay\u0131s\u0131yla bilimsel ihtilaflar politik, ideolojik, ekonomik fenomenlere nas\u0131l d\u00f6nu\u0308\u015fu\u0308rler?Ziya \u00d6zel bu\u0308yu\u0308k bir ka\u015fif mi yoksa \u201c\u015farlatan\u201d m\u0131?Bilimsel \u0130htilaflar, \u201czakkum ihtilaf\u0131\u201dn\u0131n analizinden hareketle bu tu\u0308r sorulara cevap ar\u0131yor. Ula\u015ft\u0131\u011f\u0131 mu\u0308tevaz\u0131 sonucu \u015fu cu\u0308mleyle \u00f6zetlemek mu\u0308mku\u0308n:\u201c\u015earlatanlar\u0131na, heretiklerine ya da amat\u00f6rlerine ya\u015fama hakk\u0131 tan\u0131mayan bir bilimsel komu\u0308nitede yenilik, geli\u015fme, de\u011fi\u015fme ve yarat\u0131c\u0131l\u0131k imk\u00e2ns\u0131zd\u0131r.\u201d<\/p>\n","protected":false},"excerpt":{"rendered":"<p>Senin ad\u0131n benim sa\u011falt\u0131m\u0131md\u0131r ey Tanr\u0131m,Seni hat\u0131rlamak benim \u00e7aremdir.Sana yak\u0131n olmak benim u\u0308midimdir.Sana duydu\u011fum sevgi benim refakat\u00e7imdir.Merhametin sa\u011falt\u0131m\u0131md\u0131r ve kurtar\u0131c\u0131md\u0131r,Hem bu du\u0308nyada hem \u00f6te du\u0308nyada.Senin sanat\u0131n<span class=\"excerpt-hellip\"> [\u2026]<\/span><\/p>\n","protected":false},"featured_media":0,"template":"","meta":{"_monsterinsights_skip_tracking":false,"_monsterinsights_sitenote_active":false,"_monsterinsights_sitenote_note":"","_monsterinsights_sitenote_category":0},"product_brand":[],"product_cat":[13005],"product_tag":[],"class_list":{"0":"post-758312","1":"product","2":"type-product","3":"status-publish","5":"product_cat-bilim-muhendislik","6":"pa_cilt-ciltsiz","7":"pa_tur-kitap","8":"pa_yayinevi-paradigma-yayinlari","9":"pa_yazar-mihriban-senses","11":"first","12":"instock","13":"sale","14":"shipping-taxable","15":"purchasable","16":"product-type-simple"},"_links":{"self":[{"href":"https:\/\/roveyayinevi.com.tr\/index.php\/wp-json\/wp\/v2\/product\/758312","targetHints":{"allow":["GET"]}}],"collection":[{"href":"https:\/\/roveyayinevi.com.tr\/index.php\/wp-json\/wp\/v2\/product"}],"about":[{"href":"https:\/\/roveyayinevi.com.tr\/index.php\/wp-json\/wp\/v2\/types\/product"}],"wp:attachment":[{"href":"https:\/\/roveyayinevi.com.tr\/index.php\/wp-json\/wp\/v2\/media?parent=758312"}],"wp:term":[{"taxonomy":"product_brand","embeddable":true,"href":"https:\/\/roveyayinevi.com.tr\/index.php\/wp-json\/wp\/v2\/product_brand?post=758312"},{"taxonomy":"product_cat","embeddable":true,"href":"https:\/\/roveyayinevi.com.tr\/index.php\/wp-json\/wp\/v2\/product_cat?post=758312"},{"taxonomy":"product_tag","embeddable":true,"href":"https:\/\/roveyayinevi.com.tr\/index.php\/wp-json\/wp\/v2\/product_tag?post=758312"}],"curies":[{"name":"wp","href":"https:\/\/api.w.org\/{rel}","templated":true}]}}