{"id":758310,"date":"2025-08-28T08:00:26","date_gmt":"2025-08-28T05:00:26","guid":{"rendered":"https:\/\/roveyayinevi.com.tr\/index.php\/urun\/enformasyon-savasindan-dezenformasyon-savasina\/"},"modified":"2026-04-16T03:11:21","modified_gmt":"2026-04-16T00:11:21","slug":"enformasyon-savasindan-dezenformasyon-savasina","status":"publish","type":"product","link":"https:\/\/roveyayinevi.com.tr\/index.php\/urun\/enformasyon-savasindan-dezenformasyon-savasina\/","title":{"rendered":"Enformasyon Sava\u015f\u0131ndan Dezenformasyon Sava\u015f\u0131na"},"content":{"rendered":"<p>Geli\u015fen teknoloji ve dijitalle\u015fme bilgiye ula\u015fmay\u0131 \u00e7ok kolayla\u015ft\u0131rd\u0131. Ancak bu kolayl\u0131k beraberinde ba\u015fka kavramlar\u0131 hayat\u0131m\u0131za soktu: Dezenformasyon, post-truth, manip\u00fclasyon, infobezite, mezenformasyon ve infodemi gibi kavramlar\u0131 daha s\u0131k duyar olduk.Gazete, dergi, televizyon ve filmlerin yan\u0131nda art\u0131k sosyal medya ve dijital medya platformlar\u0131 da bizim t\u00fcketim al\u0131\u015fkanl\u0131klar\u0131m\u0131z\u0131 de\u011fi\u015ftirmeye, siyasi tercihlerimizi y\u00f6nlendirmeye k\u0131saca b\u00fct\u00fcn hayat\u0131m\u0131z\u0131 \u015fekillendirmeye \u00e7al\u0131\u015f\u0131yorlar. B\u00fcy\u00fck k\u00fcresel \u015firketlerin ya da devletlerin kontrol\u00fc alt\u0131ndaki bu platformlar\u0131n talepleriyle ba\u015fa \u00e7\u0131kmak her zamankinden daha zor. Geni\u015f kitleleri etkilemek i\u00e7in b\u00fcy\u00fck bir yar\u0131\u015f s\u00fcrerken bu platformalar\u0131n kendi aralar\u0131ndaki k\u0131yas\u0131ya rekabet ve iktidar m\u00fccadelesi de devam ediyor.Elinizdeki kitap sosyal medyadan Hollywood\u2019a, Netflix\u2019ten Bat\u0131 medyas\u0131na, dijital diplomasiden yapay zekaya kadar maruz kald\u0131\u011f\u0131m\u0131z bilgi bombard\u0131man\u0131n\u0131 ele al\u0131yor. Analiz etti\u011fi veriler ve g\u00f6sterdi\u011fi \u00f6rneklerle bizleri uyan\u0131k olmaya davet ediyor. Her ne kadar bu, ak\u0131nt\u0131ya k\u00fcrek \u00e7ekmeye benzese de&#8230;Fahrettin Altun \u2022 \u0130smail \u00c7a\u011flar \u2022 O\u011fuzhan BilginMesut Aytekin \u2022 Enes Bayrakl\u0131 \u2022 \u015eeyma FilizO\u011fuz Ku\u015f \u2022 Metin Erol \u2022 Yunus Emre \u00d6kmenDerya G\u00fcl \u00dcnl\u00fc\u2022 \u0130smail Akdo\u011fan \u2022 Yusuf Ad\u0131g\u00fczel<\/p>\n","protected":false},"excerpt":{"rendered":"<p>Geli\u015fen teknoloji ve dijitalle\u015fme bilgiye ula\u015fmay\u0131 \u00e7ok kolayla\u015ft\u0131rd\u0131. Ancak bu kolayl\u0131k beraberinde ba\u015fka kavramlar\u0131 hayat\u0131m\u0131za soktu: Dezenformasyon, post-truth, manip\u00fclasyon, infobezite, mezenformasyon ve infodemi gibi kavramlar\u0131 daha<span class=\"excerpt-hellip\"> [\u2026]<\/span><\/p>\n","protected":false},"featured_media":0,"template":"","meta":{"_monsterinsights_skip_tracking":false,"_monsterinsights_sitenote_active":false,"_monsterinsights_sitenote_note":"","_monsterinsights_sitenote_category":0},"product_brand":[],"product_cat":[13488],"product_tag":[],"class_list":{"0":"post-758310","1":"product","2":"type-product","3":"status-publish","5":"product_cat-toplum-ve-insan","6":"pa_cilt-ciltsiz","7":"pa_tur-kitap","8":"pa_yayinevi-paradigma-yayinlari","9":"pa_yazar-paradigma-kollektif","11":"first","12":"instock","13":"sale","14":"shipping-taxable","15":"purchasable","16":"product-type-simple"},"_links":{"self":[{"href":"https:\/\/roveyayinevi.com.tr\/index.php\/wp-json\/wp\/v2\/product\/758310","targetHints":{"allow":["GET"]}}],"collection":[{"href":"https:\/\/roveyayinevi.com.tr\/index.php\/wp-json\/wp\/v2\/product"}],"about":[{"href":"https:\/\/roveyayinevi.com.tr\/index.php\/wp-json\/wp\/v2\/types\/product"}],"wp:attachment":[{"href":"https:\/\/roveyayinevi.com.tr\/index.php\/wp-json\/wp\/v2\/media?parent=758310"}],"wp:term":[{"taxonomy":"product_brand","embeddable":true,"href":"https:\/\/roveyayinevi.com.tr\/index.php\/wp-json\/wp\/v2\/product_brand?post=758310"},{"taxonomy":"product_cat","embeddable":true,"href":"https:\/\/roveyayinevi.com.tr\/index.php\/wp-json\/wp\/v2\/product_cat?post=758310"},{"taxonomy":"product_tag","embeddable":true,"href":"https:\/\/roveyayinevi.com.tr\/index.php\/wp-json\/wp\/v2\/product_tag?post=758310"}],"curies":[{"name":"wp","href":"https:\/\/api.w.org\/{rel}","templated":true}]}}