{"id":758309,"date":"2025-08-28T08:00:25","date_gmt":"2025-08-28T05:00:25","guid":{"rendered":"https:\/\/roveyayinevi.com.tr\/index.php\/urun\/ders-uzerine-ders\/"},"modified":"2026-04-16T03:11:21","modified_gmt":"2026-04-16T00:11:21","slug":"ders-uzerine-ders","status":"publish","type":"product","link":"https:\/\/roveyayinevi.com.tr\/index.php\/urun\/ders-uzerine-ders\/","title":{"rendered":"Ders \u00dczerine Ders"},"content":{"rendered":"<p>Pierre Bourdieu \u015f\u00fcphesiz 20. y\u00fczy\u0131l\u0131n \u00f6nde gelen d\u00fc\u015f\u00fcn\u00fcrlerinden biri. Fikir ve eserleri sosyal bilimler d\u00fcnyas\u0131nda bir\u00e7ok \u00e7al\u0131\u015fmaya ilham olmaya devam ediyor. Bourdieu\u2019n\u00fcn \u00e7al\u0131\u015fmalar\u0131 sosyal s\u0131n\u0131f, k\u00fclt\u00fcrel sermaye ve toplumsal e\u015fitsizli\u011fin yeniden \u00fcretilmesini anlamam\u0131z i\u00e7in olduk\u00e7a \u00f6nemli.Bourdieu\u2019n\u00fcn Coll\u00e8ge de France\u2019ta yapt\u0131\u011f\u0131 etkileyici a\u00e7\u0131l\u0131\u015f konu\u015fmas\u0131 hem kendi d\u00fc\u015f\u00fcnce d\u00fcnyas\u0131na hem de d\u00f6nemin tart\u0131\u015fmalar\u0131na dair kapsaml\u0131 bir \u00e7er\u00e7eve sunuyor. \u201cDers \u00dczerine Ders\u201d ba\u015fl\u0131\u011f\u0131yla kitapla\u015fan ve T\u00fcrk\u00e7ede ilk kez yay\u0131mlanan bu konu\u015fma, sosyal analizin karma\u015f\u0131kl\u0131\u011f\u0131n\u0131, stat\u00fckoyu \u015fekillendiren yap\u0131lar\u0131 ve sosyolo\u011fun sorumluluklar\u0131n\u0131 tart\u0131\u015fmaya a\u00e7\u0131yor.<\/p>\n","protected":false},"excerpt":{"rendered":"<p>Pierre Bourdieu \u015f\u00fcphesiz 20. y\u00fczy\u0131l\u0131n \u00f6nde gelen d\u00fc\u015f\u00fcn\u00fcrlerinden biri. Fikir ve eserleri sosyal bilimler d\u00fcnyas\u0131nda bir\u00e7ok \u00e7al\u0131\u015fmaya ilham olmaya devam ediyor. Bourdieu\u2019n\u00fcn \u00e7al\u0131\u015fmalar\u0131 sosyal s\u0131n\u0131f, k\u00fclt\u00fcrel<span class=\"excerpt-hellip\"> [\u2026]<\/span><\/p>\n","protected":false},"featured_media":0,"template":"","meta":{"_monsterinsights_skip_tracking":false,"_monsterinsights_sitenote_active":false,"_monsterinsights_sitenote_note":"","_monsterinsights_sitenote_category":0},"product_brand":[],"product_cat":[12388,13555],"product_tag":[],"class_list":{"0":"post-758309","1":"product","2":"type-product","3":"status-publish","5":"product_cat-felsefe","6":"product_cat-genel-felsefe","7":"pa_cilt-ciltsiz","8":"pa_tur-kitap","9":"pa_yayinevi-paradigma-yayinlari","10":"pa_yazar-pierre-bourdieu","12":"first","13":"instock","14":"sale","15":"shipping-taxable","16":"purchasable","17":"product-type-simple"},"_links":{"self":[{"href":"https:\/\/roveyayinevi.com.tr\/index.php\/wp-json\/wp\/v2\/product\/758309","targetHints":{"allow":["GET"]}}],"collection":[{"href":"https:\/\/roveyayinevi.com.tr\/index.php\/wp-json\/wp\/v2\/product"}],"about":[{"href":"https:\/\/roveyayinevi.com.tr\/index.php\/wp-json\/wp\/v2\/types\/product"}],"wp:attachment":[{"href":"https:\/\/roveyayinevi.com.tr\/index.php\/wp-json\/wp\/v2\/media?parent=758309"}],"wp:term":[{"taxonomy":"product_brand","embeddable":true,"href":"https:\/\/roveyayinevi.com.tr\/index.php\/wp-json\/wp\/v2\/product_brand?post=758309"},{"taxonomy":"product_cat","embeddable":true,"href":"https:\/\/roveyayinevi.com.tr\/index.php\/wp-json\/wp\/v2\/product_cat?post=758309"},{"taxonomy":"product_tag","embeddable":true,"href":"https:\/\/roveyayinevi.com.tr\/index.php\/wp-json\/wp\/v2\/product_tag?post=758309"}],"curies":[{"name":"wp","href":"https:\/\/api.w.org\/{rel}","templated":true}]}}