{"id":758307,"date":"2025-08-28T08:00:22","date_gmt":"2025-08-28T05:00:22","guid":{"rendered":"https:\/\/roveyayinevi.com.tr\/index.php\/urun\/jonturkler-jonkurtler-muhafazakarlar\/"},"modified":"2026-04-16T03:11:21","modified_gmt":"2026-04-16T00:11:21","slug":"jonturkler-jonkurtler-muhafazakarlar","status":"publish","type":"product","link":"https:\/\/roveyayinevi.com.tr\/index.php\/urun\/jonturkler-jonkurtler-muhafazakarlar\/","title":{"rendered":"J\u00f6nt\u00fcrkler J\u00f6nk\u00fcrtler Muhafazak\u00e2rlar"},"content":{"rendered":"<p>Aforizmatik bir \u00fcsluba ve metafora ba\u015fvuran H\u00fcsamettin Arslan, pop\u00fcler entelekt\u00fcel k\u00fclt\u00fcr\u00fcm\u00fcz\u00fcn ge\u00e7er ak\u00e7eleriyle hesapla\u015f\u0131rken okurlar\u0131n\u0131 her daim sorumlu olmaya, \u201cmesul\u201d olmaya davet eder: bedeninden, ruhundan ve eylemlerinden, dostlar\u0131ndan ve d\u00fc\u015fmanlar\u0131ndan, sevgisinden ve nefretinden, kom\u015fusundan ve ba\u015fka insanlardan ve her \u015feyden \u00f6nemlisi \u201c\u00f6zg\u00fcrl\u00fc\u011f\u00fcnden\u201d sorumlu olmaya\u2026J\u00f6nt\u00fcrkler J\u00f6nk\u00fcrtler Muhafazak\u00e2rlar kitab\u0131 H\u00fcsamettin Arslan\u2019\u0131n iktidar, otantisite, dil, muhafazak\u00e2rl\u0131k, etnisite, elitler, sek\u00fcler ament\u00fcler ve etnik milliyet\u00e7ilik ba\u011flam\u0131nda T\u00fcrkiye\u2019nin s\u0131cak g\u00fcndemiyle ilgili yaz\u0131lar\u0131n\u0131 i\u00e7eriyor. Yazar\u0131n entelekt\u00fcel babalar\u0131n\u0131 da belirgin k\u0131lan kitap, J\u00f6nt\u00fcrklerin otantik T\u00fcrkiyeli halklar i\u00e7in ifade etti\u011fi anlamla J\u00f6nk\u00fcrtlerin ifade etti\u011finin ayn\u0131 oldu\u011funu ustal\u0131kla g\u00f6zler \u00f6n\u00fcne seriyor. Bu a\u00e7\u0131dan bak\u0131ld\u0131\u011f\u0131nda, Arslan\u2019\u0131n metinleri okurlar\u0131n\u0131 entelekt\u00fceller, ideolojiler \u00e7er\u00e7evesinde T\u00fcrkiye\u2019nin sorunlar\u0131 ve d\u00f6n\u00fc\u015f\u00fcm s\u00fcre\u00e7leri \u00fczerine d\u00fc\u015f\u00fcnmeye davet ediyor. Son kertede \u201cYazmak okura bor\u00e7lanmak; okumak yazara bor\u00e7lanmakt\u0131r.\u201d Hi\u00e7 \u015f\u00fcphesiz eserin alt ba\u015fl\u0131\u011f\u0131ndaki \u201cme\u00e7hul okur\u201d ifadesi ilham\u0131n\u0131 \u201cme\u00e7hul asker\u201d den al\u0131yor; fakat yine de \u201cmiliter\u201d bir terim de\u011fil; zira kitab\u0131n yazar\u0131 d\u00e2hil, her okur me\u00e7hul okurdur.<\/p>\n","protected":false},"excerpt":{"rendered":"<p>Aforizmatik bir \u00fcsluba ve metafora ba\u015fvuran H\u00fcsamettin Arslan, pop\u00fcler entelekt\u00fcel k\u00fclt\u00fcr\u00fcm\u00fcz\u00fcn ge\u00e7er ak\u00e7eleriyle hesapla\u015f\u0131rken okurlar\u0131n\u0131 her daim sorumlu olmaya, \u201cmesul\u201d olmaya davet eder: bedeninden, ruhundan ve<span class=\"excerpt-hellip\"> [\u2026]<\/span><\/p>\n","protected":false},"featured_media":0,"template":"","meta":{"_monsterinsights_skip_tracking":false,"_monsterinsights_sitenote_active":false,"_monsterinsights_sitenote_note":"","_monsterinsights_sitenote_category":0},"product_brand":[],"product_cat":[12337],"product_tag":[],"class_list":{"0":"post-758307","1":"product","2":"type-product","3":"status-publish","5":"product_cat-politika-siyaset","6":"pa_cilt-ciltsiz","7":"pa_tur-kitap","8":"pa_yayinevi-paradigma-yayinlari","9":"pa_yazar-husamettin-arslan","11":"first","12":"instock","13":"sale","14":"shipping-taxable","15":"purchasable","16":"product-type-simple"},"_links":{"self":[{"href":"https:\/\/roveyayinevi.com.tr\/index.php\/wp-json\/wp\/v2\/product\/758307","targetHints":{"allow":["GET"]}}],"collection":[{"href":"https:\/\/roveyayinevi.com.tr\/index.php\/wp-json\/wp\/v2\/product"}],"about":[{"href":"https:\/\/roveyayinevi.com.tr\/index.php\/wp-json\/wp\/v2\/types\/product"}],"wp:attachment":[{"href":"https:\/\/roveyayinevi.com.tr\/index.php\/wp-json\/wp\/v2\/media?parent=758307"}],"wp:term":[{"taxonomy":"product_brand","embeddable":true,"href":"https:\/\/roveyayinevi.com.tr\/index.php\/wp-json\/wp\/v2\/product_brand?post=758307"},{"taxonomy":"product_cat","embeddable":true,"href":"https:\/\/roveyayinevi.com.tr\/index.php\/wp-json\/wp\/v2\/product_cat?post=758307"},{"taxonomy":"product_tag","embeddable":true,"href":"https:\/\/roveyayinevi.com.tr\/index.php\/wp-json\/wp\/v2\/product_tag?post=758307"}],"curies":[{"name":"wp","href":"https:\/\/api.w.org\/{rel}","templated":true}]}}