{"id":758305,"date":"2025-08-28T08:00:20","date_gmt":"2025-08-28T05:00:20","guid":{"rendered":"https:\/\/roveyayinevi.com.tr\/index.php\/urun\/din-devlet-tarih\/"},"modified":"2026-04-16T03:11:21","modified_gmt":"2026-04-16T00:11:21","slug":"din-devlet-tarih","status":"publish","type":"product","link":"https:\/\/roveyayinevi.com.tr\/index.php\/urun\/din-devlet-tarih\/","title":{"rendered":"Din, Devlet, Tarih"},"content":{"rendered":"<p>B\u00fcy\u00fck idealist filozof Georg Wilhelm Friedrich Hegel, ortaya koydu\u011fu fikir ve eserlerle g\u00fcn\u00fcm\u00fcz d\u00fcnyas\u0131n\u0131 anlamak i\u00e7in hala vazge\u00e7ilmez bir isimdir. Tarih, devlet, uluslararas\u0131 ili\u015fkiler ve din gibi alanlarda yapt\u0131\u011f\u0131 \u00f6nemli \u00e7al\u0131\u015fmalar\u0131n k\u0131ymetini ge\u00e7en uzun seneler azaltamam\u0131\u015ft\u0131r.Hegel i\u00e7in tarih, devlet ve uluslararas\u0131 ili\u015fkilerin asl\u00ee kurucu unsuru dindir. Din olgusu bilinmeden Hegel felsefesini anlamak m\u00fcmk\u00fcn de\u011fildir. Din, devlet, tarih ve uluslararas\u0131 ili\u015fkiler gibi \u00f6\u011feleri bir zincirin halkalar\u0131 \u015feklinde g\u00f6rmesi nedeniyle Hegel\u2019in d\u0131\u015f siyaset felsefesi birlik merkezlidir. Hegel i\u00e7in birlik olmadan felsefe eksiktir. Ayr\u0131ca Hegel felsefesi idealist olmas\u0131na ra\u011fmen uluslararas\u0131 ili\u015fkiler teorileri ba\u011flam\u0131nda \u00fctopist de\u011fil, realisttir. Bu y\u00f6n\u00fcyle Hegel\u2019de d\u0131\u015f siyaset felsefesi idealizm-realizm b\u00fct\u00fcnl\u00fc\u011f\u00fcne ula\u015f\u0131r.Ne d\u00fc\u015f\u00fcnsel ve metodik boyutta ne de politik anlamda Hegel asla g\u00fcncelli\u011fini yitirmemi\u015ftir. Bug\u00fcn dahi felsefe Hegelsiz anla\u015f\u0131lamamaktad\u0131r. Adorno, Luk\u00e1cs, Heidegger, Bloch, Sartre, Foucault, Habermas ve daha bir\u00e7ok d\u00fc\u015f\u00fcn\u00fcr Hegel okumu\u015ftur ve okumaya devam etmektedir. Hegel\u2019i bilmemek, son d\u00f6nem siyaset ve siyaset felsefesini tam anlam\u0131yla kavrayamamakt\u0131r. Dolay\u0131s\u0131yla Hegel\u2019in anla\u015f\u0131lamamas\u0131, i\u00e7inde ya\u015fad\u0131\u011f\u0131m\u0131z modern d\u00fcnyan\u0131n anla\u015f\u0131lamamas\u0131 demektir.<\/p>\n","protected":false},"excerpt":{"rendered":"<p>B\u00fcy\u00fck idealist filozof Georg Wilhelm Friedrich Hegel, ortaya koydu\u011fu fikir ve eserlerle g\u00fcn\u00fcm\u00fcz d\u00fcnyas\u0131n\u0131 anlamak i\u00e7in hala vazge\u00e7ilmez bir isimdir. Tarih, devlet, uluslararas\u0131 ili\u015fkiler ve din<span class=\"excerpt-hellip\"> [\u2026]<\/span><\/p>\n","protected":false},"featured_media":0,"template":"","meta":{"_monsterinsights_skip_tracking":false,"_monsterinsights_sitenote_active":false,"_monsterinsights_sitenote_note":"","_monsterinsights_sitenote_category":0},"product_brand":[],"product_cat":[12388],"product_tag":[],"class_list":{"0":"post-758305","1":"product","2":"type-product","3":"status-publish","5":"product_cat-felsefe","6":"pa_cilt-ciltsiz","7":"pa_tur-kitap","8":"pa_yayinevi-paradigma-yayinlari","9":"pa_yazar-ceyhan-isik","11":"first","12":"instock","13":"sale","14":"shipping-taxable","15":"purchasable","16":"product-type-simple"},"_links":{"self":[{"href":"https:\/\/roveyayinevi.com.tr\/index.php\/wp-json\/wp\/v2\/product\/758305","targetHints":{"allow":["GET"]}}],"collection":[{"href":"https:\/\/roveyayinevi.com.tr\/index.php\/wp-json\/wp\/v2\/product"}],"about":[{"href":"https:\/\/roveyayinevi.com.tr\/index.php\/wp-json\/wp\/v2\/types\/product"}],"wp:attachment":[{"href":"https:\/\/roveyayinevi.com.tr\/index.php\/wp-json\/wp\/v2\/media?parent=758305"}],"wp:term":[{"taxonomy":"product_brand","embeddable":true,"href":"https:\/\/roveyayinevi.com.tr\/index.php\/wp-json\/wp\/v2\/product_brand?post=758305"},{"taxonomy":"product_cat","embeddable":true,"href":"https:\/\/roveyayinevi.com.tr\/index.php\/wp-json\/wp\/v2\/product_cat?post=758305"},{"taxonomy":"product_tag","embeddable":true,"href":"https:\/\/roveyayinevi.com.tr\/index.php\/wp-json\/wp\/v2\/product_tag?post=758305"}],"curies":[{"name":"wp","href":"https:\/\/api.w.org\/{rel}","templated":true}]}}