{"id":758304,"date":"2025-08-28T08:00:19","date_gmt":"2025-08-28T05:00:19","guid":{"rendered":"https:\/\/roveyayinevi.com.tr\/index.php\/urun\/eric-voegelin-insanlik-dramasi\/"},"modified":"2026-04-16T03:11:21","modified_gmt":"2026-04-16T00:11:21","slug":"eric-voegelin-insanlik-dramasi","status":"publish","type":"product","link":"https:\/\/roveyayinevi.com.tr\/index.php\/urun\/eric-voegelin-insanlik-dramasi\/","title":{"rendered":"Eric Voegelin \u0130nsanl\u0131k Dramas\u0131"},"content":{"rendered":"<p>Bu \u00e7al\u0131\u015fma, 20. y\u00fczy\u0131l\u0131n \u00f6nemli d\u00fc\u015f\u00fcn\u00fcrlerinden biri olmas\u0131na ra\u011fmen \u00e7a\u011fda\u015flar\u0131n\u0131n \u00e7o\u011funa nispetle \u00fclkemizde neredeyse hi\u00e7 tan\u0131nmayan bir Alman filozofun, Eric Voegelin\u2019in (1901-1985) politika teorisini, moderniteye yapt\u0131\u011f\u0131 ele\u015ftiri \u00e7er\u00e7evesinde ele al\u0131yor.Ge\u00e7ti\u011fimiz y\u00fczy\u0131l\u0131n en tart\u0131\u015fmal\u0131 filozoflar\u0131ndan biri olan Voegelin, \u201ca\u015fk\u0131n tecr\u00fcbe\u201dyi politik teorinin d\u0131\u015f\u0131nda b\u0131rakan yahut hi\u00e7e sayan modern politika teorilerini radikal bir tarzda ele\u015ftirir. Onun politika teorisi, politik eylemde bulunan insan\u0131n, varl\u0131\u011f\u0131n\u0131n asli \u201ctemeli\u201dyle tekrar bulu\u015fmas\u0131n\u0131, moralite ile politikay\u0131 bir arada d\u00fc\u015f\u00fcnebilmemizi ve ideoloji ile politikay\u0131 birbirinden ay\u0131rabilmeyi sa\u011flayacak temel felsefi kriterleri ke\u015ffetmemizi m\u00fcmk\u00fcn k\u0131lar. Hepsinden \u00f6nemlisi, Voegelin, politika teorisinde, modern d\u00f6nemde kaybedilmi\u015f olan \u201cortakl\u0131\u011f\u0131n\u201d, \u201cpolitik, moral ve spirit\u00fcel ortakl\u0131\u011f\u0131n\u201d felsefi ve sosyolojik varolma ko\u015fullar\u0131n\u0131 g\u00f6zler \u00f6n\u00fcne serer. Bu ortakl\u0131k insan\u0131n \u201ctemel\u201d tecr\u00fcbesiyle, \u201canlam\u201d aray\u0131\u015f\u0131yla ili\u015fkilidir; \u201ctemel\u201d tecr\u00fcbesinin kayb\u0131, \u201cortakl\u0131\u011f\u0131n\u201d kayb\u0131 demektir.Voegelin \u00fczerine T\u00fcrk\u00e7edeki ilk \u00e7al\u0131\u015fma olmas\u0131 dolay\u0131s\u0131yla bu \u00e7al\u0131\u015fma \u00f6ncelikle \u201cVoegelin kimdir ve politika teorisini olu\u015fturan temel d\u00fc\u015f\u00fcnceler nelerdir?\u201d sorular\u0131ndan hareketle yaz\u0131lm\u0131\u015ft\u0131r. Di\u011fer taraftan, \u201ctarih teorisi\/felsefesi\u201d niteli\u011fi de ta\u015f\u0131yan politika teorisi eksenindeki geni\u015f \u00e7apl\u0131 felsefi, teolojik ve tarihsel soru\u015fturmas\u0131n\u0131n \u201cgenel\u201d bir panoramas\u0131n\u0131 da sunmaktad\u0131r.<\/p>\n","protected":false},"excerpt":{"rendered":"<p>Bu \u00e7al\u0131\u015fma, 20. y\u00fczy\u0131l\u0131n \u00f6nemli d\u00fc\u015f\u00fcn\u00fcrlerinden biri olmas\u0131na ra\u011fmen \u00e7a\u011fda\u015flar\u0131n\u0131n \u00e7o\u011funa nispetle \u00fclkemizde neredeyse hi\u00e7 tan\u0131nmayan bir Alman filozofun, Eric Voegelin\u2019in (1901-1985) politika teorisini, moderniteye yapt\u0131\u011f\u0131<span class=\"excerpt-hellip\"> [\u2026]<\/span><\/p>\n","protected":false},"featured_media":0,"template":"","meta":{"_monsterinsights_skip_tracking":false,"_monsterinsights_sitenote_active":false,"_monsterinsights_sitenote_note":"","_monsterinsights_sitenote_category":0},"product_brand":[],"product_cat":[12337],"product_tag":[],"class_list":{"0":"post-758304","1":"product","2":"type-product","3":"status-publish","5":"product_cat-politika-siyaset","6":"pa_cilt-ciltsiz","7":"pa_tur-kitap","8":"pa_yayinevi-paradigma-yayinlari","9":"pa_yazar-bengul-gungormez","11":"first","12":"instock","13":"sale","14":"shipping-taxable","15":"purchasable","16":"product-type-simple"},"_links":{"self":[{"href":"https:\/\/roveyayinevi.com.tr\/index.php\/wp-json\/wp\/v2\/product\/758304","targetHints":{"allow":["GET"]}}],"collection":[{"href":"https:\/\/roveyayinevi.com.tr\/index.php\/wp-json\/wp\/v2\/product"}],"about":[{"href":"https:\/\/roveyayinevi.com.tr\/index.php\/wp-json\/wp\/v2\/types\/product"}],"wp:attachment":[{"href":"https:\/\/roveyayinevi.com.tr\/index.php\/wp-json\/wp\/v2\/media?parent=758304"}],"wp:term":[{"taxonomy":"product_brand","embeddable":true,"href":"https:\/\/roveyayinevi.com.tr\/index.php\/wp-json\/wp\/v2\/product_brand?post=758304"},{"taxonomy":"product_cat","embeddable":true,"href":"https:\/\/roveyayinevi.com.tr\/index.php\/wp-json\/wp\/v2\/product_cat?post=758304"},{"taxonomy":"product_tag","embeddable":true,"href":"https:\/\/roveyayinevi.com.tr\/index.php\/wp-json\/wp\/v2\/product_tag?post=758304"}],"curies":[{"name":"wp","href":"https:\/\/api.w.org\/{rel}","templated":true}]}}