{"id":758303,"date":"2025-08-28T08:00:18","date_gmt":"2025-08-28T05:00:18","guid":{"rendered":"https:\/\/roveyayinevi.com.tr\/index.php\/urun\/epistemik-cemaat\/"},"modified":"2026-04-16T03:11:21","modified_gmt":"2026-04-16T00:11:21","slug":"epistemik-cemaat","status":"publish","type":"product","link":"https:\/\/roveyayinevi.com.tr\/index.php\/urun\/epistemik-cemaat\/","title":{"rendered":"Epistemik Cemaat"},"content":{"rendered":"<p>T\u00fcrkiye\u2019de on dokuzuncu y\u00fczy\u0131l\u0131n ba\u015f\u0131ndan bu yana bir entelekt\u00fcel veya epistemik kirlenme, bu epistemik kirlenmenin yol a\u00e7t\u0131\u011f\u0131 bir epistemik karga\u015fa veya epistemik bunal\u0131m ya\u015fanmaktad\u0131r. Entelekt\u00fcel hayat\u0131m\u0131za fizyonomisini arma\u011fan eden temel fenomen bu epistemik bunal\u0131md\u0131r. Kald\u0131 ki en deh\u015fet verici al\u00e7alma entelekt\u00fcel al\u00e7almad\u0131r. Bununla birlikte bilim denilen devasa kurumun sosyolojik a\u00e7\u0131dan nas\u0131l ele al\u0131nabilece\u011fi, bilime \u00fclkemizden nas\u0131l bak\u0131lmas\u0131 gerekti\u011fi ve bu bak\u0131\u015f a\u00e7\u0131s\u0131yla ele al\u0131nd\u0131\u011f\u0131nda \u00fclkemizin ve toplumumuzun pay\u0131na d\u00fc\u015fenin ne oldu\u011fu gibi esasl\u0131 sorular \u00fczerinde pek duruldu\u011fu s\u00f6ylenemez.\u00dclkemizde bilim sosyolojisi disiplininde yap\u0131lan ilk \u00e7al\u0131\u015fma olan Epistemik Cemaat, genelde \u201cbilgi sosyolojisi\u201d, \u00f6zelde bilgi sosyolojisinin bir alt-dal\u0131 olarak do\u011fan \u201cbilim sosyolojisi\u201d veya \u201cbilimsel bilginin sosyolojisi\u201d disiplini \u00e7er\u00e7evesi i\u00e7inde bir denemedir. Daha genel bir s\u00f6yleyi\u015fle, bir entelekt\u00fceller sosyolojisi incelemesidir. Kitab\u0131n sat\u0131r aralar\u0131ndan, T\u00fcrkiye\u2019deki egemen bilime bak\u0131\u015f a\u00e7\u0131s\u0131n\u0131n veya egemen bilim ideolojisinin ya da daha anlaml\u0131 bir s\u00f6yleyi\u015fle \u201cortodoksi\u201dnin ele\u015ftirisi oldu\u011fu kolayca anla\u015f\u0131labilir.Antipozitivist bir entelekt\u00fcel tutumu yans\u0131tan Epistemik Cemaat, son kertede bir giri\u015f, bir ba\u015flang\u0131\u00e7 ve bir haz\u0131rl\u0131kt\u0131r. Cevab\u0131n\u0131 vermek istedi\u011fi temel sorular \u015funlard\u0131r: Bilim ve bilimsel bilgi nedir; bilimsel bilgi nas\u0131l in\u015fa edilmekte ve nas\u0131l me\u015frula\u015ft\u0131r\u0131lmaktad\u0131r? Kim nerede, ne zaman, hangi epistemik cemaate ba\u011fl\u0131? Kitap, entelekt\u00fcel tarihimizi a\u00e7\u0131klamakta bize k\u0131lavuzluk edebilecek bu sorular\u0131 bihakk\u0131n d\u00fc\u015f\u00fcnmek a\u00e7\u0131s\u0131ndan \u00f6nemli bir \u00e7al\u0131\u015fma.<\/p>\n","protected":false},"excerpt":{"rendered":"<p>T\u00fcrkiye\u2019de on dokuzuncu y\u00fczy\u0131l\u0131n ba\u015f\u0131ndan bu yana bir entelekt\u00fcel veya epistemik kirlenme, bu epistemik kirlenmenin yol a\u00e7t\u0131\u011f\u0131 bir epistemik karga\u015fa veya epistemik bunal\u0131m ya\u015fanmaktad\u0131r. Entelekt\u00fcel hayat\u0131m\u0131za<span class=\"excerpt-hellip\"> [\u2026]<\/span><\/p>\n","protected":false},"featured_media":0,"template":"","meta":{"_monsterinsights_skip_tracking":false,"_monsterinsights_sitenote_active":false,"_monsterinsights_sitenote_note":"","_monsterinsights_sitenote_category":0},"product_brand":[],"product_cat":[13488],"product_tag":[],"class_list":{"0":"post-758303","1":"product","2":"type-product","3":"status-publish","5":"product_cat-toplum-ve-insan","6":"pa_cilt-ciltsiz","7":"pa_tur-kitap","8":"pa_yayinevi-paradigma-yayinlari","9":"pa_yazar-husamettin-arslan","11":"first","12":"instock","13":"sale","14":"shipping-taxable","15":"purchasable","16":"product-type-simple"},"_links":{"self":[{"href":"https:\/\/roveyayinevi.com.tr\/index.php\/wp-json\/wp\/v2\/product\/758303","targetHints":{"allow":["GET"]}}],"collection":[{"href":"https:\/\/roveyayinevi.com.tr\/index.php\/wp-json\/wp\/v2\/product"}],"about":[{"href":"https:\/\/roveyayinevi.com.tr\/index.php\/wp-json\/wp\/v2\/types\/product"}],"wp:attachment":[{"href":"https:\/\/roveyayinevi.com.tr\/index.php\/wp-json\/wp\/v2\/media?parent=758303"}],"wp:term":[{"taxonomy":"product_brand","embeddable":true,"href":"https:\/\/roveyayinevi.com.tr\/index.php\/wp-json\/wp\/v2\/product_brand?post=758303"},{"taxonomy":"product_cat","embeddable":true,"href":"https:\/\/roveyayinevi.com.tr\/index.php\/wp-json\/wp\/v2\/product_cat?post=758303"},{"taxonomy":"product_tag","embeddable":true,"href":"https:\/\/roveyayinevi.com.tr\/index.php\/wp-json\/wp\/v2\/product_tag?post=758303"}],"curies":[{"name":"wp","href":"https:\/\/api.w.org\/{rel}","templated":true}]}}