{"id":758302,"date":"2025-08-28T08:00:17","date_gmt":"2025-08-28T05:00:17","guid":{"rendered":"https:\/\/roveyayinevi.com.tr\/index.php\/urun\/istikrarlastirici-guc-turkiye\/"},"modified":"2026-04-16T03:11:21","modified_gmt":"2026-04-16T00:11:21","slug":"istikrarlastirici-guc-turkiye","status":"publish","type":"product","link":"https:\/\/roveyayinevi.com.tr\/index.php\/urun\/istikrarlastirici-guc-turkiye\/","title":{"rendered":"\u0130stikrarla\u015ft\u0131r\u0131c\u0131 G\u00fc\u00e7 T\u00fcrkiye"},"content":{"rendered":"<p>ABD\u2019nin Irak ve Afganistan\u2019\u0131 i\u015fgali, Suriye ba\u015fta olmak \u00fczere Arap Bahar\u0131 sonras\u0131 i\u00e7 sava\u015f sarmal\u0131na giren b\u00f6lge \u00fclkeleri, Do\u011fu Akdeniz\u2019deki m\u00fccadele, sava\u015f ve k\u0131tl\u0131k gibi nedenlerle yerlerinden ayr\u0131lmak zorunda kalan milyonlarca insan ve salg\u0131n kar\u015f\u0131s\u0131nda aciz kalan b\u00fcy\u00fck g\u00fc\u00e7ler\u2026Yak\u0131n tarihte \u015fahit oldu\u011fumuz bu olaylar b\u00fcy\u00fck trajedilere yol a\u00e7t\u0131. Bar\u0131\u015f ve adalet sa\u011flamas\u0131 beklenen uluslararas\u0131 sistem bu ve benzeri krizlere cevap veremedi. Ortaya \u00e7\u0131kan s\u0131k\u0131nt\u0131lar T\u00fcrkiye\u2019yi de yak\u0131ndan etkiledi.B\u00fct\u00fcn bunlara ra\u011fmen Cumhurba\u015fkan\u0131 Erdo\u011fan\u2019\u0131n tecr\u00fcbesi ve liderli\u011fiyle T\u00fcrkiye\u2019nin kapasitesi birle\u015fince sadece b\u00f6lgesel de\u011fil k\u00fcresel \u00f6l\u00e7ekte de bir\u00e7ok mesele b\u00fcy\u00fck maliyetler ortaya \u00e7\u0131kmadan \u00e7\u00f6z\u00fcld\u00fc. Suriye\u2019de yerlerinden edilen milyonlar\u0131n hayat\u0131n\u0131n kurtar\u0131lmas\u0131ndan \u0130ran\u2019la n\u00fckleer m\u00fczakerelere, Rusya-Ukrayna sava\u015f\u0131ndaki ate\u015fkes \u00e7abalar\u0131ndan salg\u0131n s\u0131ras\u0131nda yard\u0131m ula\u015ft\u0131r\u0131lan \u00fclkelere kadar pek \u00e7ok konuda T\u00fcrkiye\u2019nin att\u0131\u011f\u0131 ad\u0131mlar b\u00fct\u00fcn d\u00fcnyan\u0131n takdirini toplad\u0131.Akt\u00f6rler ve co\u011frafyalar farkl\u0131la\u015fsa da T\u00fcrkiye\u2019nin bar\u0131\u015f ve istikrar i\u00e7in g\u00f6sterdi\u011fi gayret de\u011fi\u015fmiyor. \u0130stikrarla\u015ft\u0131r\u0131c\u0131 G\u00fc\u00e7 T\u00fcrkiye yak\u0131n d\u00f6nemde ya\u015fanan krizlerin \u00e7\u00f6z\u00fcm\u00fc i\u00e7in T\u00fcrkiye\u2019nin ortaya koydu\u011fu \u00e7abay\u0131 ele al\u0131yor.<\/p>\n","protected":false},"excerpt":{"rendered":"<p>ABD\u2019nin Irak ve Afganistan\u2019\u0131 i\u015fgali, Suriye ba\u015fta olmak \u00fczere Arap Bahar\u0131 sonras\u0131 i\u00e7 sava\u015f sarmal\u0131na giren b\u00f6lge \u00fclkeleri, Do\u011fu Akdeniz\u2019deki m\u00fccadele, sava\u015f ve k\u0131tl\u0131k gibi nedenlerle<span class=\"excerpt-hellip\"> [\u2026]<\/span><\/p>\n","protected":false},"featured_media":0,"template":"","meta":{"_monsterinsights_skip_tracking":false,"_monsterinsights_sitenote_active":false,"_monsterinsights_sitenote_note":"","_monsterinsights_sitenote_category":0},"product_brand":[],"product_cat":[12337],"product_tag":[],"class_list":{"0":"post-758302","1":"product","2":"type-product","3":"status-publish","5":"product_cat-politika-siyaset","6":"pa_cilt-ciltsiz","7":"pa_tur-kitap","8":"pa_yayinevi-paradigma-yayinlari","9":"pa_yazar-fahrettin-altun","11":"first","12":"instock","13":"sale","14":"shipping-taxable","15":"purchasable","16":"product-type-simple"},"_links":{"self":[{"href":"https:\/\/roveyayinevi.com.tr\/index.php\/wp-json\/wp\/v2\/product\/758302","targetHints":{"allow":["GET"]}}],"collection":[{"href":"https:\/\/roveyayinevi.com.tr\/index.php\/wp-json\/wp\/v2\/product"}],"about":[{"href":"https:\/\/roveyayinevi.com.tr\/index.php\/wp-json\/wp\/v2\/types\/product"}],"wp:attachment":[{"href":"https:\/\/roveyayinevi.com.tr\/index.php\/wp-json\/wp\/v2\/media?parent=758302"}],"wp:term":[{"taxonomy":"product_brand","embeddable":true,"href":"https:\/\/roveyayinevi.com.tr\/index.php\/wp-json\/wp\/v2\/product_brand?post=758302"},{"taxonomy":"product_cat","embeddable":true,"href":"https:\/\/roveyayinevi.com.tr\/index.php\/wp-json\/wp\/v2\/product_cat?post=758302"},{"taxonomy":"product_tag","embeddable":true,"href":"https:\/\/roveyayinevi.com.tr\/index.php\/wp-json\/wp\/v2\/product_tag?post=758302"}],"curies":[{"name":"wp","href":"https:\/\/api.w.org\/{rel}","templated":true}]}}