{"id":758299,"date":"2025-08-28T08:00:13","date_gmt":"2025-08-28T05:00:13","guid":{"rendered":"https:\/\/roveyayinevi.com.tr\/index.php\/urun\/heidegger-moderniteyle-hesaplasma-teknoloji-politika-sanat\/"},"modified":"2026-04-16T03:11:21","modified_gmt":"2026-04-16T00:11:21","slug":"heidegger-moderniteyle-hesaplasma-teknoloji-politika-sanat","status":"publish","type":"product","link":"https:\/\/roveyayinevi.com.tr\/index.php\/urun\/heidegger-moderniteyle-hesaplasma-teknoloji-politika-sanat\/","title":{"rendered":"Heidegger Moderniteyle Hesapla\u015fma &#8211; Teknoloji-Politika-Sanat"},"content":{"rendered":"<p>Heidegger: Moderniteyle Hesapla\u015fma \/ Teknoloji, Politika, Sanat\u2019a k\u0131lavuzluk eden fikir, Martin Heidegger\u2019in teknoloji anlay\u0131\u015f\u0131 ile Nasyonal Sosyalizm\u2019le ili\u015fkisi ve Nasyonal Sosyalizm anlay\u0131\u015f\u0131. Zimmerman, Heidegger\u2019in modern teknoloji yorumunun reaksiyoner politik g\u00f6r\u00fc\u015flerinden do\u011fdu\u011funu ileri s\u00fcr\u00fcyor; Heidegger\u2019e g\u00f6re modernite ve end\u00fcstriyelizm Bat\u0131\u2019n\u0131n \u00e7\u00f6k\u00fc\u015f\u00fcn\u00fcn tezah\u00fcrleridir. Modern teknolojinin \u00f6z\u00fc, teknik bilgi ya da ayg\u0131t de\u011fil, \u015feyleri \u00f6zel bir if\u015fa tarz\u0131, \u015feyleri daha fazla g\u00fc\u00e7 aray\u0131\u015f\u0131n\u0131 takviye i\u00e7in gerekli ham madde olarak if\u015fa tarz\u0131d\u0131r.Kitab\u0131n birinci k\u0131sm\u0131, Heidegger\u2019in modern teknoloji ele\u015ftirisini Almanya\u2019n\u0131n 1920\u2019ler ve 1930\u2019lardaki sosyal, ekonomik, politik ve k\u00fclt\u00fcrel kontekstinde temellendiriyor. Heidegger\u2019in prod\u00fcksiyonist metafizik anlay\u0131\u015f\u0131 ile Nasyonal Sosyalizm\u2019le ili\u015fkisi aras\u0131ndaki ba\u011f olarak Ernst J\u00fcnger\u2019in yaz\u0131lar\u0131na \u00f6zel bir vurgu yap\u0131yor. \u0130kinci k\u0131s\u0131m, Heidegger\u2019in prod\u00fcksiyonist metafizi\u011fin kaynaklar\u0131, sonu\u00e7lar\u0131 ve ona m\u00fcmk\u00fcn alternatifler hakk\u0131ndaki g\u00f6r\u00fc\u015flerinin izini s\u00fcr\u00fcyor. Zimmerman bu k\u0131s\u0131mda Heidegger\u2019in otantik \u00e7al\u0131\u015fma\/i\u015f ve \u00fcretim modunu, i\u015fin bir sanat formuna d\u00f6n\u00fc\u015ft\u00fcr\u00fclmesi \u00e7er\u00e7evesinde kavrama giri\u015fiminin analizini yap\u0131yor. Kitab\u0131n sonu\u00e7 k\u0131sm\u0131, Heidegger\u2019in teknoloji ele\u015ftirisinin \u00e7a\u011fda\u015f d\u00fcnya ile ilgisini kuruyor.Yaln\u0131zca teknoloji \u00e7a\u011f\u0131n\u0131n \u00f6n kabullerini, risklerini ve \u00f6nc\u00fcllerini sorgulayarak insanl\u0131k bu \u00e7a\u011f\u0131n a\u00e7t\u0131\u011f\u0131 tehlikeli ve \u015fa\u015f\u0131rt\u0131c\u0131 imk\u00e2nlar i\u00e7inde ya\u015faman\u0131n otantik tarzlar\u0131n\u0131 ke\u015ffetmeyi umabilir.Heidegger: Moderniteyle Hesapla\u015fma, Zimmerman\u2019\u0131n a\u00e7\u0131k, ak\u0131c\u0131 ve kolay anla\u015f\u0131labilir \u00fcslubunu ayn\u0131 a\u00e7\u0131kl\u0131k, ak\u0131c\u0131l\u0131k ve anla\u015f\u0131labilirlikle okuruna sunuyor. \u00c7ok az metin Heidegger\u2019in \u201c\u00e7etin\u201d dilini bu kadar anla\u015f\u0131labilir \u015fekilde takdim edebilir.\u201cZimmerman, Heidegger\u2019in teknoloji hakk\u0131ndaki g\u00f6r\u00fc\u015flerinin ve Nasyonal Sosyalizm\u2019le ili\u015fkisinin reddedilemeyecek \u00f6l\u00e7\u00fcde makul ve sa\u011fduyulu bir yorumunu yap\u0131yor. Son zamanlarda Heidegger hakk\u0131nda kaleme al\u0131nm\u0131\u015f en \u00f6nemli kitaplardan biri.\u201dJohn D. Caputo<\/p>\n","protected":false},"excerpt":{"rendered":"<p>Heidegger: Moderniteyle Hesapla\u015fma \/ Teknoloji, Politika, Sanat\u2019a k\u0131lavuzluk eden fikir, Martin Heidegger\u2019in teknoloji anlay\u0131\u015f\u0131 ile Nasyonal Sosyalizm\u2019le ili\u015fkisi ve Nasyonal Sosyalizm anlay\u0131\u015f\u0131. Zimmerman, Heidegger\u2019in modern teknoloji<span class=\"excerpt-hellip\"> [\u2026]<\/span><\/p>\n","protected":false},"featured_media":0,"template":"","meta":{"_monsterinsights_skip_tracking":false,"_monsterinsights_sitenote_active":false,"_monsterinsights_sitenote_note":"","_monsterinsights_sitenote_category":0},"product_brand":[],"product_cat":[12388,15309],"product_tag":[],"class_list":{"0":"post-758299","1":"product","2":"type-product","3":"status-publish","5":"product_cat-felsefe","6":"product_cat-felsefi-akimlar","7":"pa_cilt-ciltsiz","8":"pa_tur-kitap","9":"pa_yayinevi-paradigma-yayinlari","10":"pa_yazar-michael-e-zimmerman","12":"first","13":"instock","14":"sale","15":"shipping-taxable","16":"purchasable","17":"product-type-simple"},"_links":{"self":[{"href":"https:\/\/roveyayinevi.com.tr\/index.php\/wp-json\/wp\/v2\/product\/758299","targetHints":{"allow":["GET"]}}],"collection":[{"href":"https:\/\/roveyayinevi.com.tr\/index.php\/wp-json\/wp\/v2\/product"}],"about":[{"href":"https:\/\/roveyayinevi.com.tr\/index.php\/wp-json\/wp\/v2\/types\/product"}],"wp:attachment":[{"href":"https:\/\/roveyayinevi.com.tr\/index.php\/wp-json\/wp\/v2\/media?parent=758299"}],"wp:term":[{"taxonomy":"product_brand","embeddable":true,"href":"https:\/\/roveyayinevi.com.tr\/index.php\/wp-json\/wp\/v2\/product_brand?post=758299"},{"taxonomy":"product_cat","embeddable":true,"href":"https:\/\/roveyayinevi.com.tr\/index.php\/wp-json\/wp\/v2\/product_cat?post=758299"},{"taxonomy":"product_tag","embeddable":true,"href":"https:\/\/roveyayinevi.com.tr\/index.php\/wp-json\/wp\/v2\/product_tag?post=758299"}],"curies":[{"name":"wp","href":"https:\/\/api.w.org\/{rel}","templated":true}]}}