{"id":758298,"date":"2025-08-28T08:00:12","date_gmt":"2025-08-28T05:00:12","guid":{"rendered":"https:\/\/roveyayinevi.com.tr\/index.php\/urun\/sosyolojik-dusunce-gelenegi\/"},"modified":"2026-04-16T03:11:21","modified_gmt":"2026-04-16T00:11:21","slug":"sosyolojik-dusunce-gelenegi","status":"publish","type":"product","link":"https:\/\/roveyayinevi.com.tr\/index.php\/urun\/sosyolojik-dusunce-gelenegi\/","title":{"rendered":"Sosyolojik D\u00fc\u015f\u00fcnce Gelene\u011fi"},"content":{"rendered":"<p>Robert Nisbet\u2019in elinizdeki metni genelde bir d\u00fc\u015f\u00fcnce tarihi, \u00f6zelde bir sosyoloji tarihi, yani sosyal d\u00fc\u015f\u00fcncenin tarihi kitab\u0131d\u0131r. Sosyolojik D\u00fc\u015f\u00fcnce Gelene\u011fi\u2019nde Nisbet, \u201csosyolojinin alt\u0131n \u00e7a\u011f\u0131\u201d diye nitelendirdi\u011fi \u00e7a\u011f\u0131 (1830-1900), on dokuzuncu y\u00fczy\u0131l\u0131n sosyal filozoflar\u0131n\u0131n \u015fu be\u015f b\u00fcy\u00fck temas\u0131n\u0131n ana hatlar\u0131n\u0131 \u00e7izerek ele al\u0131yor: cemaat, otorite, stat\u00fc, kutsal ve yabanc\u0131la\u015fma. Bu kitapta, Avrupa\u2019n\u0131n sosyoloji miras\u0131n\u0131; Tocqueville, Comte, Marx, Durkheim, Weber, T\u00f6nnies, Le Play ve Simmel gibi kurucu \u015fahsiyetlerin tezlerini kar\u015f\u0131la\u015ft\u0131rmal\u0131 olarak bulacaks\u0131n\u0131z.Paradigma Yay\u0131nlar\u0131, Nisbet\u2019in bu kitab\u0131n\u0131 \u00fcniversitelerimizdeki sosyoloji m\u00fcfredat\u0131na, \u00f6\u011frencilere, sosyolojiye ve d\u00fc\u015f\u00fcnce tarihine ilgi duyan profesyonel okurlara gururla ve entelekt\u00fcel d\u00fcnyam\u0131zda hak etti\u011fi kar\u015f\u0131l\u0131\u011f\u0131 bulaca\u011f\u0131 inanc\u0131yla takdim ediyor. Sosyolojik D\u00fc\u015f\u00fcnce Gelene\u011fi \u201cs\u0131radan\u201d bir metin de\u011fil, sosyolojinin ya da sosyal d\u00fc\u015f\u00fcncenin k\u00f6klerinin ve kaynaklar\u0131n\u0131n a\u00e7\u0131k ve derin analizidir. O bir sosyoloji klasi\u011fidir.Mevcut literat\u00fcrde, sosyolojinin muhafazak\u00e2r gelenekten intikal eden miras\u0131n\u0131 bize [bu kitaptan] daha iyi izah edecek ba\u015fka bir kitap bulmak neredeyse ihtimal d\u0131\u015f\u0131d\u0131r.Alasdair MacIntyreBerrak bir \u00fcslupla kaleme al\u0131nm\u0131\u015f bu g\u00f6z al\u0131c\u0131 kitap, sosyolojinin bir t\u00fcredi disiplin; modern d\u00fcnyan\u0131n b\u00fcy\u00fck entelekt\u00fcel ak\u0131mlar\u0131yla alakas\u0131z ve onlara yabanc\u0131 bir disiplin oldu\u011fu yolundaki h\u00e2l\u00e2 egemen fikre saplan\u0131p kalanlara bunun b\u00f6yle olmad\u0131\u011f\u0131n\u0131 g\u00f6steriyor.Lewis A. CoserBu derin ve ak\u0131c\u0131 k\u0131lavuz metin, sosyal d\u00fc\u015f\u00fcncenin sosyoloji gelene\u011findeki k\u00f6klerini ve sosyolojinin merkez\u00ee kavramlar\u0131n\u0131n zaman\u0131n s\u0131nav\u0131ndan ge\u00e7me nedenlerini, kendisinden \u00f6nce bu konuda yaz\u0131lm\u0131\u015f herhangi bir kitaptan \u00e7ok daha a\u00e7\u0131k \u015fekilde g\u00f6zler \u00f6n\u00fcne seriyor.Times Literary Supplement<\/p>\n","protected":false},"excerpt":{"rendered":"<p>Robert Nisbet\u2019in elinizdeki metni genelde bir d\u00fc\u015f\u00fcnce tarihi, \u00f6zelde bir sosyoloji tarihi, yani sosyal d\u00fc\u015f\u00fcncenin tarihi kitab\u0131d\u0131r. Sosyolojik D\u00fc\u015f\u00fcnce Gelene\u011fi\u2019nde Nisbet, \u201csosyolojinin alt\u0131n \u00e7a\u011f\u0131\u201d diye nitelendirdi\u011fi<span class=\"excerpt-hellip\"> [\u2026]<\/span><\/p>\n","protected":false},"featured_media":0,"template":"","meta":{"_monsterinsights_skip_tracking":false,"_monsterinsights_sitenote_active":false,"_monsterinsights_sitenote_note":"","_monsterinsights_sitenote_category":0},"product_brand":[],"product_cat":[13488],"product_tag":[],"class_list":{"0":"post-758298","1":"product","2":"type-product","3":"status-publish","5":"product_cat-toplum-ve-insan","6":"pa_cilt-ciltsiz","7":"pa_tur-kitap","8":"pa_yayinevi-paradigma-yayinlari","9":"pa_yazar-robert-nisbet","11":"first","12":"instock","13":"sale","14":"shipping-taxable","15":"purchasable","16":"product-type-simple"},"_links":{"self":[{"href":"https:\/\/roveyayinevi.com.tr\/index.php\/wp-json\/wp\/v2\/product\/758298","targetHints":{"allow":["GET"]}}],"collection":[{"href":"https:\/\/roveyayinevi.com.tr\/index.php\/wp-json\/wp\/v2\/product"}],"about":[{"href":"https:\/\/roveyayinevi.com.tr\/index.php\/wp-json\/wp\/v2\/types\/product"}],"wp:attachment":[{"href":"https:\/\/roveyayinevi.com.tr\/index.php\/wp-json\/wp\/v2\/media?parent=758298"}],"wp:term":[{"taxonomy":"product_brand","embeddable":true,"href":"https:\/\/roveyayinevi.com.tr\/index.php\/wp-json\/wp\/v2\/product_brand?post=758298"},{"taxonomy":"product_cat","embeddable":true,"href":"https:\/\/roveyayinevi.com.tr\/index.php\/wp-json\/wp\/v2\/product_cat?post=758298"},{"taxonomy":"product_tag","embeddable":true,"href":"https:\/\/roveyayinevi.com.tr\/index.php\/wp-json\/wp\/v2\/product_tag?post=758298"}],"curies":[{"name":"wp","href":"https:\/\/api.w.org\/{rel}","templated":true}]}}