{"id":758297,"date":"2025-08-28T08:00:11","date_gmt":"2025-08-28T05:00:11","guid":{"rendered":"https:\/\/roveyayinevi.com.tr\/index.php\/urun\/insanin-yazgisi\/"},"modified":"2026-04-16T03:11:21","modified_gmt":"2026-04-16T00:11:21","slug":"insanin-yazgisi","status":"publish","type":"product","link":"https:\/\/roveyayinevi.com.tr\/index.php\/urun\/insanin-yazgisi\/","title":{"rendered":"\u0130nsan\u0131n Yazg\u0131s\u0131"},"content":{"rendered":"<p>Baz\u0131 eserleri art\u0131k klasik stat\u00fcs\u00fc kazanm\u0131\u015f olan b\u00fcy\u00fck Rus d\u00fc\u015f\u00fcn\u00fcr\u00fc Nikolay Berdyaev (1874-1948) \u00f6zellikle tarih ve toplum felsefesi, felsefi antropoloji, ontoloji ve etik alanlar\u0131nda yo\u011funla\u015fm\u0131\u015f \u00e7ok y\u00f6nl\u00fc ve interdisipliner bir filozof. \u0130nsan\u0131n Yazg\u0131s\u0131, Berdyaev\u2019in felsefesini, d\u00fcnya g\u00f6r\u00fc\u015f\u00fcn\u00fc, ilgilerini ve mesaj\u0131n\u0131 bir b\u00fct\u00fcn olarak yans\u0131tan zengin ve g\u00f6rkemli bir kitap. Berdyaev, felsefenin as\u0131l konusunun \u201cvarl\u0131k\u201d ve \u201cinsan\u201d oldu\u011funu vurgular. \u015eu halde hakiki felsefe ontolojiye ula\u015fmal\u0131d\u0131r; do\u011fa bilimlerinin ve hakikati ikiye b\u00f6len d\u00fcalizmin boyunduru\u011funa girmi\u015f, rasyonalistik, dogmatik veya r\u00f6lativistik epistemolojiye de\u011fil. \u2018Geisteswissenschaften\u2019 olarak felsefe \u201chikmet\u201dtir, hikmet aray\u0131\u015f\u0131d\u0131r; bilgi i\u00e7in bilgi de\u011fil. \u0130nsan\u0131n anlam\u0131 ve yazg\u0131s\u0131, felsefi antropolojinin ba\u015fl\u0131ca meselesidir ve bu da bizi ka\u00e7\u0131n\u0131lmaz olarak \u2018etik\u2019e g\u00f6t\u00fcr\u00fcr. \u0130nsan, terimin en derin ve en geni\u015f anlam\u0131yla etik bir varl\u0131kt\u0131r. B\u00fct\u00fcn b\u00fcy\u00fck d\u00fc\u015f\u00fcn\u00fcrler, do\u011frudan ya da dolayl\u0131, etikle ve insan\u0131n yazg\u0131s\u0131 problemiyle ilgilenmi\u015flerdir. Bu ba\u011flamda Berdyaev etik sistemleri\/anlay\u0131\u015flar\u0131 \u00fc\u00e7 kategoride toplar: Yasa eti\u011fi, kurulu\u015f eti\u011fi ve yarat\u0131c\u0131l\u0131k\/\u00f6zg\u00fcrl\u00fck eti\u011fi. \u201cAhlaki bilin\u00e7, Tanr\u0131\u2019n\u0131n \u015fu sorusuyla ba\u015flam\u0131\u015ft\u0131r: \u2018Kabil, karde\u015fin Habil nerede?\u2019 ve \u015fu soruyla sona erecektir: \u2018Habil, karde\u015fin Kabil nerede?\u2019\u201d (Berdyaev)<\/p>\n","protected":false},"excerpt":{"rendered":"<p>Baz\u0131 eserleri art\u0131k klasik stat\u00fcs\u00fc kazanm\u0131\u015f olan b\u00fcy\u00fck Rus d\u00fc\u015f\u00fcn\u00fcr\u00fc Nikolay Berdyaev (1874-1948) \u00f6zellikle tarih ve toplum felsefesi, felsefi antropoloji, ontoloji ve etik alanlar\u0131nda yo\u011funla\u015fm\u0131\u015f \u00e7ok<span class=\"excerpt-hellip\"> [\u2026]<\/span><\/p>\n","protected":false},"featured_media":0,"template":"","meta":{"_monsterinsights_skip_tracking":false,"_monsterinsights_sitenote_active":false,"_monsterinsights_sitenote_note":"","_monsterinsights_sitenote_category":0},"product_brand":[],"product_cat":[15319,12388],"product_tag":[],"class_list":{"0":"post-758297","1":"product","2":"type-product","3":"status-publish","5":"product_cat-etik","6":"product_cat-felsefe","7":"pa_cilt-ciltsiz","8":"pa_tur-kitap","9":"pa_yayinevi-paradigma-yayinlari","10":"pa_yazar-nikolay-aleksandrovic-berdyaev","12":"first","13":"instock","14":"sale","15":"shipping-taxable","16":"purchasable","17":"product-type-simple"},"_links":{"self":[{"href":"https:\/\/roveyayinevi.com.tr\/index.php\/wp-json\/wp\/v2\/product\/758297","targetHints":{"allow":["GET"]}}],"collection":[{"href":"https:\/\/roveyayinevi.com.tr\/index.php\/wp-json\/wp\/v2\/product"}],"about":[{"href":"https:\/\/roveyayinevi.com.tr\/index.php\/wp-json\/wp\/v2\/types\/product"}],"wp:attachment":[{"href":"https:\/\/roveyayinevi.com.tr\/index.php\/wp-json\/wp\/v2\/media?parent=758297"}],"wp:term":[{"taxonomy":"product_brand","embeddable":true,"href":"https:\/\/roveyayinevi.com.tr\/index.php\/wp-json\/wp\/v2\/product_brand?post=758297"},{"taxonomy":"product_cat","embeddable":true,"href":"https:\/\/roveyayinevi.com.tr\/index.php\/wp-json\/wp\/v2\/product_cat?post=758297"},{"taxonomy":"product_tag","embeddable":true,"href":"https:\/\/roveyayinevi.com.tr\/index.php\/wp-json\/wp\/v2\/product_tag?post=758297"}],"curies":[{"name":"wp","href":"https:\/\/api.w.org\/{rel}","templated":true}]}}