{"id":758294,"date":"2025-08-28T08:00:07","date_gmt":"2025-08-28T05:00:07","guid":{"rendered":"https:\/\/roveyayinevi.com.tr\/index.php\/urun\/heidegger-ontoteoloji-teknoloji-ve-egitim-politikalari\/"},"modified":"2026-04-16T03:11:21","modified_gmt":"2026-04-16T00:11:21","slug":"heidegger-ontoteoloji-teknoloji-ve-egitim-politikalari","status":"publish","type":"product","link":"https:\/\/roveyayinevi.com.tr\/index.php\/urun\/heidegger-ontoteoloji-teknoloji-ve-egitim-politikalari\/","title":{"rendered":"Heidegger\/Ontoteoloji &#8211; Teknoloji ve E\u011fitim Politikalar\u0131"},"content":{"rendered":"<p>T\u00fcrk\u00e7edeki \u00e7ok az kitap Heidegger\u2019in ontoloji ile teoloji aras\u0131ndaki ili\u015fkisini bu kadar a\u00e7\u0131k ve anla\u015f\u0131labilir tarzda ortaya koyuyor; T\u00fcrk\u00e7edeki \u00e7ok az kitap Heidegger\u2019in teknoloji ve \u00fcniversite ele\u015ftirisini b\u00f6ylesine ikna edici bir tarzda g\u00f6zler \u00f6n\u00fcne seriyor. Vukuf y\u00fckl\u00fc, i\u00e7ten, ufuk a\u00e7\u0131c\u0131 ve Heidegger\u2019e empatik. Heidegger\u2019i ve Heidegger etraf\u0131nda kopan g\u00fcr\u00fclt\u00fcy\u00fc iyi bir anlama f\u0131rsat\u0131. B\u00f6yle bir kitab\u0131 okurunun entelekt\u00fcel menziline ta\u015f\u0131m\u0131\u015f olmak, Paradigma i\u00e7in bir iftihar vesilesidir. \u201cHeidegger\/Ontoteoloji, Heidegger\u2019in felsefi tutumu ile politik tutumu aras\u0131ndaki ili\u015fkinin \u015fimdiye kadar yap\u0131lm\u0131\u015f en derin ve en ayd\u0131nlat\u0131c\u0131 yorumu. Thomson, Heidegger\u2019in politikaya angajman\u0131n\u0131n nas\u0131l felsefenin \u00fcniversitedeki rol\u00fcn\u00fc kavray\u0131\u015f\u0131ndan do\u011fdu\u011funu ve Heidegger\u2019in olgunluk d\u00f6nemi d\u00fc\u015f\u00fcncesindeki en \u00f6zg\u00fcn ve \u00f6nemli \u015feyin, bu trajik angajman\u0131n\u0131n sonucu olarak nas\u0131l ortaya \u00e7\u0131kt\u0131\u011f\u0131n\u0131 ikna edici bir tarzda g\u00f6zler \u00f6n\u00fcne seriyor.\u201d Hubert Dreyfus, University of California, Berkeley<\/p>\n","protected":false},"excerpt":{"rendered":"<p>T\u00fcrk\u00e7edeki \u00e7ok az kitap Heidegger\u2019in ontoloji ile teoloji aras\u0131ndaki ili\u015fkisini bu kadar a\u00e7\u0131k ve anla\u015f\u0131labilir tarzda ortaya koyuyor; T\u00fcrk\u00e7edeki \u00e7ok az kitap Heidegger\u2019in teknoloji ve \u00fcniversite<span class=\"excerpt-hellip\"> [\u2026]<\/span><\/p>\n","protected":false},"featured_media":0,"template":"","meta":{"_monsterinsights_skip_tracking":false,"_monsterinsights_sitenote_active":false,"_monsterinsights_sitenote_note":"","_monsterinsights_sitenote_category":0},"product_brand":[],"product_cat":[12388],"product_tag":[],"class_list":{"0":"post-758294","1":"product","2":"type-product","3":"status-publish","5":"product_cat-felsefe","6":"pa_cilt-ciltsiz","7":"pa_tur-kitap","8":"pa_yayinevi-paradigma-yayinlari","9":"pa_yazar-iain-d-thomson","11":"first","12":"instock","13":"sale","14":"shipping-taxable","15":"purchasable","16":"product-type-simple"},"_links":{"self":[{"href":"https:\/\/roveyayinevi.com.tr\/index.php\/wp-json\/wp\/v2\/product\/758294","targetHints":{"allow":["GET"]}}],"collection":[{"href":"https:\/\/roveyayinevi.com.tr\/index.php\/wp-json\/wp\/v2\/product"}],"about":[{"href":"https:\/\/roveyayinevi.com.tr\/index.php\/wp-json\/wp\/v2\/types\/product"}],"wp:attachment":[{"href":"https:\/\/roveyayinevi.com.tr\/index.php\/wp-json\/wp\/v2\/media?parent=758294"}],"wp:term":[{"taxonomy":"product_brand","embeddable":true,"href":"https:\/\/roveyayinevi.com.tr\/index.php\/wp-json\/wp\/v2\/product_brand?post=758294"},{"taxonomy":"product_cat","embeddable":true,"href":"https:\/\/roveyayinevi.com.tr\/index.php\/wp-json\/wp\/v2\/product_cat?post=758294"},{"taxonomy":"product_tag","embeddable":true,"href":"https:\/\/roveyayinevi.com.tr\/index.php\/wp-json\/wp\/v2\/product_tag?post=758294"}],"curies":[{"name":"wp","href":"https:\/\/api.w.org\/{rel}","templated":true}]}}