{"id":758292,"date":"2025-08-28T08:00:05","date_gmt":"2025-08-28T05:00:05","guid":{"rendered":"https:\/\/roveyayinevi.com.tr\/index.php\/urun\/kanser-savaslari-siyaset-kanser-hakkinda-bildiklerimizi-ve-bilmediklerimizi-nasil-sekillendiriyor\/"},"modified":"2026-04-16T03:11:21","modified_gmt":"2026-04-16T00:11:21","slug":"kanser-savaslari-siyaset-kanser-hakkinda-bildiklerimizi-ve-bilmediklerimizi-nasil-sekillendiriyor","status":"publish","type":"product","link":"https:\/\/roveyayinevi.com.tr\/index.php\/urun\/kanser-savaslari-siyaset-kanser-hakkinda-bildiklerimizi-ve-bilmediklerimizi-nasil-sekillendiriyor\/","title":{"rendered":"Kanser Sava\u015flar\u0131 &#8211; Siyaset Kanser Hakk\u0131nda Bildiklerimizi ve Bilmediklerimizi Nas\u0131l \u015eekillendiriyor?"},"content":{"rendered":"<p>Kanser Sava\u015flar\u0131\u2019n\u0131 okumak i\u00e7in 80 milyondan fazla neden var! -Susan Yoachum; San Francisco Examiner-Chronicle- Kanser ara\u015ft\u0131rma m\u00fcessesesi, as\u0131l problemin ara\u015ft\u0131rma fonlar\u0131n\u0131n eksikli\u011fi oldu\u011funa inanman\u0131z\u0131 ister. Bu bak\u0131\u015f a\u00e7\u0131s\u0131na g\u00f6re kanserin temel sebebi cehalettir. Bu y\u00fczden kanser denetiminin anahtar\u0131 &#8211; uyu\u015fuklu\u011fumuzu ortadan kald\u0131racak b\u00fcy\u00fck bir bilimsel at\u0131l\u0131m\u0131 olan &#8211; bilgidir. Fakat kanser hakk\u0131nda zaten \u00e7ok \u015fey biliyoruz. Sigaralar\u0131n ve asbestin kansere sebebiyet verdi\u011fini, fazla ya\u011fl\u0131, lif oran\u0131 d\u00fc\u015f\u00fck, \u00e7ok tuzlu g\u0131dalar\u0131 yemenin \u00e7ok sa\u011fl\u0131kl\u0131 olmad\u0131\u011f\u0131n\u0131 biliyoruz. Cildimizi g\u00fcne\u015fte yakman\u0131n ya da yiyeceklerimizi pestisit banyosu yapt\u0131rman\u0131n tehlikeli oldu\u011funu biliyoruz. \u0130ster temizledi\u011fimiz zeminlerden, ister hobilerimizden, isterse \u00e7al\u0131\u015fmalar\u0131m\u0131zda kulland\u0131\u011f\u0131m\u0131z malzemelerden gelsin akci\u011ferlerdeki tozun k\u00f6t\u00fc oldu\u011funu biliyoruz. D\u00fczenleme alt\u0131na al\u0131nmam\u0131\u015f end\u00fcstrinin kansere yol a\u00e7abilece\u011fini, kanserin k\u00f6t\u00fc al\u0131\u015fkanl\u0131klar\u0131n, k\u00f6t\u00fc y\u00f6ntemin, k\u00f6t\u00fc ticaretin, hatta belki k\u00f6t\u00fc bilimin \u00fcr\u00fcn\u00fc oldu\u011funu biliyoruz. Kanserle ilgili bilgiler az de\u011fil. Kanser politikas\u0131na yeniden y\u00f6n vermek i\u00e7in d\u00fc\u015f\u00fcnceli ve emin ad\u0131mlar at\u0131lmas\u0131 gerekiyor. Ba\u015fka bir deyi\u015fle sebeplerle ilgili bilgiler, ihtiya\u00e7 duyulan \u015feylerin sadece bir k\u0131sm\u0131n\u0131 olu\u015fturuyor. Sormazsan\u0131z \u00f6\u011frenemezsiniz, \u00f6\u011frenemezseniz yapamazs\u0131n\u0131z s\u00f6z\u00fc \u00e7o\u011fu zaman do\u011frudur. Ancak sorulmas\u0131 gereken soru sadece kansere neyin sebep oldu\u011fu de\u011fil, ayn\u0131 zamanda kanseri \u00f6nlemek i\u00e7in neler yap\u0131labilece\u011fidir. Her \u015feyin her zaman g\u00f6r\u00fcnd\u00fc\u011f\u00fc gibi olmad\u0131\u011f\u0131n\u0131 kabul etmeliyiz. Cehalet \u00fcretilebilir, ideolojik bo\u015fluklar bizi k\u00f6r edebilir, iyi haberler \u00e7o\u011fu zaman tarafl\u0131 olabilir, sebepler k\u00fclt\u00fcrel olabilir; faturay\u0131 bilim adamlar\u0131na kesmek, kanserle m\u00fccadele etmenin yollar\u0131ndan sadece biridir. Daha fazla ara\u015ft\u0131rma i\u00e7in bask\u0131 yapan eylemciler \u015fu soruyu sormal\u0131: Hangi sonuca hizmet eden ne t\u00fcr bilgi? Bildiklerimizi sormam\u0131z gerekiyor. Birinden di\u011ferine giden yolu temizleme \u00e7abam\u0131za ra\u011fmen sadece cehaletin bilgiyi nas\u0131l davet edebilece\u011fini de\u011fil, ayn\u0131 zamanda bilginin de cehalete nas\u0131l katlanabilece\u011fini anlamam\u0131z gerekiyor.<\/p>\n","protected":false},"excerpt":{"rendered":"<p>Kanser Sava\u015flar\u0131\u2019n\u0131 okumak i\u00e7in 80 milyondan fazla neden var! -Susan Yoachum; San Francisco Examiner-Chronicle- Kanser ara\u015ft\u0131rma m\u00fcessesesi, as\u0131l problemin ara\u015ft\u0131rma fonlar\u0131n\u0131n eksikli\u011fi oldu\u011funa inanman\u0131z\u0131 ister. Bu<span class=\"excerpt-hellip\"> [\u2026]<\/span><\/p>\n","protected":false},"featured_media":0,"template":"","meta":{"_monsterinsights_skip_tracking":false,"_monsterinsights_sitenote_active":false,"_monsterinsights_sitenote_note":"","_monsterinsights_sitenote_category":0},"product_brand":[],"product_cat":[13365],"product_tag":[],"class_list":{"0":"post-758292","1":"product","2":"type-product","3":"status-publish","5":"product_cat-saglik","6":"pa_cilt-ciltsiz","7":"pa_tur-kitap","8":"pa_yayinevi-paradigma-yayinlari","9":"pa_yazar-robert-n-proctor","11":"first","12":"instock","13":"sale","14":"shipping-taxable","15":"purchasable","16":"product-type-simple"},"_links":{"self":[{"href":"https:\/\/roveyayinevi.com.tr\/index.php\/wp-json\/wp\/v2\/product\/758292","targetHints":{"allow":["GET"]}}],"collection":[{"href":"https:\/\/roveyayinevi.com.tr\/index.php\/wp-json\/wp\/v2\/product"}],"about":[{"href":"https:\/\/roveyayinevi.com.tr\/index.php\/wp-json\/wp\/v2\/types\/product"}],"wp:attachment":[{"href":"https:\/\/roveyayinevi.com.tr\/index.php\/wp-json\/wp\/v2\/media?parent=758292"}],"wp:term":[{"taxonomy":"product_brand","embeddable":true,"href":"https:\/\/roveyayinevi.com.tr\/index.php\/wp-json\/wp\/v2\/product_brand?post=758292"},{"taxonomy":"product_cat","embeddable":true,"href":"https:\/\/roveyayinevi.com.tr\/index.php\/wp-json\/wp\/v2\/product_cat?post=758292"},{"taxonomy":"product_tag","embeddable":true,"href":"https:\/\/roveyayinevi.com.tr\/index.php\/wp-json\/wp\/v2\/product_tag?post=758292"}],"curies":[{"name":"wp","href":"https:\/\/api.w.org\/{rel}","templated":true}]}}