{"id":758290,"date":"2025-08-28T08:00:03","date_gmt":"2025-08-28T05:00:03","guid":{"rendered":"https:\/\/roveyayinevi.com.tr\/index.php\/urun\/din-sosyolojisi-el-kitabi\/"},"modified":"2026-04-16T03:11:21","modified_gmt":"2026-04-16T00:11:21","slug":"din-sosyolojisi-el-kitabi","status":"publish","type":"product","link":"https:\/\/roveyayinevi.com.tr\/index.php\/urun\/din-sosyolojisi-el-kitabi\/","title":{"rendered":"Din Sosyolojisi El Kitab\u0131"},"content":{"rendered":"<p>Din \u00e7a\u011fda\u015f sosyal hayat\u0131n anla\u015f\u0131lmas\u0131nda incelenmesi gereken temel realitelerden biridir. Elinizdeki editasyon metin din denilen realiteyi farkl\u0131 boyutlar\u0131yla ele alan yirmi sekiz makaleden olu\u015fuyor. Edit\u00f6r Michele Dillon bu yirmi sekiz makaleyi be\u015f ana k\u0131sma ay\u0131rarak tasnif ediyor: Sosyolojik Bilgi Alan\u0131 Olarak Din; Din ve Sosyal De\u011fi\u015fme; Din ve Hayat\u0131n Seyri; Din ve Sosyal Kimlik; Din, Politik Davran\u0131\u015f ve Kamu K\u00fclt\u00fcr\u00fc; Din ve Sosyo ekonomik E\u015fitsizlik. Metnin odakland\u0131\u011f\u0131 zaman ve konu \u00e7a\u011fda\u015f toplum ve \u00e7a\u011fda\u015f toplumda din. Metin ayr\u0131ca dine belli ba\u015fl\u0131 temel sosyolojik yakla\u015f\u0131mlar, modernite, sek\u00fclerle\u015fme, politika, feminizm, spirit\u00fcalite ve inanca dayal\u0131 cemaat eylemi gibi \u00e7a\u011fda\u015f akademisyenlerin ve \u00f6\u011frencilerin ilgisini \u00e7ekebilecek konular\u0131 da i\u00e7eriyor. Bu metinde makalesi bulunan akademisyenlerin \u00e7o\u011funa g\u00f6re modern d\u00f6nemde \u00e7ok reva\u00e7 bulan dine ili\u015fkin sek\u00fclerle\u015fme tezi art\u0131k savunulamaz; \u00e7\u00fcnk\u00fc sosyolojik din incelemeleri dinin g\u00fcn\u00fcm\u00fcz toplumlar\u0131nda da realite, bir ger\u00e7eklik ve belirleyici fenomen olarak varl\u0131\u011f\u0131n\u0131 korudu\u011funu g\u00f6steriyor. Ayd\u0131nlanma Projesinin \u201coptimist\u201d savunucular\u0131, dinin insan\u0131n korkular\u0131ndan oldu\u011fundan nerdeyse emindiler; onlara g\u00f6re modernle\u015fme sek\u00fclerle\u015fme demekti ve bir g\u00fcn insanl\u0131\u011f\u0131n art\u0131k dine ihtiyac\u0131 kalmayacakt\u0131 ve din ortadan kalkacakt\u0131. Elinizdeki bu kitap bu Ayd\u0131nlanma \u00fctopyas\u0131n\u0131n \u00e7\u00f6kt\u00fc\u011f\u00fcn\u00fc g\u00f6steren metinleri i\u00e7eriyor. T\u00fcrkiye\u2019de dine gelince; kabaca yetmi\u015f y\u0131ll\u0131k &#8220;Sek\u00fcler Cumhuriyet&#8221; r\u00fcyas\u0131 T\u00fcrkiye\u2019de art\u0131k savunulamaz g\u00f6r\u00fcn\u00fcyor; radikal cumhuriyet\u00e7ilerin \u00fctopyalar\u0131n\u0131n aksine din T\u00fcrkiye\u2019de hala etkili ve \u00e7ok etkili. Elinizdeki kitap okurun T\u00fcrkiye\u2019de dinle ilgili sorunlar\u0131na da \u0131\u015f\u0131k tutacak; Paradigma Yay\u0131nc\u0131l\u0131k Din Sosyolojisi El Kitab\u0131\u2019n\u0131 bu umutla yay\u0131nlad\u0131.<\/p>\n","protected":false},"excerpt":{"rendered":"<p>Din \u00e7a\u011fda\u015f sosyal hayat\u0131n anla\u015f\u0131lmas\u0131nda incelenmesi gereken temel realitelerden biridir. Elinizdeki editasyon metin din denilen realiteyi farkl\u0131 boyutlar\u0131yla ele alan yirmi sekiz makaleden olu\u015fuyor. Edit\u00f6r Michele<span class=\"excerpt-hellip\"> [\u2026]<\/span><\/p>\n","protected":false},"featured_media":0,"template":"","meta":{"_monsterinsights_skip_tracking":false,"_monsterinsights_sitenote_active":false,"_monsterinsights_sitenote_note":"","_monsterinsights_sitenote_category":0},"product_brand":[],"product_cat":[12324],"product_tag":[],"class_list":{"0":"post-758290","1":"product","2":"type-product","3":"status-publish","5":"product_cat-sosyoloji","6":"pa_cilt-ciltsiz","7":"pa_tur-kitap","8":"pa_yayinevi-paradigma-yayinlari","9":"pa_yazar-paradigma-kollektif","11":"first","12":"instock","13":"sale","14":"shipping-taxable","15":"purchasable","16":"product-type-simple"},"_links":{"self":[{"href":"https:\/\/roveyayinevi.com.tr\/index.php\/wp-json\/wp\/v2\/product\/758290","targetHints":{"allow":["GET"]}}],"collection":[{"href":"https:\/\/roveyayinevi.com.tr\/index.php\/wp-json\/wp\/v2\/product"}],"about":[{"href":"https:\/\/roveyayinevi.com.tr\/index.php\/wp-json\/wp\/v2\/types\/product"}],"wp:attachment":[{"href":"https:\/\/roveyayinevi.com.tr\/index.php\/wp-json\/wp\/v2\/media?parent=758290"}],"wp:term":[{"taxonomy":"product_brand","embeddable":true,"href":"https:\/\/roveyayinevi.com.tr\/index.php\/wp-json\/wp\/v2\/product_brand?post=758290"},{"taxonomy":"product_cat","embeddable":true,"href":"https:\/\/roveyayinevi.com.tr\/index.php\/wp-json\/wp\/v2\/product_cat?post=758290"},{"taxonomy":"product_tag","embeddable":true,"href":"https:\/\/roveyayinevi.com.tr\/index.php\/wp-json\/wp\/v2\/product_tag?post=758290"}],"curies":[{"name":"wp","href":"https:\/\/api.w.org\/{rel}","templated":true}]}}