{"id":758289,"date":"2025-08-28T08:00:02","date_gmt":"2025-08-28T05:00:02","guid":{"rendered":"https:\/\/roveyayinevi.com.tr\/index.php\/urun\/nefsani-isteklerin-kirilmasi\/"},"modified":"2026-04-16T03:11:21","modified_gmt":"2026-04-16T00:11:21","slug":"nefsani-isteklerin-kirilmasi","status":"publish","type":"product","link":"https:\/\/roveyayinevi.com.tr\/index.php\/urun\/nefsani-isteklerin-kirilmasi\/","title":{"rendered":"Nefsani \u0130steklerin K\u0131r\u0131lmas\u0131"},"content":{"rendered":"<p>&#8220;Mutedil bir tabiatta en efdal olan, midenin a\u011f\u0131rl\u0131\u011f\u0131n\u0131 hissetmeyecek ve a\u00e7l\u0131\u011f\u0131n elemini duymayacak kadar yemektir. Hatta ki\u015fi midesini unutmal\u0131 ve a\u00e7l\u0131k kendisine asla tesir etmemelidir. \u00c7\u00fcnk\u00fc yemekten gaye hayatta kalmak ve ibadet i\u00e7in g\u00fc\u00e7 kazanmakt\u0131r. Midenin a\u011f\u0131rl\u0131\u011f\u0131 ibadetten meneder. A\u00e7l\u0131k ac\u0131s\u0131 da kalbi me\u015fgul eder ve onu ibadetten men eder. \u00d6yleyse gaye ki\u015finin, meleklere benzemek i\u00e7in kendisinde yiyece\u011fin tesiri kalmayacak \u015fekilde yemesidir. \u00c7\u00fcnk\u00fc melekler yeme\u011fin a\u011f\u0131rl\u0131\u011f\u0131ndan ve a\u00e7l\u0131\u011f\u0131n eleminden mukaddestirler. \u0130nsan\u0131n gayesi meleklere uymakt\u0131r. \u0130nsan i\u00e7in a\u00e7l\u0131k ve tokluktan kurtulu\u015f s\u00f6z konusu olmad\u0131\u011f\u0131nda, bunlar\u0131n ikisinden en uzak durum orta yoldur. Bu da itidaldir.&#8221; H\u00fcccet\u00fc&#8217;l-\u0130sl\u00e2m \u0130mam Gazz\u00e2l\u00ee Hazretlerinin \u0130hy\u00e2 adl\u0131 eserinin M\u00fchlikat ba\u015fl\u0131\u011f\u0131n\u0131n \u00fc\u00e7\u00fcnc\u00fc k\u0131sm\u0131 olan bu kitap oburlu\u011fun ve cinsi \u015fehvetin afetlerinden bahsederek M\u00fcsl\u00fcmanlara s\u0131rat-\u0131 m\u00fcstakim ve itidali g\u00f6stermekte&#8230;<\/p>\n","protected":false},"excerpt":{"rendered":"<p>&#8220;Mutedil bir tabiatta en efdal olan, midenin a\u011f\u0131rl\u0131\u011f\u0131n\u0131 hissetmeyecek ve a\u00e7l\u0131\u011f\u0131n elemini duymayacak kadar yemektir. Hatta ki\u015fi midesini unutmal\u0131 ve a\u00e7l\u0131k kendisine asla tesir etmemelidir. \u00c7\u00fcnk\u00fc<span class=\"excerpt-hellip\"> [\u2026]<\/span><\/p>\n","protected":false},"featured_media":0,"template":"","meta":{"_monsterinsights_skip_tracking":false,"_monsterinsights_sitenote_active":false,"_monsterinsights_sitenote_note":"","_monsterinsights_sitenote_category":0},"product_brand":[],"product_cat":[12718,12719,15238],"product_tag":[],"class_list":{"0":"post-758289","1":"product","2":"type-product","3":"status-publish","5":"product_cat-din","6":"product_cat-islam","7":"product_cat-tasavvuf","8":"pa_cilt-ciltsiz","9":"pa_tur-kitap","10":"pa_yayinevi-sufi-kitap","11":"pa_yazar-imam-gazali","13":"first","14":"instock","15":"sale","16":"shipping-taxable","17":"purchasable","18":"product-type-simple"},"_links":{"self":[{"href":"https:\/\/roveyayinevi.com.tr\/index.php\/wp-json\/wp\/v2\/product\/758289","targetHints":{"allow":["GET"]}}],"collection":[{"href":"https:\/\/roveyayinevi.com.tr\/index.php\/wp-json\/wp\/v2\/product"}],"about":[{"href":"https:\/\/roveyayinevi.com.tr\/index.php\/wp-json\/wp\/v2\/types\/product"}],"wp:attachment":[{"href":"https:\/\/roveyayinevi.com.tr\/index.php\/wp-json\/wp\/v2\/media?parent=758289"}],"wp:term":[{"taxonomy":"product_brand","embeddable":true,"href":"https:\/\/roveyayinevi.com.tr\/index.php\/wp-json\/wp\/v2\/product_brand?post=758289"},{"taxonomy":"product_cat","embeddable":true,"href":"https:\/\/roveyayinevi.com.tr\/index.php\/wp-json\/wp\/v2\/product_cat?post=758289"},{"taxonomy":"product_tag","embeddable":true,"href":"https:\/\/roveyayinevi.com.tr\/index.php\/wp-json\/wp\/v2\/product_tag?post=758289"}],"curies":[{"name":"wp","href":"https:\/\/api.w.org\/{rel}","templated":true}]}}