{"id":758286,"date":"2025-08-28T07:59:58","date_gmt":"2025-08-28T04:59:58","guid":{"rendered":"https:\/\/roveyayinevi.com.tr\/index.php\/urun\/otag-iv-gazneli-mahmud\/"},"modified":"2026-04-16T03:11:21","modified_gmt":"2026-04-16T00:11:21","slug":"otag-iv-gazneli-mahmud","status":"publish","type":"product","link":"https:\/\/roveyayinevi.com.tr\/index.php\/urun\/otag-iv-gazneli-mahmud\/","title":{"rendered":"Ota\u011f IV: Gazneli Mahmud"},"content":{"rendered":"<p>\u201cYa \u0130lahi! \u0130sl\u00e2m dinine yard\u0131m etmek, \u0130sl\u00e2m\u2019\u0131n d\u00fc\u015fmanlar\u0131n\u0131 s\u00f6k\u00fcp atmak maksad\u0131yla her y\u0131l gaza i\u00e7in Hindistan\u2019a gitmeyi kendime farz k\u0131l\u0131yorum. Beni mansur ve muzaffer eyle. Niyetimi halis eyle!\u201dGazneli MahmudT\u00fcrk tarihinde vazge\u00e7ilmez bir yere sahip olan, \u00e7ok uluslu yap\u0131s\u0131yla imparatorluk h\u00fcviyeti ta\u015f\u0131yan, Orta Do\u011fu\u2019da Ehl-i S\u00fcnnet inanc\u0131n\u0131 tahkim eden Gazne Devleti\u2019nin efsanevi h\u00fck\u00fcmdar\u0131 Gazneli Mahmud (971-1030); kazand\u0131\u011f\u0131 zaferlerle, ki\u015fili\u011fiyle ve d\u00f6nemindeki sanat anlay\u0131\u015f\u0131yla okuyucunun kar\u015f\u0131s\u0131na \u00e7\u0131k\u0131yor! Osmanl\u0131 Devleti\u2019nin t\u00fcm safhalar\u0131n\u0131 KAYI serisi ile y\u00fcz binlere ula\u015ft\u0131ran Prof. Dr. Ahmet \u015eim\u015firgil, \u015fimdi ise \u0130sl\u00e2m d\u00fcnyas\u0131na y\u00f6n veren T\u00fcrk devletlerinin, liderlerinin ve \u00f6rnek \u015fahsiyetlerinin tarihini anlatmaya OTA\u011e serisinin 4. eseri ile devam ediyor.\u00b7         Gazneli Mahmud\u2019un babas\u0131ndan ald\u0131\u011f\u0131 tarih\u00ee miras ve zaferlerine etkisi\u2026\u00b7         17 Hint seferi ve \u0130sl\u00e2m\u2019\u0131 Hint topraklar\u0131nda tan\u0131t\u0131p yaymas\u0131\u2026\u00b7         \u0130ran\u2019da \u015eii B\u00fcveyho\u011fullar\u0131 ile m\u00fccadelesi ve ehl-i s\u00fcnneti h\u00e2kim k\u0131lma gayreti\u2026\u00b7         Tarihi\u0302 ve siyasi y\u00f6n\u00fcn\u00fcn yan\u0131 s\u0131ra m\u00fccadeleci ruhu\u2026\u00b7         Gazneli Mahmud ile Sel\u00e7uklu taht varisi Arslan Yabgu aras\u0131nda ge\u00e7en tarih\u00ee diyalog\u2026\u00b7         Horasan\u2019dan Mekke\u2019ye uzanan hac yolunun g\u00fcvenli\u011fi i\u00e7in g\u00f6sterdi\u011fi \u00e7aba\u2026\u00b7         E\u011fitime, \u015fairlere, adalete ve tasavvufa verdi\u011fi \u00f6nem\u2026\u00b7         Devletin ekonomisi i\u00e7in yapt\u0131klar\u0131 ve imar faaliyetleri\u2026\u00b7         Hayat\u0131 ve vefat\u0131ndaki ibretlik dersler\u2026OTA\u011e IV \u2013 Hindistan Fatihi: Gazneli Mahmud, isimli eserde, zorluklarla dolu bir ba\u015flang\u0131\u00e7tan koca bir imparatorlu\u011fa d\u00f6n\u00fc\u015fen Gaznelilerin s\u00fcr\u00fckleyici, merak uyand\u0131r\u0131c\u0131, ak\u0131lda kal\u0131c\u0131 tarihi yan\u0131nda \u201cSeyf\u00fcddevle\/Devletin k\u0131l\u0131c\u0131\u201d lakab\u0131n\u0131 ta\u015f\u0131yan bu b\u00fcy\u00fck hakan\u0131n soluksuz okuyaca\u011f\u0131n\u0131z destans\u0131 hayat\u0131 sizleri bekliyor\u2026<\/p>\n","protected":false},"excerpt":{"rendered":"<p>\u201cYa \u0130lahi! \u0130sl\u00e2m dinine yard\u0131m etmek, \u0130sl\u00e2m\u2019\u0131n d\u00fc\u015fmanlar\u0131n\u0131 s\u00f6k\u00fcp atmak maksad\u0131yla her y\u0131l gaza i\u00e7in Hindistan\u2019a gitmeyi kendime farz k\u0131l\u0131yorum. Beni mansur ve muzaffer eyle. Niyetimi<span class=\"excerpt-hellip\"> [\u2026]<\/span><\/p>\n","protected":false},"featured_media":0,"template":"","meta":{"_monsterinsights_skip_tracking":false,"_monsterinsights_sitenote_active":false,"_monsterinsights_sitenote_note":"","_monsterinsights_sitenote_category":0},"product_brand":[],"product_cat":[12304,13650],"product_tag":[],"class_list":{"0":"post-758286","1":"product","2":"type-product","3":"status-publish","5":"product_cat-tarih","6":"product_cat-turk-tarihi-arastirmalari","7":"pa_cilt-ciltsiz","8":"pa_tur-kitap","9":"pa_yayinevi-timas-yayinlari","10":"pa_yazar-ahmet-simsirgil","12":"first","13":"instock","14":"sale","15":"shipping-taxable","16":"purchasable","17":"product-type-simple"},"_links":{"self":[{"href":"https:\/\/roveyayinevi.com.tr\/index.php\/wp-json\/wp\/v2\/product\/758286","targetHints":{"allow":["GET"]}}],"collection":[{"href":"https:\/\/roveyayinevi.com.tr\/index.php\/wp-json\/wp\/v2\/product"}],"about":[{"href":"https:\/\/roveyayinevi.com.tr\/index.php\/wp-json\/wp\/v2\/types\/product"}],"wp:attachment":[{"href":"https:\/\/roveyayinevi.com.tr\/index.php\/wp-json\/wp\/v2\/media?parent=758286"}],"wp:term":[{"taxonomy":"product_brand","embeddable":true,"href":"https:\/\/roveyayinevi.com.tr\/index.php\/wp-json\/wp\/v2\/product_brand?post=758286"},{"taxonomy":"product_cat","embeddable":true,"href":"https:\/\/roveyayinevi.com.tr\/index.php\/wp-json\/wp\/v2\/product_cat?post=758286"},{"taxonomy":"product_tag","embeddable":true,"href":"https:\/\/roveyayinevi.com.tr\/index.php\/wp-json\/wp\/v2\/product_tag?post=758286"}],"curies":[{"name":"wp","href":"https:\/\/api.w.org\/{rel}","templated":true}]}}