{"id":758284,"date":"2025-08-28T07:59:55","date_gmt":"2025-08-28T04:59:55","guid":{"rendered":"https:\/\/roveyayinevi.com.tr\/index.php\/urun\/ve-gelecek-geldi\/"},"modified":"2026-04-16T03:11:21","modified_gmt":"2026-04-16T00:11:21","slug":"ve-gelecek-geldi","status":"publish","type":"product","link":"https:\/\/roveyayinevi.com.tr\/index.php\/urun\/ve-gelecek-geldi\/","title":{"rendered":"Ve Gelecek Geldi"},"content":{"rendered":"<p>Ayg\u0131tlar art\u0131k yaln\u0131zca etraf\u0131m\u0131zda de\u011fil; eylemlerimizde, d\u00fc\u015f\u00fcncelerimizde, bilincimizde ve ruhumuzda. Geldi\u011fimiz noktada kendi aleyhimize kullan\u0131lma kudreti olan me\u00e7hul ayg\u0131tlar\u0131 bizzat kendi ellerimizle b\u00fcy\u00fctt\u00fc\u011f\u00fcm\u00fcz\u00fc ve bunun kar\u015f\u0131s\u0131nda gittik\u00e7e k\u00fc\u00e7\u00fcld\u00fc\u011f\u00fcm\u00fcz\u00fc fark ediyoruz. Sahiden, fark ediyor muyuz? Peki ya her ge\u00e7en saniye katlanarak b\u00fcy\u00fcyen ve t\u00fcm\u00fcyle veriden m\u00fcte\u015fekkil bu ayg\u0131tla\u015fm\u0131\u015f k\u00fclt\u00fcr\u00fcn vakti geldi\u011finde sadece k\u00f6t\u00fcl\u00fck \u00fcretmeyece\u011finden emin olabilecek miyiz? \u00d6te yandan teknolojiye \u00f6nc\u00fcl\u00fck edenlerin \u201cinsan iradesine, \u00f6zg\u00fcrl\u00fc\u011f\u00fcne ve mahremiyetine ne olacak\u201d sorusu kar\u015f\u0131s\u0131nda sessiz kalmalar\u0131na ne demeli? Evet, gelecek geldi. Fakat h\u00e2l\u00e2 vakit var! <\/p>\n","protected":false},"excerpt":{"rendered":"<p>Ayg\u0131tlar art\u0131k yaln\u0131zca etraf\u0131m\u0131zda de\u011fil; eylemlerimizde, d\u00fc\u015f\u00fcncelerimizde, bilincimizde ve ruhumuzda. Geldi\u011fimiz noktada kendi aleyhimize kullan\u0131lma kudreti olan me\u00e7hul ayg\u0131tlar\u0131 bizzat kendi ellerimizle b\u00fcy\u00fctt\u00fc\u011f\u00fcm\u00fcz\u00fc ve bunun kar\u015f\u0131s\u0131nda<span class=\"excerpt-hellip\"> [\u2026]<\/span><\/p>\n","protected":false},"featured_media":0,"template":"","meta":{"_monsterinsights_skip_tracking":false,"_monsterinsights_sitenote_active":false,"_monsterinsights_sitenote_note":"","_monsterinsights_sitenote_category":0},"product_brand":[],"product_cat":[13072,12291],"product_tag":[],"class_list":{"0":"post-758284","1":"product","2":"type-product","3":"status-publish","5":"product_cat-arastirma-inceleme-referans","6":"product_cat-edebiyat","7":"pa_cilt-ciltsiz","8":"pa_tur-kitap","9":"pa_yayinevi-ketebe-yayinlari","10":"pa_yazar-sertac-timur-demir","12":"first","13":"instock","14":"sale","15":"shipping-taxable","16":"purchasable","17":"product-type-simple"},"_links":{"self":[{"href":"https:\/\/roveyayinevi.com.tr\/index.php\/wp-json\/wp\/v2\/product\/758284","targetHints":{"allow":["GET"]}}],"collection":[{"href":"https:\/\/roveyayinevi.com.tr\/index.php\/wp-json\/wp\/v2\/product"}],"about":[{"href":"https:\/\/roveyayinevi.com.tr\/index.php\/wp-json\/wp\/v2\/types\/product"}],"wp:attachment":[{"href":"https:\/\/roveyayinevi.com.tr\/index.php\/wp-json\/wp\/v2\/media?parent=758284"}],"wp:term":[{"taxonomy":"product_brand","embeddable":true,"href":"https:\/\/roveyayinevi.com.tr\/index.php\/wp-json\/wp\/v2\/product_brand?post=758284"},{"taxonomy":"product_cat","embeddable":true,"href":"https:\/\/roveyayinevi.com.tr\/index.php\/wp-json\/wp\/v2\/product_cat?post=758284"},{"taxonomy":"product_tag","embeddable":true,"href":"https:\/\/roveyayinevi.com.tr\/index.php\/wp-json\/wp\/v2\/product_tag?post=758284"}],"curies":[{"name":"wp","href":"https:\/\/api.w.org\/{rel}","templated":true}]}}