{"id":758280,"date":"2025-08-28T07:59:49","date_gmt":"2025-08-28T04:59:49","guid":{"rendered":"https:\/\/roveyayinevi.com.tr\/index.php\/urun\/kalbin-donusumu\/"},"modified":"2026-04-16T03:11:21","modified_gmt":"2026-04-16T00:11:21","slug":"kalbin-donusumu","status":"publish","type":"product","link":"https:\/\/roveyayinevi.com.tr\/index.php\/urun\/kalbin-donusumu\/","title":{"rendered":"Kalbin D\u00f6n\u00fc\u015f\u00fcm\u00fc"},"content":{"rendered":"<p>&#8220;Kendimi de\u011fi\u015ftirmek i\u00e7in kararlar al\u0131yorum ama hep birka\u00e7 g\u00fcn s\u00fcr\u00fcyor. Sanki i\u00e7imde bana engel olan bir ben daha var.\u201d&#8221;\u0130\u00e7imde dolduramad\u0131\u011f\u0131m bir bo\u015fluk var. Hi\u00e7bir \u015fey beni tatmin etmiyor, ibadetlerimden zevk alam\u0131yorum.&#8221;\u201c\u00c7ocu\u011fum bazen \u00f6yle \u015feyler s\u00f6yl\u00fcyor ki nereye do\u011fru savruluyor b\u00f6yle diyorum. Sa\u011flam bir iman\u0131 olmas\u0131 hayatta en \u00e7ok istedi\u011fim \u015fey ama ona nas\u0131l tesir edece\u011fimi bilemiyorum.\u201d&#8221;Ya\u015fama iste\u011fim yok. Her sabah mutsuz uyan\u0131yorum. Hayat omuzlar\u0131mda bir y\u00fck sanki. Ba\u015fkalar\u0131 ya\u015fama hevesini nereden buluyor?&#8221;\u00c7o\u011fumuz i\u00e7in tan\u0131d\u0131k c\u00fcmleler. Bazen kendi i\u00e7imizden, bazen sevdiklerimizin dilinden bunlara benzer yak\u0131nmalar i\u015fitiyor, bir \u015feyler yapmam\u0131z gerekti\u011fini d\u00fc\u015f\u00fcn\u00fcyor ama i\u015fin i\u00e7inden \u00e7\u0131kmakta zorlan\u0131yoruz.Selim bir kalbe ve sa\u011flam bir iradeye sahip olmak, her an ihlas \u00fczere ya\u015famak, \u00e7ocuklar\u0131m\u0131z\u0131 riyadan, nifaktan uzak yeti\u015ftirmek, vaktimizi ve kendimizi israf etmeden anlaml\u0131 hayatlar in\u015fa etmek istiyoruz.Uzun y\u0131llard\u0131r hadis ve tefsir kaynaklar\u0131 \u00fczerine dersler veren, \u00e7ocuklarda ve yeti\u015fkinlerde irade ve ihlas e\u011fitimi, nefis terbiyesi ve ahlaki geli\u015fimle ilgili e\u011fitimleri binlerce ki\u015fi taraf\u0131ndan takip edilen Nesibe K\u00fc\u00e7\u00fck Cansever, Kalbin D\u00f6n\u00fc\u015f\u00fcm\u00fc\u2019nde \u201cKendini bilen Rabbini bilir\u201d d\u00fcsturunca bizlere, kendimizi bilmek i\u00e7in neye ihtiyac\u0131m\u0131z oldu\u011funa dair samimi bir i\u00e7e bak\u0131\u015f denemesi yapt\u0131r\u0131yor. D\u00fcr\u00fcst ve derin bir bak\u0131\u015fla kendimizi, davran\u0131\u015flar\u0131m\u0131za y\u00f6n veren saikleri, nefsimizi ve ger\u00e7ekten neyin pe\u015finde oldu\u011fumuzu fark etmeye duydu\u011fumuz ihtiyac\u0131 ve bunlar\u0131 nas\u0131l yapabilece\u011fimize dair ad\u0131mlar\u0131 aktar\u0131yor.Kendi ki\u015fisel d\u00f6n\u00fc\u015f\u00fcm\u00fcm\u00fcz ve \u00e7ocuklar\u0131m\u0131z\u0131n ki\u015filik geli\u015fimi i\u00e7in basamaklar halinde sistematize edilmi\u015f bir d\u00f6n\u00fc\u015f\u00fcm program\u0131 sunan bu kitap, Kur\u2019an ve s\u00fcnnet ba\u011flam\u0131nda \u00e7\u00f6z\u00fcm aray\u0131\u015f\u0131nda olanlar i\u00e7in zihin a\u00e7an bir anahtar olma gayesini ta\u015f\u0131yor. <\/p>\n","protected":false},"excerpt":{"rendered":"<p>&#8220;Kendimi de\u011fi\u015ftirmek i\u00e7in kararlar al\u0131yorum ama hep birka\u00e7 g\u00fcn s\u00fcr\u00fcyor. Sanki i\u00e7imde bana engel olan bir ben daha var.\u201d&#8221;\u0130\u00e7imde dolduramad\u0131\u011f\u0131m bir bo\u015fluk var. Hi\u00e7bir \u015fey beni<span class=\"excerpt-hellip\"> [\u2026]<\/span><\/p>\n","protected":false},"featured_media":0,"template":"","meta":{"_monsterinsights_skip_tracking":false,"_monsterinsights_sitenote_active":false,"_monsterinsights_sitenote_note":"","_monsterinsights_sitenote_category":0},"product_brand":[],"product_cat":[12718,12719],"product_tag":[],"class_list":{"0":"post-758280","1":"product","2":"type-product","3":"status-publish","5":"product_cat-din","6":"product_cat-islam","7":"pa_cilt-ciltsiz","8":"pa_tur-kitap","9":"pa_yayinevi-timas-yayinlari","10":"pa_yazar-nesibe-kucuk-cansever","12":"first","13":"instock","14":"sale","15":"shipping-taxable","16":"purchasable","17":"product-type-simple"},"_links":{"self":[{"href":"https:\/\/roveyayinevi.com.tr\/index.php\/wp-json\/wp\/v2\/product\/758280","targetHints":{"allow":["GET"]}}],"collection":[{"href":"https:\/\/roveyayinevi.com.tr\/index.php\/wp-json\/wp\/v2\/product"}],"about":[{"href":"https:\/\/roveyayinevi.com.tr\/index.php\/wp-json\/wp\/v2\/types\/product"}],"wp:attachment":[{"href":"https:\/\/roveyayinevi.com.tr\/index.php\/wp-json\/wp\/v2\/media?parent=758280"}],"wp:term":[{"taxonomy":"product_brand","embeddable":true,"href":"https:\/\/roveyayinevi.com.tr\/index.php\/wp-json\/wp\/v2\/product_brand?post=758280"},{"taxonomy":"product_cat","embeddable":true,"href":"https:\/\/roveyayinevi.com.tr\/index.php\/wp-json\/wp\/v2\/product_cat?post=758280"},{"taxonomy":"product_tag","embeddable":true,"href":"https:\/\/roveyayinevi.com.tr\/index.php\/wp-json\/wp\/v2\/product_tag?post=758280"}],"curies":[{"name":"wp","href":"https:\/\/api.w.org\/{rel}","templated":true}]}}