{"id":758279,"date":"2025-08-28T07:59:47","date_gmt":"2025-08-28T04:59:47","guid":{"rendered":"https:\/\/roveyayinevi.com.tr\/index.php\/urun\/insanlik-uzerine\/"},"modified":"2026-04-08T03:19:31","modified_gmt":"2026-04-08T00:19:31","slug":"insanlik-uzerine","status":"publish","type":"product","link":"https:\/\/roveyayinevi.com.tr\/index.php\/urun\/insanlik-uzerine\/","title":{"rendered":"\u0130nsanl\u0131k \u00dczerine"},"content":{"rendered":"<p>\u0130nsan olarak do\u011fal canl\u0131 bir varl\u0131\u011f\u0131z. Akl\u0131m\u0131z\u0131 kullanarak \u00e7evremizi etkileyip de\u011fi\u015ftirme yetene\u011fine sahibiz. Bedensel olarak di\u011fer canl\u0131lardan daha korunmas\u0131z oldu\u011fumuzdan, ya\u015famak i\u00e7in \u00e7evremizi kendimize uygun duruma getirmemiz gerekiyor. \u00c7evreye zarar vermekten ka\u00e7\u0131narak olumlu katk\u0131larda bulunmaya \u00e7al\u0131\u015fmal\u0131y\u0131z. Her zaman b\u00f6yle mi oluyor? \u015eimdiye kadar b\u00f6yle miydi? Olup biteni g\u00f6r\u00fcp anlay\u0131nca, d\u00fc\u015f\u00fcn\u00fcp, sorgulay\u0131p, irdeleyip, g\u00f6zden ge\u00e7irerek ne kadar yararl\u0131 oluyoruz? \u015eimdiye kadar yeterince sorgulay\u0131c\u0131 olduk mu? Olumsuz y\u00f6nlerimizi ne kadar d\u00fczeltebildik? \u0130yi, do\u011fru ve g\u00fczele ula\u015fmaya \u00e7abal\u0131yor muyuz? Duyarl\u0131l\u0131klar\u0131m\u0131z geli\u015fmemizi sa\u011fl\u0131yor mu? Daha iyi olmay\u0131 istiyor muyuz, yoksa tersi davran\u0131\u015flar i\u00e7inde miyiz? Ula\u015ft\u0131\u011f\u0131m\u0131z bilgi ve bulu\u015flar, yaratt\u0131\u011f\u0131m\u0131z teknoloji, sanatsal etkinliklerimiz ve yetkinli\u011fimiz bizi ve t\u00fcm insanl\u0131\u011f\u0131 ne kadar mutlu k\u0131l\u0131yor? \u0130nsana ve bilime inanc\u0131m\u0131z tam ise yapt\u0131klar\u0131m\u0131z\u0131n do\u011fadaki t\u00fcm canl\u0131lar\u0131n yarar\u0131na oldu\u011funa g\u00fcveniyor muyuz? Akl\u0131m\u0131z\u0131 ve sezgimizi kullanarak bilimsel y\u00f6ntem ve bilgilerin \u0131\u015f\u0131\u011f\u0131nda, teknoloji ve sanat\u0131n getirdikleri ile insanlarla uyumlu ve yararl\u0131 bir ya\u015fam ge\u00e7irece\u011fimiz mutlu bir gelecek istiyorum; hepimizin bunu arzulad\u0131\u011f\u0131na inan\u0131yorum. Ya\u015fam\u0131n anlam\u0131 da amac\u0131 da zaten b\u00fcy\u00fck \u00f6l\u00e7\u00fcde bu de\u011fil mi?<\/p>\n","protected":false},"excerpt":{"rendered":"<p>\u0130nsan olarak do\u011fal canl\u0131 bir varl\u0131\u011f\u0131z. Akl\u0131m\u0131z\u0131 kullanarak \u00e7evremizi etkileyip de\u011fi\u015ftirme yetene\u011fine sahibiz. Bedensel olarak di\u011fer canl\u0131lardan daha korunmas\u0131z oldu\u011fumuzdan, ya\u015famak i\u00e7in \u00e7evremizi kendimize uygun duruma<span class=\"excerpt-hellip\"> [\u2026]<\/span><\/p>\n","protected":false},"featured_media":0,"template":"","meta":{"_monsterinsights_skip_tracking":false,"_monsterinsights_sitenote_active":false,"_monsterinsights_sitenote_note":"","_monsterinsights_sitenote_category":0},"product_brand":[],"product_cat":[12364,12376],"product_tag":[],"class_list":{"0":"post-758279","1":"product","2":"type-product","3":"status-publish","5":"product_cat-genel-konular","6":"product_cat-kisisel-gelisim","7":"pa_cilt-ciltsiz","8":"pa_tur-kitap","9":"pa_yayinevi-efil-yayinevi","10":"pa_yazar-ersin-toreci","12":"first","13":"instock","14":"sale","15":"shipping-taxable","16":"purchasable","17":"product-type-simple"},"_links":{"self":[{"href":"https:\/\/roveyayinevi.com.tr\/index.php\/wp-json\/wp\/v2\/product\/758279","targetHints":{"allow":["GET"]}}],"collection":[{"href":"https:\/\/roveyayinevi.com.tr\/index.php\/wp-json\/wp\/v2\/product"}],"about":[{"href":"https:\/\/roveyayinevi.com.tr\/index.php\/wp-json\/wp\/v2\/types\/product"}],"wp:attachment":[{"href":"https:\/\/roveyayinevi.com.tr\/index.php\/wp-json\/wp\/v2\/media?parent=758279"}],"wp:term":[{"taxonomy":"product_brand","embeddable":true,"href":"https:\/\/roveyayinevi.com.tr\/index.php\/wp-json\/wp\/v2\/product_brand?post=758279"},{"taxonomy":"product_cat","embeddable":true,"href":"https:\/\/roveyayinevi.com.tr\/index.php\/wp-json\/wp\/v2\/product_cat?post=758279"},{"taxonomy":"product_tag","embeddable":true,"href":"https:\/\/roveyayinevi.com.tr\/index.php\/wp-json\/wp\/v2\/product_tag?post=758279"}],"curies":[{"name":"wp","href":"https:\/\/api.w.org\/{rel}","templated":true}]}}