{"id":758278,"date":"2025-08-28T07:59:45","date_gmt":"2025-08-28T04:59:45","guid":{"rendered":"https:\/\/roveyayinevi.com.tr\/index.php\/urun\/kurmacanin-kesfi\/"},"modified":"2026-04-16T03:11:21","modified_gmt":"2026-04-16T00:11:21","slug":"kurmacanin-kesfi","status":"publish","type":"product","link":"https:\/\/roveyayinevi.com.tr\/index.php\/urun\/kurmacanin-kesfi\/","title":{"rendered":"Kurmacan\u0131n Ke\u015ffi"},"content":{"rendered":"<p>\u00c7a\u011fda\u015f \u00c7in edebiyat\u0131n\u0131n son y\u0131llarda \u00f6ne \u00e7\u0131kan isimlerinden Yan Lianke, Kurmacan\u0131n Ke\u015ffi\u2019nde, ger\u00e7ek\u00e7ilik ve nedensellik u\u0308zerine yapt\u0131\u011f\u0131 analizlerle edebiyat ele\u015ftirisini yepyeni bir noktaya ta\u015f\u0131yor. Tolstoy, Dostoyevski, Franz Kafka, Gabriel Garc\u00eda M\u00e1rquez ve Virginia Woolf gibi \u00e7\u0131\u011f\u0131r a\u00e7\u0131c\u0131 edebi eserler meydana getirmi\u015f isimlerin sunduklar\u0131 yeni perspektifleri ele al\u0131yor ve farkl\u0131 ger\u00e7eklik seviyelerinin du\u0308nya edebiyat\u0131n\u0131n \u015fekillenmesine nas\u0131l katk\u0131da bulundu\u011funu a\u00e7\u0131kl\u0131yor. Lianke, yarat\u0131\u015f\u0131n kayna\u011f\u0131 olarak g\u00f6rdu\u0308\u011fu\u0308 ger\u00e7ekli\u011fin, Tolstoy\u2019un tam nedenselli\u011finden Kafka\u2019n\u0131n s\u0131f\u0131r nedenselli\u011fine, M\u00e1rquez\u2019in bu\u0308yu\u0308lu\u0308 ger\u00e7ek\u00e7ili\u011fi ke\u015ffetmesini sa\u011flayan yar\u0131 nedenselli\u011fe ve mitorealizme do\u011fru izledi\u011fi tarihsel seyrin izini su\u0308ru\u0308yor. \u201cYolda yu\u0308ru\u0308yen birinin, nereden geldi\u011fi belli olmayan bir kayan\u0131n alt\u0131nda ezilerek \u00f6lmesinin\u201d yahut \u201cGregor Samsa[n\u0131n] bir sabah bunalt\u0131c\u0131 du\u0308\u015flerden uyand\u0131\u011f\u0131nda, kendini yata\u011f\u0131nda dev bir b\u00f6ce\u011fe d\u00f6nu\u0308\u015fmu\u0308\u015f olarak bul[mas\u0131n\u0131n]\u201d farkl\u0131 nedensellik seviyeleri aras\u0131ndaki yerini tespit ederek ger\u00e7ek\u00e7ilik bi\u00e7imleri aras\u0131ndaki ili\u015fkiyi ortaya koyuyor. Franz Kafka \u00d6du\u0308lu\u0308\u2019nu\u0308 kazanan ve iki kez Man Booker Uluslararas\u0131 \u00d6du\u0308lu\u0308 i\u00e7in finalist olan Yan Lianke\u2019nin, du\u0308nya edebiyat\u0131n\u0131n ilham veren bu\u0308yu\u0308k eserlerinin kurgusal ayr\u0131nt\u0131lar\u0131na ve edebi devlerin yazma teorilerine dair anahtar sunan bu \u00e7al\u0131\u015fmas\u0131, okuru \u015fahin g\u00f6zlu\u0308 bir edebiyat ele\u015ftirmenine d\u00f6nu\u0308\u015ftu\u0308rebilecek ihti\u015fam\u0131 ta\u015f\u0131yor.<\/p>\n","protected":false},"excerpt":{"rendered":"<p>\u00c7a\u011fda\u015f \u00c7in edebiyat\u0131n\u0131n son y\u0131llarda \u00f6ne \u00e7\u0131kan isimlerinden Yan Lianke, Kurmacan\u0131n Ke\u015ffi\u2019nde, ger\u00e7ek\u00e7ilik ve nedensellik u\u0308zerine yapt\u0131\u011f\u0131 analizlerle edebiyat ele\u015ftirisini yepyeni bir noktaya ta\u015f\u0131yor. Tolstoy, Dostoyevski,<span class=\"excerpt-hellip\"> [\u2026]<\/span><\/p>\n","protected":false},"featured_media":0,"template":"","meta":{"_monsterinsights_skip_tracking":false,"_monsterinsights_sitenote_active":false,"_monsterinsights_sitenote_note":"","_monsterinsights_sitenote_category":0},"product_brand":[],"product_cat":[13072,12291],"product_tag":[],"class_list":{"0":"post-758278","1":"product","2":"type-product","3":"status-publish","5":"product_cat-arastirma-inceleme-referans","6":"product_cat-edebiyat","7":"pa_cilt-ciltsiz","8":"pa_tur-kitap","9":"pa_yayinevi-ketebe-yayinlari","10":"pa_yazar-yan-lianke","12":"first","13":"instock","14":"sale","15":"shipping-taxable","16":"purchasable","17":"product-type-simple"},"_links":{"self":[{"href":"https:\/\/roveyayinevi.com.tr\/index.php\/wp-json\/wp\/v2\/product\/758278","targetHints":{"allow":["GET"]}}],"collection":[{"href":"https:\/\/roveyayinevi.com.tr\/index.php\/wp-json\/wp\/v2\/product"}],"about":[{"href":"https:\/\/roveyayinevi.com.tr\/index.php\/wp-json\/wp\/v2\/types\/product"}],"wp:attachment":[{"href":"https:\/\/roveyayinevi.com.tr\/index.php\/wp-json\/wp\/v2\/media?parent=758278"}],"wp:term":[{"taxonomy":"product_brand","embeddable":true,"href":"https:\/\/roveyayinevi.com.tr\/index.php\/wp-json\/wp\/v2\/product_brand?post=758278"},{"taxonomy":"product_cat","embeddable":true,"href":"https:\/\/roveyayinevi.com.tr\/index.php\/wp-json\/wp\/v2\/product_cat?post=758278"},{"taxonomy":"product_tag","embeddable":true,"href":"https:\/\/roveyayinevi.com.tr\/index.php\/wp-json\/wp\/v2\/product_tag?post=758278"}],"curies":[{"name":"wp","href":"https:\/\/api.w.org\/{rel}","templated":true}]}}