{"id":758277,"date":"2025-08-28T07:59:44","date_gmt":"2025-08-28T04:59:44","guid":{"rendered":"https:\/\/roveyayinevi.com.tr\/index.php\/urun\/akiskanlar-mekanigi-3\/"},"modified":"2026-04-16T03:11:21","modified_gmt":"2026-04-16T00:11:21","slug":"akiskanlar-mekanigi-3","status":"publish","type":"product","link":"https:\/\/roveyayinevi.com.tr\/index.php\/urun\/akiskanlar-mekanigi-3\/","title":{"rendered":"Ak\u0131\u015fkanlar Mekani\u011fi"},"content":{"rendered":"<p>Bu kitap \u0130n\u015faat M\u00fchendisleri \u00f6\u011frencileri i\u00e7in ders kitab\u0131 olarak haz\u0131rlanm\u0131\u015ft\u0131r. Uygulamadaki m\u00fchendislerinde yararlanmas\u0131 d\u00fc\u015f\u00fcn\u00fclm\u00fc\u015ft\u00fcr. Kitab\u0131n inceleme konusu durgun ve hareket halindeki su dur. Temel denklemlerin elde edilmesinde su s\u0131k\u0131\u015fmaz olarak yani \u00f6zg\u00fcl k\u00fctlesi (\u03c1) sabit al\u0131nm\u0131\u015ft\u0131r. B\u00f6l\u00fcm (1) de temel bilgiler verilmi\u015ftir. B\u00f6l\u00fcm (2) de fizi\u011fin temel yasalar\u0131 kullan\u0131larak statik (durgun) halde suyun olu\u015fturdu\u011fu bas\u0131n\u00e7 kuvvetleri elde edilmi\u015ftir. B\u00f6l\u00fcm (3) de r\u00f6latif (izafi) denge problemleri incelenmi\u015ftir. B\u00f6l\u00fcm (4) de hareket halindeki suyun kinematik denklemleri yine fizi\u011fin temel yasalar\u0131 kullan\u0131larak elde edilmi\u015ftir. B\u00f6l\u00fcm (5) de bir boyutlu ak\u0131m olan s\u00fcrt\u00fcnmesiz (ideal ak\u0131\u015fkanlar\u0131n) boru ak\u0131mlar\u0131n\u0131n hareketi incelenmi\u015f, temel denklemler elde edilmi\u015ftir. B\u00f6l\u00fcm (6) da bir boyutlu ger\u00e7ek (s\u00fcrt\u00fcnmeli) boru ak\u0131mlar\u0131 incelenmi\u015ftir. B\u00f6l\u00fcm (7) de genel olarak laminer ve t\u00fcrb\u00fclansl\u0131 ak\u0131m problemi ele al\u0131nm\u0131\u015ft\u0131r. B\u00f6l\u00fcm (8) de ideal ak\u0131\u015fkanlar\u0131n iki-boyutlu ak\u0131m problemlerinin temel denklemleri \u00e7\u0131kart\u0131lm\u0131\u015ft\u0131r. B\u00f6l\u00fcm (9) ger\u00e7ek (s\u00fcrt\u00fcnmeli) iki-boyutlu ak\u0131m denklemleri incelenmi\u015ftir.<\/p>\n","protected":false},"excerpt":{"rendered":"<p>Bu kitap \u0130n\u015faat M\u00fchendisleri \u00f6\u011frencileri i\u00e7in ders kitab\u0131 olarak haz\u0131rlanm\u0131\u015ft\u0131r. Uygulamadaki m\u00fchendislerinde yararlanmas\u0131 d\u00fc\u015f\u00fcn\u00fclm\u00fc\u015ft\u00fcr. Kitab\u0131n inceleme konusu durgun ve hareket halindeki su dur. Temel denklemlerin elde<span class=\"excerpt-hellip\"> [\u2026]<\/span><\/p>\n","protected":false},"featured_media":0,"template":"","meta":{"_monsterinsights_skip_tracking":false,"_monsterinsights_sitenote_active":false,"_monsterinsights_sitenote_note":"","_monsterinsights_sitenote_category":0},"product_brand":[],"product_cat":[13005],"product_tag":[],"class_list":{"0":"post-758277","1":"product","2":"type-product","3":"status-publish","5":"product_cat-bilim-muhendislik","6":"pa_cilt-ciltsiz","7":"pa_tur-kitap","8":"pa_yayinevi-istanbul-okan-universitesi","9":"pa_yazar-atil-bulu","11":"first","12":"instock","13":"sale","14":"shipping-taxable","15":"purchasable","16":"product-type-simple"},"_links":{"self":[{"href":"https:\/\/roveyayinevi.com.tr\/index.php\/wp-json\/wp\/v2\/product\/758277","targetHints":{"allow":["GET"]}}],"collection":[{"href":"https:\/\/roveyayinevi.com.tr\/index.php\/wp-json\/wp\/v2\/product"}],"about":[{"href":"https:\/\/roveyayinevi.com.tr\/index.php\/wp-json\/wp\/v2\/types\/product"}],"wp:attachment":[{"href":"https:\/\/roveyayinevi.com.tr\/index.php\/wp-json\/wp\/v2\/media?parent=758277"}],"wp:term":[{"taxonomy":"product_brand","embeddable":true,"href":"https:\/\/roveyayinevi.com.tr\/index.php\/wp-json\/wp\/v2\/product_brand?post=758277"},{"taxonomy":"product_cat","embeddable":true,"href":"https:\/\/roveyayinevi.com.tr\/index.php\/wp-json\/wp\/v2\/product_cat?post=758277"},{"taxonomy":"product_tag","embeddable":true,"href":"https:\/\/roveyayinevi.com.tr\/index.php\/wp-json\/wp\/v2\/product_tag?post=758277"}],"curies":[{"name":"wp","href":"https:\/\/api.w.org\/{rel}","templated":true}]}}