{"id":758276,"date":"2025-08-28T07:59:43","date_gmt":"2025-08-28T04:59:43","guid":{"rendered":"https:\/\/roveyayinevi.com.tr\/index.php\/urun\/engineering-physics-1\/"},"modified":"2026-04-16T03:11:21","modified_gmt":"2026-04-16T00:11:21","slug":"engineering-physics-1","status":"publish","type":"product","link":"https:\/\/roveyayinevi.com.tr\/index.php\/urun\/engineering-physics-1\/","title":{"rendered":"Engineering Physics &#8211; 1"},"content":{"rendered":"<p>Bu kitap, evveliyat\u0131n\u0131 saymazsak, \u0130stanbul Okan \u00dcniversitesi\u2019nde 2006\u2019dan bu yana, \u00f6zellikle M\u00fchendislik \u00d6\u011frencileri\u2019ne Fizik 1 ba\u015fl\u0131\u011f\u0131 alt\u0131nda verilen ders notlar\u0131ndan olu\u015fuyor. Ders, D. Halliday, R. Resnick ve J. Walker\u2019in kaleme ald\u0131\u011f\u0131 Fundamentals of Physics (John Wiley &amp; Sons), ba\u015fl\u0131kl\u0131 kitapta yer alm\u0131\u015f, bilinen konular aras\u0131ndan, bir konu ve s\u0131ra se\u00e7imi yap\u0131larak, i\u015flenegeldi. Yeri geldik\u00e7e, dersin \u00f6\u011fretim \u00fcyeleri, d\u00fcnya bilim yaz\u0131n\u0131na olan katk\u0131lar\u0131n\u0131, \u00f6\u011frencilere aktarmaktan geri durmad\u0131lar. Bu husus da dikkate al\u0131narak, \u201cDers\u201d ba\u015fl\u0131\u011f\u0131 alt\u0131nda i\u015flenen her bir konu, toplamda yakla\u015f\u0131k, bir bu\u00e7uk saat i\u00e7inde i\u015flenebilecek \u015fekilde d\u00fczenlendi. B\u00f6yle bir ba\u011flamda hem derslerin kendi i\u00e7lerinde b\u00fct\u00fcnl\u00fc\u011f\u00fc hem de konular\u0131n haftadan haftaya belli bir b\u00fct\u00fcnsellik i\u00e7inde ak\u0131\u015f\u0131 sa\u011fland\u0131. O a\u00e7\u0131dan elinizdeki kitap; her ders, giderek, Ders 1\u2019den Ders 12\u2019ye kadar olan seyri itibariyle; ad\u0131na kestirmeden \u201cNewton Mekani\u011fi\u201d denebilecek, \u015fu ki, tam anlam\u0131yla s\u0131f\u0131rdan ba\u015flayarak, b\u00fct\u00fcnsel bir tasavvur in\u015fas\u0131n\u0131 ger\u00e7ekle\u015ftirmeyi, ama\u00e7lamaktad\u0131r. Kitap metninin haz\u0131rlanmas\u0131nda, Prof. T. Yarman\u2019\u0131n derslerinin iki y\u0131l boyunca, g\u00f6r\u00fcnt\u00fcl\u00fc olarak kaydedilmi\u015f olmas\u0131, kolayl\u0131k sa\u011flad\u0131. \u00c7ekimlerden; dersin, birbirinden \u00e7al\u0131\u015fkan \u00f6\u011frenci asistanlar\u0131, zahmetli olmakla beraber, \u00f6zet metinler yan\u0131 s\u0131ra, \u015fekilleri ve form\u00fclleri d\u00f6kebildiler. Elinizdeki metin, de\u011ferli yazarlarla say\u0131s\u0131z tart\u0131\u015fma ve yak\u0131nsama gayretleri ba\u015fta olarak, bu suretle haz\u0131rland\u0131.<\/p>\n","protected":false},"excerpt":{"rendered":"<p>Bu kitap, evveliyat\u0131n\u0131 saymazsak, \u0130stanbul Okan \u00dcniversitesi\u2019nde 2006\u2019dan bu yana, \u00f6zellikle M\u00fchendislik \u00d6\u011frencileri\u2019ne Fizik 1 ba\u015fl\u0131\u011f\u0131 alt\u0131nda verilen ders notlar\u0131ndan olu\u015fuyor. Ders, D. Halliday, R. Resnick<span class=\"excerpt-hellip\"> [\u2026]<\/span><\/p>\n","protected":false},"featured_media":0,"template":"","meta":{"_monsterinsights_skip_tracking":false,"_monsterinsights_sitenote_active":false,"_monsterinsights_sitenote_note":"","_monsterinsights_sitenote_category":0},"product_brand":[],"product_cat":[13005],"product_tag":[],"class_list":{"0":"post-758276","1":"product","2":"type-product","3":"status-publish","5":"product_cat-bilim-muhendislik","6":"pa_cilt-ciltsiz","7":"pa_tur-kitap","8":"pa_yayinevi-istanbul-okan-universitesi","9":"pa_yazar-metin-arik","10":"pa_yazar-tolga-yarman","12":"first","13":"instock","14":"sale","15":"shipping-taxable","16":"purchasable","17":"product-type-simple"},"_links":{"self":[{"href":"https:\/\/roveyayinevi.com.tr\/index.php\/wp-json\/wp\/v2\/product\/758276","targetHints":{"allow":["GET"]}}],"collection":[{"href":"https:\/\/roveyayinevi.com.tr\/index.php\/wp-json\/wp\/v2\/product"}],"about":[{"href":"https:\/\/roveyayinevi.com.tr\/index.php\/wp-json\/wp\/v2\/types\/product"}],"wp:attachment":[{"href":"https:\/\/roveyayinevi.com.tr\/index.php\/wp-json\/wp\/v2\/media?parent=758276"}],"wp:term":[{"taxonomy":"product_brand","embeddable":true,"href":"https:\/\/roveyayinevi.com.tr\/index.php\/wp-json\/wp\/v2\/product_brand?post=758276"},{"taxonomy":"product_cat","embeddable":true,"href":"https:\/\/roveyayinevi.com.tr\/index.php\/wp-json\/wp\/v2\/product_cat?post=758276"},{"taxonomy":"product_tag","embeddable":true,"href":"https:\/\/roveyayinevi.com.tr\/index.php\/wp-json\/wp\/v2\/product_tag?post=758276"}],"curies":[{"name":"wp","href":"https:\/\/api.w.org\/{rel}","templated":true}]}}