{"id":758275,"date":"2025-08-28T07:59:42","date_gmt":"2025-08-28T04:59:42","guid":{"rendered":"https:\/\/roveyayinevi.com.tr\/index.php\/urun\/emarlik-ekolojik-tasarimi-ve-planlama-eture-ecological-design-planning\/"},"modified":"2026-04-16T03:11:21","modified_gmt":"2026-04-16T00:11:21","slug":"emarlik-ekolojik-tasarimi-ve-planlama-eture-ecological-design-planning","status":"publish","type":"product","link":"https:\/\/roveyayinevi.com.tr\/index.php\/urun\/emarlik-ekolojik-tasarimi-ve-planlama-eture-ecological-design-planning\/","title":{"rendered":"Emarl\u0131k-Ekolojik Tasar\u0131m\u0131 ve Planlama &#8211; Eture-Ecological Design &amp; Planning"},"content":{"rendered":"<p>Eser; Planlama ve Mimarl\u0131k alanlar\u0131nda yar\u0131m y\u00fczy\u0131lda yap\u0131lm\u0131\u015f ve halen s\u00fcregelen \u00e7al\u0131\u015fmalar\u0131n, T\u00fcrk\u00e7e ve \u0130ngilizce olarak iki dilli-bilingual- bir ansiklopedinin \u00f6zetini kapsayan bir kitapt\u0131r. G\u00fcn\u00fcm\u00fcze kadar inceledi\u011fimiz, bildi\u011fimiz kadar\u0131yla d\u00fcnyada benzeri yoktur.          \u2018Emarl\u0131k Almanak- Ansiklopedisi\u2019nde \u00e7evre, s\u00fcrd\u00fcr\u00fclebilirlik, enerji, su kullan\u0131m\u0131 gibi konular a\u011f\u0131rl\u0131k ta\u015f\u0131maktad\u0131r. Bununla birlikte \u00e7al\u0131\u015fmalar\u0131n b\u00fct\u00fcn\u00fc ekoloji d\u00fc\u015f\u00fcncesi ile Mimarl\u0131k bile\u015fimini \u00f6zetleyen \u2018Emarl\u0131k\u2019 ad\u0131n\u0131 verdi\u011fimiz temel bir d\u00fc\u015f\u00fcnce dizgesine dayal\u0131d\u0131r.  Planc\u0131, Mimar, y\u00f6neticilerin, yerle\u015fim ve yap\u0131 alan\u0131nda \u00e7al\u0131\u015fanlar\u0131n karar alan; erk kullananlar\u0131n el kitab\u0131 ba\u015fucu almana\u011f\u0131 olmak \u00fczere haz\u0131rlanm\u0131\u015ft\u0131r. \u2018Neufert\u2019in mimarlar, \u2018Beton Kalender\u2019in m\u00fchendisler, Harrison, \u2018Anatomi  Atlas\u0131\u2019n\u0131n  t\u0131p\u00e7\u0131lar yapt\u0131\u011f\u0131 g\u00f6revlere benzer g\u00f6rev yapmas\u0131n\u0131 umdu\u011fumuz bu  almanak- ansiklopedi D\u00fcnyan\u0131n, kirlenme, k\u00fcresel \u0131s\u0131nma ve hastal\u0131klarla yok olu\u015funu \u00f6nlemek isteyen y\u00f6netici, para sahipleri ve  uygulamac\u0131lar i\u00e7in uygulanabilir bir sistemi; d\u00fc\u015f\u00fcnce ve davran\u0131\u015f d\u00fczenini; tan\u0131tarak, nas\u0131l kullan\u0131laca\u011f\u0131n\u0131 anlatmaktad\u0131r.<\/p>\n","protected":false},"excerpt":{"rendered":"<p>Eser; Planlama ve Mimarl\u0131k alanlar\u0131nda yar\u0131m y\u00fczy\u0131lda yap\u0131lm\u0131\u015f ve halen s\u00fcregelen \u00e7al\u0131\u015fmalar\u0131n, T\u00fcrk\u00e7e ve \u0130ngilizce olarak iki dilli-bilingual- bir ansiklopedinin \u00f6zetini kapsayan bir kitapt\u0131r. G\u00fcn\u00fcm\u00fcze kadar<span class=\"excerpt-hellip\"> [\u2026]<\/span><\/p>\n","protected":false},"featured_media":0,"template":"","meta":{"_monsterinsights_skip_tracking":false,"_monsterinsights_sitenote_active":false,"_monsterinsights_sitenote_note":"","_monsterinsights_sitenote_category":0},"product_brand":[],"product_cat":[13005],"product_tag":[],"class_list":{"0":"post-758275","1":"product","2":"type-product","3":"status-publish","5":"product_cat-bilim-muhendislik","6":"pa_cilt-ciltsiz","7":"pa_tur-kitap","8":"pa_yayinevi-istanbul-okan-universitesi","9":"pa_yazar-demet-eryildiz","10":"pa_yazar-semih-eryildiz","12":"first","13":"instock","14":"sale","15":"shipping-taxable","16":"purchasable","17":"product-type-simple"},"_links":{"self":[{"href":"https:\/\/roveyayinevi.com.tr\/index.php\/wp-json\/wp\/v2\/product\/758275","targetHints":{"allow":["GET"]}}],"collection":[{"href":"https:\/\/roveyayinevi.com.tr\/index.php\/wp-json\/wp\/v2\/product"}],"about":[{"href":"https:\/\/roveyayinevi.com.tr\/index.php\/wp-json\/wp\/v2\/types\/product"}],"wp:attachment":[{"href":"https:\/\/roveyayinevi.com.tr\/index.php\/wp-json\/wp\/v2\/media?parent=758275"}],"wp:term":[{"taxonomy":"product_brand","embeddable":true,"href":"https:\/\/roveyayinevi.com.tr\/index.php\/wp-json\/wp\/v2\/product_brand?post=758275"},{"taxonomy":"product_cat","embeddable":true,"href":"https:\/\/roveyayinevi.com.tr\/index.php\/wp-json\/wp\/v2\/product_cat?post=758275"},{"taxonomy":"product_tag","embeddable":true,"href":"https:\/\/roveyayinevi.com.tr\/index.php\/wp-json\/wp\/v2\/product_tag?post=758275"}],"curies":[{"name":"wp","href":"https:\/\/api.w.org\/{rel}","templated":true}]}}