{"id":758274,"date":"2025-08-28T07:59:41","date_gmt":"2025-08-28T04:59:41","guid":{"rendered":"https:\/\/roveyayinevi.com.tr\/index.php\/urun\/araftaki-kent\/"},"modified":"2026-04-16T03:11:21","modified_gmt":"2026-04-16T00:11:21","slug":"araftaki-kent","status":"publish","type":"product","link":"https:\/\/roveyayinevi.com.tr\/index.php\/urun\/araftaki-kent\/","title":{"rendered":"Araftaki Kent"},"content":{"rendered":"<p>Elinizdeki kitap, bir grup akademisyenin sohbeti sonucunda ortaya \u00e7\u0131km\u0131\u015ft\u0131r. Bu grup, kendine kent sorunlar\u0131n\u0131, \u00f6zellikle de \u0130stanbul&#8217;u dert edinmi\u015f ki\u015filerden olu\u015fuyor. \u00c7al\u0131\u015fmalar\u0131m\u0131zdaki temel ortak paydam\u0131z\u0131, \u201ckentte e\u015fitlik\u00e7i ve kat\u0131l\u0131mc\u0131\u201d bir planlama anlay\u0131\u015f\u0131 olarak belirledik. Bu y\u00f6ndeki di\u011fer \u00e7abalar\u0131n ve \u00e7al\u0131\u015fmalar\u0131n yan\u0131nda teknik, bilimsel ve sosyal bir pakt olarak yer alma fikri de kitab\u0131n olu\u015fumunda etkili oldu.\u0130\u00e7inde bulundu\u011fumuz \u015fu e\u015fitsiz d\u00fcnyada her \u015fey de\u011fi\u015fip d\u00f6n\u00fc\u015f\u00fcrken, kentler de s\u00fcrekli olarak kendi \u00f6zellerinde hem de\u011fi\u015fip hem de d\u00f6n\u00fc\u015fmekteler. Bu hareketlili\u011fin bedelini ise yine insan\u0131n kendisi ile ya\u015fl\u0131 gezegenimiz \u00f6demekte. Kar\u015f\u0131 konulamaz bu devinimi pozitif bir y\u00f6ne \u00e7evirmek ger\u00e7ekten zor bir i\u015f olmakla beraber, herkesin bu y\u00f6ndeki katk\u0131lar\u0131 ve davran\u0131\u015flar\u0131 \u00e7ok de\u011ferlidir.<\/p>\n","protected":false},"excerpt":{"rendered":"<p>Elinizdeki kitap, bir grup akademisyenin sohbeti sonucunda ortaya \u00e7\u0131km\u0131\u015ft\u0131r. Bu grup, kendine kent sorunlar\u0131n\u0131, \u00f6zellikle de \u0130stanbul&#8217;u dert edinmi\u015f ki\u015filerden olu\u015fuyor. \u00c7al\u0131\u015fmalar\u0131m\u0131zdaki temel ortak paydam\u0131z\u0131, \u201ckentte<span class=\"excerpt-hellip\"> [\u2026]<\/span><\/p>\n","protected":false},"featured_media":0,"template":"","meta":{"_monsterinsights_skip_tracking":false,"_monsterinsights_sitenote_active":false,"_monsterinsights_sitenote_note":"","_monsterinsights_sitenote_category":0},"product_brand":[],"product_cat":[13005],"product_tag":[],"class_list":{"0":"post-758274","1":"product","2":"type-product","3":"status-publish","5":"product_cat-bilim-muhendislik","6":"pa_cilt-ciltsiz","7":"pa_tur-kitap","8":"pa_yayinevi-istanbul-okan-universitesi","9":"pa_yazar-okan-kollektif","11":"first","12":"instock","13":"sale","14":"shipping-taxable","15":"purchasable","16":"product-type-simple"},"_links":{"self":[{"href":"https:\/\/roveyayinevi.com.tr\/index.php\/wp-json\/wp\/v2\/product\/758274","targetHints":{"allow":["GET"]}}],"collection":[{"href":"https:\/\/roveyayinevi.com.tr\/index.php\/wp-json\/wp\/v2\/product"}],"about":[{"href":"https:\/\/roveyayinevi.com.tr\/index.php\/wp-json\/wp\/v2\/types\/product"}],"wp:attachment":[{"href":"https:\/\/roveyayinevi.com.tr\/index.php\/wp-json\/wp\/v2\/media?parent=758274"}],"wp:term":[{"taxonomy":"product_brand","embeddable":true,"href":"https:\/\/roveyayinevi.com.tr\/index.php\/wp-json\/wp\/v2\/product_brand?post=758274"},{"taxonomy":"product_cat","embeddable":true,"href":"https:\/\/roveyayinevi.com.tr\/index.php\/wp-json\/wp\/v2\/product_cat?post=758274"},{"taxonomy":"product_tag","embeddable":true,"href":"https:\/\/roveyayinevi.com.tr\/index.php\/wp-json\/wp\/v2\/product_tag?post=758274"}],"curies":[{"name":"wp","href":"https:\/\/api.w.org\/{rel}","templated":true}]}}