{"id":758271,"date":"2025-08-28T07:59:38","date_gmt":"2025-08-28T04:59:38","guid":{"rendered":"https:\/\/roveyayinevi.com.tr\/index.php\/urun\/gecmiste-ve-bugun-nukleer-enerji-tartismasi\/"},"modified":"2026-04-16T03:11:21","modified_gmt":"2026-04-16T00:11:21","slug":"gecmiste-ve-bugun-nukleer-enerji-tartismasi","status":"publish","type":"product","link":"https:\/\/roveyayinevi.com.tr\/index.php\/urun\/gecmiste-ve-bugun-nukleer-enerji-tartismasi\/","title":{"rendered":"Ge\u00e7mi\u015fte ve Bug\u00fcn N\u00fckleer Enerji Tart\u0131\u015fmas\u0131"},"content":{"rendered":"<p>N\u00fckleer enerji tart\u0131\u015fmas\u0131 d\u00fcn oldu\u011fu gibi, bug\u00fcn de g\u00fcndemde\u2026 Hem pek \u00e7ok karma\u015f\u0131k ve gizemli olay\u0131, geli\u015fmeyi ve d\u00fc\u015f\u00fcnceyi, semantik, upuzun, sa\u00e7akl\u0131 \u00e7a\u011fr\u0131\u015f\u0131m yumaklar\u0131yla ortaya seriyor olarak!..N\u00fckleer enerji sadece \u00fclkemizde de\u011fil, t\u00fcm d\u00fcnyada tart\u0131\u015f\u0131lmaktad\u0131r. Hem de  Hay\u0131r m\u0131d\u0131r, \u015fer mi, gibisinden, a\u015f\u0131r\u0131 u\u00e7larda ele al\u0131narak\u2026 Say\u0131n Yarman bu kitab\u0131nda, konuyu \u00f6zg\u00fcn \u00fcslubu ve kendi kristal \u015feffafl\u0131\u011f\u0131ndaki anlat\u0131m yetene\u011fi ile ele alm\u0131\u015f ve kendi perspektifinden ayr\u0131n\u0131t\u0131l\u0131 bir \u015fekilde inceledikten sonra, n\u00fckleer enerji konusunda al\u0131nacak bir karar\u0131n, siyasi nitelik ta\u015f\u0131d\u0131\u011f\u0131 sonucuna varm\u0131\u015ft\u0131r. Dolay\u0131s\u0131yla, okuyucuya evet veya hay\u0131r t\u00fcr\u00fcnden haz\u0131r bir cevap sunmak yerine, ona kendi karar\u0131n\u0131 olu\u015ftururken ihtiya\u00e7 duyaca\u011f\u0131 bilgileri sunmaktad\u0131r.<\/p>\n","protected":false},"excerpt":{"rendered":"<p>N\u00fckleer enerji tart\u0131\u015fmas\u0131 d\u00fcn oldu\u011fu gibi, bug\u00fcn de g\u00fcndemde\u2026 Hem pek \u00e7ok karma\u015f\u0131k ve gizemli olay\u0131, geli\u015fmeyi ve d\u00fc\u015f\u00fcnceyi, semantik, upuzun, sa\u00e7akl\u0131 \u00e7a\u011fr\u0131\u015f\u0131m yumaklar\u0131yla ortaya seriyor<span class=\"excerpt-hellip\"> [\u2026]<\/span><\/p>\n","protected":false},"featured_media":0,"template":"","meta":{"_monsterinsights_skip_tracking":false,"_monsterinsights_sitenote_active":false,"_monsterinsights_sitenote_note":"","_monsterinsights_sitenote_category":0},"product_brand":[],"product_cat":[12573,12566],"product_tag":[],"class_list":{"0":"post-758271","1":"product","2":"type-product","3":"status-publish","5":"product_cat-akademik-kitaplar","6":"product_cat-egitim","7":"pa_cilt-ciltsiz","8":"pa_tur-kitap","9":"pa_yayinevi-istanbul-okan-universitesi","10":"pa_yazar-tolga-yarman","12":"first","13":"instock","14":"sale","15":"shipping-taxable","16":"purchasable","17":"product-type-simple"},"_links":{"self":[{"href":"https:\/\/roveyayinevi.com.tr\/index.php\/wp-json\/wp\/v2\/product\/758271","targetHints":{"allow":["GET"]}}],"collection":[{"href":"https:\/\/roveyayinevi.com.tr\/index.php\/wp-json\/wp\/v2\/product"}],"about":[{"href":"https:\/\/roveyayinevi.com.tr\/index.php\/wp-json\/wp\/v2\/types\/product"}],"wp:attachment":[{"href":"https:\/\/roveyayinevi.com.tr\/index.php\/wp-json\/wp\/v2\/media?parent=758271"}],"wp:term":[{"taxonomy":"product_brand","embeddable":true,"href":"https:\/\/roveyayinevi.com.tr\/index.php\/wp-json\/wp\/v2\/product_brand?post=758271"},{"taxonomy":"product_cat","embeddable":true,"href":"https:\/\/roveyayinevi.com.tr\/index.php\/wp-json\/wp\/v2\/product_cat?post=758271"},{"taxonomy":"product_tag","embeddable":true,"href":"https:\/\/roveyayinevi.com.tr\/index.php\/wp-json\/wp\/v2\/product_tag?post=758271"}],"curies":[{"name":"wp","href":"https:\/\/api.w.org\/{rel}","templated":true}]}}