{"id":758269,"date":"2025-08-28T07:59:35","date_gmt":"2025-08-28T04:59:35","guid":{"rendered":"https:\/\/roveyayinevi.com.tr\/index.php\/urun\/yapi-islerinde-is-sagligi-ve-guvenligi-sempozyumu\/"},"modified":"2026-04-16T03:11:21","modified_gmt":"2026-04-16T00:11:21","slug":"yapi-islerinde-is-sagligi-ve-guvenligi-sempozyumu","status":"publish","type":"product","link":"https:\/\/roveyayinevi.com.tr\/index.php\/urun\/yapi-islerinde-is-sagligi-ve-guvenligi-sempozyumu\/","title":{"rendered":"\u201cYap\u0131 \u0130\u015flerinde \u0130\u015f Sa\u011fl\u0131\u011f\u0131 ve  G\u00fcvenli\u011fi\u201d Sempozyumu"},"content":{"rendered":"<p>Yap\u0131 \u0130\u015flerinde \u0130\u015f Sa\u011fl\u0131\u011f\u0131 ve G\u00fcvenli\u011fi Sempozyumumuz \u00dcniversitemiz b\u00fcnyesinde \u00f6\u011frenimi yap\u0131lmakta olan yap\u0131 sekt\u00f6r\u00fc ba\u011flant\u0131l\u0131 bir\u00e7ok b\u00f6l\u00fcm\u00fcm\u00fcz\u00fcn gelece\u011fe y\u00f6n verecek \u00f6\u011frencileri a\u00e7\u0131s\u0131ndan \u00f6nemli bir kaynak niteli\u011findedir.Sempozyumumuzun d\u00fczenleyicisi olarak \u00fcniversitemiz bu \u00e7al\u0131\u015fma ile t\u00fcm T\u00fcrkiye&#8217;de ve \u00f6zellikle \u0130stanbul&#8217;da son y\u0131llarda h\u0131z kazanan alt yap\u0131 ve \u00fcst yap\u0131 \u00e7al\u0131\u015fmalar\u0131nda, \u00e7evresel geni\u015fleme ve hali haz\u0131rdaki \u00e7evresel d\u00fczenin yeniden yap\u0131land\u0131r\u0131lmas\u0131, geli\u015fen teknolojiye uygun bi\u00e7imde tasarlanmas\u0131 konular\u0131nda \u00fclkeye y\u00f6n veren firmalarla i\u015fbirli\u011fi geli\u015ftirilmesinin ve bu i\u015fbirli\u011finin \u00fcr\u00fcne d\u00f6n\u00fc\u015fmesinin \u00f6nemli bir \u00f6rne\u011fi olacak niteliktedir.<\/p>\n","protected":false},"excerpt":{"rendered":"<p>Yap\u0131 \u0130\u015flerinde \u0130\u015f Sa\u011fl\u0131\u011f\u0131 ve G\u00fcvenli\u011fi Sempozyumumuz \u00dcniversitemiz b\u00fcnyesinde \u00f6\u011frenimi yap\u0131lmakta olan yap\u0131 sekt\u00f6r\u00fc ba\u011flant\u0131l\u0131 bir\u00e7ok b\u00f6l\u00fcm\u00fcm\u00fcz\u00fcn gelece\u011fe y\u00f6n verecek \u00f6\u011frencileri a\u00e7\u0131s\u0131ndan \u00f6nemli bir kaynak niteli\u011findedir.Sempozyumumuzun<span class=\"excerpt-hellip\"> [\u2026]<\/span><\/p>\n","protected":false},"featured_media":0,"template":"","meta":{"_monsterinsights_skip_tracking":false,"_monsterinsights_sitenote_active":false,"_monsterinsights_sitenote_note":"","_monsterinsights_sitenote_category":0},"product_brand":[],"product_cat":[12573,12566],"product_tag":[],"class_list":{"0":"post-758269","1":"product","2":"type-product","3":"status-publish","5":"product_cat-akademik-kitaplar","6":"product_cat-egitim","7":"pa_cilt-ciltsiz","8":"pa_tur-kitap","9":"pa_yayinevi-istanbul-okan-universitesi","10":"pa_yazar-okan-kollektif","12":"first","13":"instock","14":"sale","15":"shipping-taxable","16":"purchasable","17":"product-type-simple"},"_links":{"self":[{"href":"https:\/\/roveyayinevi.com.tr\/index.php\/wp-json\/wp\/v2\/product\/758269","targetHints":{"allow":["GET"]}}],"collection":[{"href":"https:\/\/roveyayinevi.com.tr\/index.php\/wp-json\/wp\/v2\/product"}],"about":[{"href":"https:\/\/roveyayinevi.com.tr\/index.php\/wp-json\/wp\/v2\/types\/product"}],"wp:attachment":[{"href":"https:\/\/roveyayinevi.com.tr\/index.php\/wp-json\/wp\/v2\/media?parent=758269"}],"wp:term":[{"taxonomy":"product_brand","embeddable":true,"href":"https:\/\/roveyayinevi.com.tr\/index.php\/wp-json\/wp\/v2\/product_brand?post=758269"},{"taxonomy":"product_cat","embeddable":true,"href":"https:\/\/roveyayinevi.com.tr\/index.php\/wp-json\/wp\/v2\/product_cat?post=758269"},{"taxonomy":"product_tag","embeddable":true,"href":"https:\/\/roveyayinevi.com.tr\/index.php\/wp-json\/wp\/v2\/product_tag?post=758269"}],"curies":[{"name":"wp","href":"https:\/\/api.w.org\/{rel}","templated":true}]}}