{"id":758267,"date":"2025-08-28T07:59:33","date_gmt":"2025-08-28T04:59:33","guid":{"rendered":"https:\/\/roveyayinevi.com.tr\/index.php\/urun\/turkiyede-sosyal-problemlerin-cozumunde-sosyal-isletmecilik-ve-dunyadaki-ornekler\/"},"modified":"2026-04-16T03:11:21","modified_gmt":"2026-04-16T00:11:21","slug":"turkiyede-sosyal-problemlerin-cozumunde-sosyal-isletmecilik-ve-dunyadaki-ornekler","status":"publish","type":"product","link":"https:\/\/roveyayinevi.com.tr\/index.php\/urun\/turkiyede-sosyal-problemlerin-cozumunde-sosyal-isletmecilik-ve-dunyadaki-ornekler\/","title":{"rendered":"\u201cT\u00fcrkiye&#8217;de Sosyal Problemlerin \u00c7\u00f6z\u00fcm\u00fcnde Sosyal \u0130\u015fletmecilik ve  D\u00fcnyadaki \u00d6rnekler\u201d"},"content":{"rendered":"<p>2012 y\u0131l\u0131nda \u00fcniversitemizde 2006 Nobel Bar\u0131\u015f \u00d6d\u00fcl\u00fc Sahibi Prof. Dr. Muhammed Yunus&#8217;un ad\u0131n\u0131 ta\u015f\u0131yan Okan \u00dcniversitesi Muhammed Yunus Uluslararas\u0131 Mikrofinans ve Sosyal Giri\u015fimcilik Merkezi&#8217;ni kurduk Bu merkez \u00fcniversite olarak e\u011fitim, ara\u015ft\u0131rma ve toplumla bunlar\u0131n sonu\u00e7lar\u0131n\u0131 payla\u015fma konusunda ta\u015f\u0131d\u0131\u011f\u0131m\u0131z sorumlulu\u011fumuzun somut bir sonucu oldu.Kurulu\u015f a\u015famas\u0131nda ge\u00e7irdi\u011fimiz bu bir y\u0131ll\u0131k s\u00fcre\u00e7te, Merkez&#8217;imizin s\u00fcrd\u00fcrd\u00fc\u011f\u00fc lisans derslerinin bir par\u00e7as\u0131 olarak Prof. Dr. Muhammed Yunus ikinci kez Okan \u00dcniversitesi \u00f6\u011frencilerine yeni bir ders sunmu\u015ftur. \u0130kinci kez a\u011f\u0131rlamaktan onu duydu\u011fumuz Say\u0131n Muhammed Yunus&#8217;un bize giri\u015fimcilik ve sosyal giri\u015fimcilik aras\u0131ndaki farktan ve etkile\u015fimden, d\u00fcnyada liderli\u011fini y\u00fcr\u00fcrtt\u00fc\u011f\u00fc mikro kredi ve sosyal i\u015fletmecilik kavramlar\u0131n\u0131n d\u00fcnyadaki di\u011fer \u00f6rneklerinden bahsetti\u011fi bu kapsaml\u0131 ve keyifli dersi sizlerle payla\u015fmak istedik.Bu do\u011frultuda haz\u0131rlad\u0131\u011f\u0131m\u0131z \u00e7ift dilli bu kitap bir kez daha Prof. Dr. Muhammed Yunus&#8217;un bizlerle payla\u015ft\u0131klar\u0131n\u0131 t\u00fcm d\u00fcnyaya sunma f\u0131rsat\u0131 veriyor.<\/p>\n","protected":false},"excerpt":{"rendered":"<p>2012 y\u0131l\u0131nda \u00fcniversitemizde 2006 Nobel Bar\u0131\u015f \u00d6d\u00fcl\u00fc Sahibi Prof. Dr. Muhammed Yunus&#8217;un ad\u0131n\u0131 ta\u015f\u0131yan Okan \u00dcniversitesi Muhammed Yunus Uluslararas\u0131 Mikrofinans ve Sosyal Giri\u015fimcilik Merkezi&#8217;ni kurduk Bu<span class=\"excerpt-hellip\"> [\u2026]<\/span><\/p>\n","protected":false},"featured_media":0,"template":"","meta":{"_monsterinsights_skip_tracking":false,"_monsterinsights_sitenote_active":false,"_monsterinsights_sitenote_note":"","_monsterinsights_sitenote_category":0},"product_brand":[],"product_cat":[12337],"product_tag":[],"class_list":{"0":"post-758267","1":"product","2":"type-product","3":"status-publish","5":"product_cat-politika-siyaset","6":"pa_cilt-ciltsiz","7":"pa_tur-kitap","8":"pa_yayinevi-istanbul-okan-universitesi","9":"pa_yazar-okan-kollektif","11":"first","12":"instock","13":"sale","14":"shipping-taxable","15":"purchasable","16":"product-type-simple"},"_links":{"self":[{"href":"https:\/\/roveyayinevi.com.tr\/index.php\/wp-json\/wp\/v2\/product\/758267","targetHints":{"allow":["GET"]}}],"collection":[{"href":"https:\/\/roveyayinevi.com.tr\/index.php\/wp-json\/wp\/v2\/product"}],"about":[{"href":"https:\/\/roveyayinevi.com.tr\/index.php\/wp-json\/wp\/v2\/types\/product"}],"wp:attachment":[{"href":"https:\/\/roveyayinevi.com.tr\/index.php\/wp-json\/wp\/v2\/media?parent=758267"}],"wp:term":[{"taxonomy":"product_brand","embeddable":true,"href":"https:\/\/roveyayinevi.com.tr\/index.php\/wp-json\/wp\/v2\/product_brand?post=758267"},{"taxonomy":"product_cat","embeddable":true,"href":"https:\/\/roveyayinevi.com.tr\/index.php\/wp-json\/wp\/v2\/product_cat?post=758267"},{"taxonomy":"product_tag","embeddable":true,"href":"https:\/\/roveyayinevi.com.tr\/index.php\/wp-json\/wp\/v2\/product_tag?post=758267"}],"curies":[{"name":"wp","href":"https:\/\/api.w.org\/{rel}","templated":true}]}}