{"id":758266,"date":"2025-08-28T07:59:32","date_gmt":"2025-08-28T04:59:32","guid":{"rendered":"https:\/\/roveyayinevi.com.tr\/index.php\/urun\/sermaye-piyasasi-araclari\/"},"modified":"2026-04-16T03:11:20","modified_gmt":"2026-04-16T00:11:20","slug":"sermaye-piyasasi-araclari","status":"publish","type":"product","link":"https:\/\/roveyayinevi.com.tr\/index.php\/urun\/sermaye-piyasasi-araclari\/","title":{"rendered":"Sermaye Piyasas\u0131 Ara\u00e7lar\u0131"},"content":{"rendered":"<p>Yeni kanun 30 Aral\u0131k 2012 tarihli ve 28513 say\u0131l\u0131 Resmi Gazete&#8217;de yay\u0131mlanarak y\u00fcr\u00fcrl\u00fc\u011fe girmi\u015ftir.Kanunun Y\u00fcr\u00fcrl\u00fc\u011fe girmesiyle beraber T\u00fcrkiye&#8217;de sermaye piyasas\u0131n\u0131n yap\u0131s\u0131 ve i\u015fleyi\u015fi tamamen de\u011fi\u015fmi\u015ftir. Bu de\u011fi\u015fiklik yo\u011fun olarak sermaye piyasas\u0131 ara\u00e7lar\u0131n\u0131n s\u0131n\u0131fland\u0131r\u0131lmas\u0131nda ve yeni sermaye piyasas\u0131 ara\u00e7lar\u0131n\u0131n sisteme eklenmesinde g\u00f6r\u00fclm\u00fc\u015ft\u00fcr.Elinizde bu kaynak birincil ve ikincil d\u00fczenlemeler dikkate al\u0131narak sermaye piyasas\u0131nda ger\u00e7ekle\u015fen t\u00fcm de\u011fi\u015fiklikler kapsam\u0131nda sermaye piyasas\u0131 ara\u00e7lar\u0131n\u0131 ayr\u0131nt\u0131l\u0131 bir \u015fekilde ele alm\u0131\u015ft\u0131r.<\/p>\n","protected":false},"excerpt":{"rendered":"<p>Yeni kanun 30 Aral\u0131k 2012 tarihli ve 28513 say\u0131l\u0131 Resmi Gazete&#8217;de yay\u0131mlanarak y\u00fcr\u00fcrl\u00fc\u011fe girmi\u015ftir.Kanunun Y\u00fcr\u00fcrl\u00fc\u011fe girmesiyle beraber T\u00fcrkiye&#8217;de sermaye piyasas\u0131n\u0131n yap\u0131s\u0131 ve i\u015fleyi\u015fi tamamen de\u011fi\u015fmi\u015ftir. Bu<span class=\"excerpt-hellip\"> [\u2026]<\/span><\/p>\n","protected":false},"featured_media":0,"template":"","meta":{"_monsterinsights_skip_tracking":false,"_monsterinsights_sitenote_active":false,"_monsterinsights_sitenote_note":"","_monsterinsights_sitenote_category":0},"product_brand":[],"product_cat":[15350],"product_tag":[],"class_list":{"0":"post-758266","1":"product","2":"type-product","3":"status-publish","5":"product_cat-hukuk","6":"pa_cilt-ciltsiz","7":"pa_tur-kitap","8":"pa_yayinevi-istanbul-okan-universitesi","9":"pa_yazar-turgay-munyas","11":"first","12":"instock","13":"sale","14":"shipping-taxable","15":"purchasable","16":"product-type-simple"},"_links":{"self":[{"href":"https:\/\/roveyayinevi.com.tr\/index.php\/wp-json\/wp\/v2\/product\/758266","targetHints":{"allow":["GET"]}}],"collection":[{"href":"https:\/\/roveyayinevi.com.tr\/index.php\/wp-json\/wp\/v2\/product"}],"about":[{"href":"https:\/\/roveyayinevi.com.tr\/index.php\/wp-json\/wp\/v2\/types\/product"}],"wp:attachment":[{"href":"https:\/\/roveyayinevi.com.tr\/index.php\/wp-json\/wp\/v2\/media?parent=758266"}],"wp:term":[{"taxonomy":"product_brand","embeddable":true,"href":"https:\/\/roveyayinevi.com.tr\/index.php\/wp-json\/wp\/v2\/product_brand?post=758266"},{"taxonomy":"product_cat","embeddable":true,"href":"https:\/\/roveyayinevi.com.tr\/index.php\/wp-json\/wp\/v2\/product_cat?post=758266"},{"taxonomy":"product_tag","embeddable":true,"href":"https:\/\/roveyayinevi.com.tr\/index.php\/wp-json\/wp\/v2\/product_tag?post=758266"}],"curies":[{"name":"wp","href":"https:\/\/api.w.org\/{rel}","templated":true}]}}