{"id":758265,"date":"2025-08-28T07:59:31","date_gmt":"2025-08-28T04:59:31","guid":{"rendered":"https:\/\/roveyayinevi.com.tr\/index.php\/urun\/cagdas-sanat-konusmalari\/"},"modified":"2026-04-16T03:11:20","modified_gmt":"2026-04-16T00:11:20","slug":"cagdas-sanat-konusmalari","status":"publish","type":"product","link":"https:\/\/roveyayinevi.com.tr\/index.php\/urun\/cagdas-sanat-konusmalari\/","title":{"rendered":"\u00c7a\u011fda\u015f Sanat Konu\u015fmalar\u0131"},"content":{"rendered":"<p>Elinizdeki kitaptaki konu\u015fmalar ve sunumlar, \u00f6\u011fretim \u00fcyesi olarak mensubu oldu\u011fum Okan \u00dcniversitesi G\u00fczel Sanatlar Fak\u00fcltesi taraf\u0131ndan 2012-2014 y\u0131llar\u0131 aras\u0131nda Beyo\u011flu&#8217;ndaki Akbank Sanat Merkezi&#8217;nde ger\u00e7ekle\u015ftirildi. Amac\u0131m\u0131z \u00e7a\u011fda\u015f ya\u015fam sanat alan\u0131nda yer alan baz\u0131 \u00f6nemli isimleri davet ederek \u00e7a\u011fda\u015f sanat\u0131n temel meseleleri \u00fczerine konu\u015fmakt\u0131. Davet etti\u011fimiz konu\u015fmac\u0131lar alan\u0131n \u00f6nemli isimleriydi ve konu\u015fmalar da do\u011fal olarak nitelikli oldu. Biz de daha sonra bu konu\u015fmalar\u0131 kitapla\u015ft\u0131rmaya karar verdik.<\/p>\n","protected":false},"excerpt":{"rendered":"<p>Elinizdeki kitaptaki konu\u015fmalar ve sunumlar, \u00f6\u011fretim \u00fcyesi olarak mensubu oldu\u011fum Okan \u00dcniversitesi G\u00fczel Sanatlar Fak\u00fcltesi taraf\u0131ndan 2012-2014 y\u0131llar\u0131 aras\u0131nda Beyo\u011flu&#8217;ndaki Akbank Sanat Merkezi&#8217;nde ger\u00e7ekle\u015ftirildi. Amac\u0131m\u0131z \u00e7a\u011fda\u015f<span class=\"excerpt-hellip\"> [\u2026]<\/span><\/p>\n","protected":false},"featured_media":0,"template":"","meta":{"_monsterinsights_skip_tracking":false,"_monsterinsights_sitenote_active":false,"_monsterinsights_sitenote_note":"","_monsterinsights_sitenote_category":0},"product_brand":[],"product_cat":[44608,12408],"product_tag":[],"class_list":{"0":"post-758265","1":"product","2":"type-product","3":"status-publish","5":"product_cat-diger-sanat","6":"product_cat-sanat","7":"pa_cilt-ciltsiz","8":"pa_tur-kitap","9":"pa_yayinevi-istanbul-okan-universitesi","10":"pa_yazar-okan-kollektif","12":"first","13":"instock","14":"sale","15":"shipping-taxable","16":"purchasable","17":"product-type-simple"},"_links":{"self":[{"href":"https:\/\/roveyayinevi.com.tr\/index.php\/wp-json\/wp\/v2\/product\/758265","targetHints":{"allow":["GET"]}}],"collection":[{"href":"https:\/\/roveyayinevi.com.tr\/index.php\/wp-json\/wp\/v2\/product"}],"about":[{"href":"https:\/\/roveyayinevi.com.tr\/index.php\/wp-json\/wp\/v2\/types\/product"}],"wp:attachment":[{"href":"https:\/\/roveyayinevi.com.tr\/index.php\/wp-json\/wp\/v2\/media?parent=758265"}],"wp:term":[{"taxonomy":"product_brand","embeddable":true,"href":"https:\/\/roveyayinevi.com.tr\/index.php\/wp-json\/wp\/v2\/product_brand?post=758265"},{"taxonomy":"product_cat","embeddable":true,"href":"https:\/\/roveyayinevi.com.tr\/index.php\/wp-json\/wp\/v2\/product_cat?post=758265"},{"taxonomy":"product_tag","embeddable":true,"href":"https:\/\/roveyayinevi.com.tr\/index.php\/wp-json\/wp\/v2\/product_tag?post=758265"}],"curies":[{"name":"wp","href":"https:\/\/api.w.org\/{rel}","templated":true}]}}