{"id":758264,"date":"2025-08-28T07:59:30","date_gmt":"2025-08-28T04:59:30","guid":{"rendered":"https:\/\/roveyayinevi.com.tr\/index.php\/urun\/muhendislik-fizigi-2\/"},"modified":"2026-04-16T03:11:20","modified_gmt":"2026-04-16T00:11:20","slug":"muhendislik-fizigi-2","status":"publish","type":"product","link":"https:\/\/roveyayinevi.com.tr\/index.php\/urun\/muhendislik-fizigi-2\/","title":{"rendered":"M\u00fchendislik Fizi\u011fi &#8211; 2"},"content":{"rendered":"<p>Elinizdeki metin, de\u011ferli yazarlarla say\u0131s\u0131z tart\u0131\u015fma ve yak\u0131nsama gayretleri ba\u015fta olarak, bu suretle haz\u0131rland\u0131.Dersler&#8217;in sonlar\u0131nda yer alan sorular, \u00f6\u011frenciye ya \u00f6dev olarak, yahut s\u0131nav sorusu, ya da i\u015fte s\u0131nava haz\u0131rl\u0131k sorusu olarak verilmi\u015f sorulardan derlendi.Dersler baya\u011f\u0131 e\u011flenceli ge\u00e7iyor olunca, metne yeri geldik\u00e7e, J i\u015fareti koymaktan geri durmad\u0131k. Kimileri \u201cB\u00f6ylesi ciddi bir kitaba, bu g\u00fcl\u00fcc\u00fckler zinhar yak\u0131\u015fmaz!\u201d, dese de&#8230; \u00d6\u011frenciler, g\u00fcl\u00fcc\u00fck i\u015faretlerinin metinden, \u00e7\u0131kart\u0131lmamas\u0131 konusunda \u00f6rg\u00fctl\u00fc bir diren\u00e7 g\u00f6sterdiler. \u00d6yle olunca, g\u00fcl\u00fcc\u00fck i\u015faretlerine dokunamad\u0131k J&#8230; Bu kitap onun i\u00e7in \u201cG\u00fcl\u00fcc\u00fckl\u00fc Kitap\u201d, oldu&#8230;<\/p>\n","protected":false},"excerpt":{"rendered":"<p>Elinizdeki metin, de\u011ferli yazarlarla say\u0131s\u0131z tart\u0131\u015fma ve yak\u0131nsama gayretleri ba\u015fta olarak, bu suretle haz\u0131rland\u0131.Dersler&#8217;in sonlar\u0131nda yer alan sorular, \u00f6\u011frenciye ya \u00f6dev olarak, yahut s\u0131nav sorusu, ya<span class=\"excerpt-hellip\"> [\u2026]<\/span><\/p>\n","protected":false},"featured_media":0,"template":"","meta":{"_monsterinsights_skip_tracking":false,"_monsterinsights_sitenote_active":false,"_monsterinsights_sitenote_note":"","_monsterinsights_sitenote_category":0},"product_brand":[],"product_cat":[13005],"product_tag":[],"class_list":{"0":"post-758264","1":"product","2":"type-product","3":"status-publish","5":"product_cat-bilim-muhendislik","6":"pa_cilt-ciltsiz","7":"pa_tur-kitap","8":"pa_yayinevi-istanbul-okan-universitesi","9":"pa_yazar-okan-kollektif","11":"first","12":"instock","13":"sale","14":"shipping-taxable","15":"purchasable","16":"product-type-simple"},"_links":{"self":[{"href":"https:\/\/roveyayinevi.com.tr\/index.php\/wp-json\/wp\/v2\/product\/758264","targetHints":{"allow":["GET"]}}],"collection":[{"href":"https:\/\/roveyayinevi.com.tr\/index.php\/wp-json\/wp\/v2\/product"}],"about":[{"href":"https:\/\/roveyayinevi.com.tr\/index.php\/wp-json\/wp\/v2\/types\/product"}],"wp:attachment":[{"href":"https:\/\/roveyayinevi.com.tr\/index.php\/wp-json\/wp\/v2\/media?parent=758264"}],"wp:term":[{"taxonomy":"product_brand","embeddable":true,"href":"https:\/\/roveyayinevi.com.tr\/index.php\/wp-json\/wp\/v2\/product_brand?post=758264"},{"taxonomy":"product_cat","embeddable":true,"href":"https:\/\/roveyayinevi.com.tr\/index.php\/wp-json\/wp\/v2\/product_cat?post=758264"},{"taxonomy":"product_tag","embeddable":true,"href":"https:\/\/roveyayinevi.com.tr\/index.php\/wp-json\/wp\/v2\/product_tag?post=758264"}],"curies":[{"name":"wp","href":"https:\/\/api.w.org\/{rel}","templated":true}]}}