{"id":758261,"date":"2025-08-28T07:59:27","date_gmt":"2025-08-28T04:59:27","guid":{"rendered":"https:\/\/roveyayinevi.com.tr\/index.php\/urun\/turkcenin-egitimi-ogretiminde-kuramsal-ve-uygulamali-calismalar-10\/"},"modified":"2026-04-16T03:11:20","modified_gmt":"2026-04-16T00:11:20","slug":"turkcenin-egitimi-ogretiminde-kuramsal-ve-uygulamali-calismalar-10","status":"publish","type":"product","link":"https:\/\/roveyayinevi.com.tr\/index.php\/urun\/turkcenin-egitimi-ogretiminde-kuramsal-ve-uygulamali-calismalar-10\/","title":{"rendered":"T\u00fcrk\u00e7enin E\u011fitimi \u2013 \u00d6\u011fretiminde Kuramsal ve Uygulamal\u0131 \u00c7al\u0131\u015fmalar &#8211; 10"},"content":{"rendered":"<p>Uluslararas\u0131 T\u00fcrk\u00e7enin E\u011fitimi-\u00d6\u011fretimi Kurultay\u0131 (UTE\u00d6K), kesintiye u\u011framadan her y\u0131l d\u00fczenlenmekte ve nitelikten \u00f6d\u00fcn vermeyi\u015fiyle T\u00fcrk\u00e7e e\u011fitimi \u00e7al\u0131\u015fmalar\u0131n\u0131n bilimsel bir zeminde yap\u0131labilirli\u011fine giderek daha \u00e7ok katk\u0131 sa\u011flamaktad\u0131r. Her kurultay sonras\u0131 hakem de\u011ferlendirmeleriyle se\u00e7ilen tam metinlerin kitap b\u00f6l\u00fcm\u00fc olarak bas\u0131lmas\u0131 da 2009 y\u0131l\u0131ndan bu yana s\u00fcregelen bir gelenek olmu\u015ftur.<\/p>\n","protected":false},"excerpt":{"rendered":"<p>Uluslararas\u0131 T\u00fcrk\u00e7enin E\u011fitimi-\u00d6\u011fretimi Kurultay\u0131 (UTE\u00d6K), kesintiye u\u011framadan her y\u0131l d\u00fczenlenmekte ve nitelikten \u00f6d\u00fcn vermeyi\u015fiyle T\u00fcrk\u00e7e e\u011fitimi \u00e7al\u0131\u015fmalar\u0131n\u0131n bilimsel bir zeminde yap\u0131labilirli\u011fine giderek daha \u00e7ok katk\u0131 sa\u011flamaktad\u0131r.<span class=\"excerpt-hellip\"> [\u2026]<\/span><\/p>\n","protected":false},"featured_media":0,"template":"","meta":{"_monsterinsights_skip_tracking":false,"_monsterinsights_sitenote_active":false,"_monsterinsights_sitenote_note":"","_monsterinsights_sitenote_category":0},"product_brand":[],"product_cat":[14597,12566],"product_tag":[],"class_list":{"0":"post-758261","1":"product","2":"type-product","3":"status-publish","5":"product_cat-dil-ogrenimi","6":"product_cat-egitim","7":"pa_cilt-ciltsiz","8":"pa_tur-kitap","9":"pa_yayinevi-istanbul-okan-universitesi","10":"pa_yazar-b-umit-bozkurt","11":"pa_yazar-nadir-engin-uzun","13":"first","14":"instock","15":"sale","16":"shipping-taxable","17":"purchasable","18":"product-type-simple"},"_links":{"self":[{"href":"https:\/\/roveyayinevi.com.tr\/index.php\/wp-json\/wp\/v2\/product\/758261","targetHints":{"allow":["GET"]}}],"collection":[{"href":"https:\/\/roveyayinevi.com.tr\/index.php\/wp-json\/wp\/v2\/product"}],"about":[{"href":"https:\/\/roveyayinevi.com.tr\/index.php\/wp-json\/wp\/v2\/types\/product"}],"wp:attachment":[{"href":"https:\/\/roveyayinevi.com.tr\/index.php\/wp-json\/wp\/v2\/media?parent=758261"}],"wp:term":[{"taxonomy":"product_brand","embeddable":true,"href":"https:\/\/roveyayinevi.com.tr\/index.php\/wp-json\/wp\/v2\/product_brand?post=758261"},{"taxonomy":"product_cat","embeddable":true,"href":"https:\/\/roveyayinevi.com.tr\/index.php\/wp-json\/wp\/v2\/product_cat?post=758261"},{"taxonomy":"product_tag","embeddable":true,"href":"https:\/\/roveyayinevi.com.tr\/index.php\/wp-json\/wp\/v2\/product_tag?post=758261"}],"curies":[{"name":"wp","href":"https:\/\/api.w.org\/{rel}","templated":true}]}}