{"id":758260,"date":"2025-08-28T07:59:26","date_gmt":"2025-08-28T04:59:26","guid":{"rendered":"https:\/\/roveyayinevi.com.tr\/index.php\/urun\/turkiyede-surdurulebilir-arazi-yonetimi-calistayi-26-27-mayis-2011\/"},"modified":"2026-04-16T03:11:20","modified_gmt":"2026-04-16T00:11:20","slug":"turkiyede-surdurulebilir-arazi-yonetimi-calistayi-26-27-mayis-2011","status":"publish","type":"product","link":"https:\/\/roveyayinevi.com.tr\/index.php\/urun\/turkiyede-surdurulebilir-arazi-yonetimi-calistayi-26-27-mayis-2011\/","title":{"rendered":"\u201cT\u00fcrkiye&#8217;de S\u00fcrd\u00fcr\u00fclebilir Arazi Y\u00f6netimi\u201d \u00c7al\u0131\u015ftay\u0131 26-27 May\u0131s 2011"},"content":{"rendered":"<p>Yeme, i\u00e7me, bar\u0131nma, ya\u015fam\u0131 s\u00fcrd\u00fcrme dahil insan faaliyetlerinin \u00fczerinde s\u00fcrd\u00fcr\u00fcld\u00fc\u011f\u00fc do\u011fal kaynaki, toprak; erozyon, deniz doldurmalar\u0131 vb. hari\u00e7 hep ayn\u0131 kalm\u0131\u015ft\u0131r. H\u0131zl\u0131 kentle\u015fme, deprem dahil her t\u00fcrl\u00fc afet \u00f6nlemlerinin al\u0131nabilmesi, do\u011fal kaynaklar\u0131n dengeli ve etkili kullan\u0131m\u0131n\u0131n gereklili\u011fi, temiz bir \u00e7evre ihtiyac\u0131 topra\u011f\u0131n\/arazinin planl\u0131 kullan\u0131m\u0131n\u0131 zorunlu k\u0131lmaktad\u0131r. \u00d6zellikle \u00fclkemizde, k\u0131rdan kente tek y\u00f6nl\u00fc ve s\u00fcrekli g\u00f6\u00e7ler kentsel ama\u00e7l\u0131 arazi kullan\u0131m gereksinimini artt\u0131rm\u0131\u015f; bu durum da arazi ve arsa de\u011ferlerini a\u015f\u0131r\u0131 derecece pahaland\u0131rm\u0131\u015f, de\u011ferli hale getirmi\u015ftir. Bu say\u0131lanlar, d\u00fcnyada oldu\u011fu gibi T\u00fcrkiye&#8217;de de arazilerin ak\u0131lc\u0131 kullan\u0131lmas\u0131n\u0131 ve y\u00f6netilmesini zorunlu hale getirmi\u015ftir.<\/p>\n","protected":false},"excerpt":{"rendered":"<p>Yeme, i\u00e7me, bar\u0131nma, ya\u015fam\u0131 s\u00fcrd\u00fcrme dahil insan faaliyetlerinin \u00fczerinde s\u00fcrd\u00fcr\u00fcld\u00fc\u011f\u00fc do\u011fal kaynaki, toprak; erozyon, deniz doldurmalar\u0131 vb. hari\u00e7 hep ayn\u0131 kalm\u0131\u015ft\u0131r. H\u0131zl\u0131 kentle\u015fme, deprem dahil her<span class=\"excerpt-hellip\"> [\u2026]<\/span><\/p>\n","protected":false},"featured_media":0,"template":"","meta":{"_monsterinsights_skip_tracking":false,"_monsterinsights_sitenote_active":false,"_monsterinsights_sitenote_note":"","_monsterinsights_sitenote_category":0},"product_brand":[],"product_cat":[12364],"product_tag":[],"class_list":{"0":"post-758260","1":"product","2":"type-product","3":"status-publish","5":"product_cat-genel-konular","6":"pa_cilt-ciltsiz","7":"pa_tur-kitap","8":"pa_yayinevi-istanbul-okan-universitesi","9":"pa_yazar-okan-kollektif","11":"first","12":"instock","13":"sale","14":"shipping-taxable","15":"purchasable","16":"product-type-simple"},"_links":{"self":[{"href":"https:\/\/roveyayinevi.com.tr\/index.php\/wp-json\/wp\/v2\/product\/758260","targetHints":{"allow":["GET"]}}],"collection":[{"href":"https:\/\/roveyayinevi.com.tr\/index.php\/wp-json\/wp\/v2\/product"}],"about":[{"href":"https:\/\/roveyayinevi.com.tr\/index.php\/wp-json\/wp\/v2\/types\/product"}],"wp:attachment":[{"href":"https:\/\/roveyayinevi.com.tr\/index.php\/wp-json\/wp\/v2\/media?parent=758260"}],"wp:term":[{"taxonomy":"product_brand","embeddable":true,"href":"https:\/\/roveyayinevi.com.tr\/index.php\/wp-json\/wp\/v2\/product_brand?post=758260"},{"taxonomy":"product_cat","embeddable":true,"href":"https:\/\/roveyayinevi.com.tr\/index.php\/wp-json\/wp\/v2\/product_cat?post=758260"},{"taxonomy":"product_tag","embeddable":true,"href":"https:\/\/roveyayinevi.com.tr\/index.php\/wp-json\/wp\/v2\/product_tag?post=758260"}],"curies":[{"name":"wp","href":"https:\/\/api.w.org\/{rel}","templated":true}]}}