{"id":758257,"date":"2025-08-28T07:59:23","date_gmt":"2025-08-28T04:59:23","guid":{"rendered":"https:\/\/roveyayinevi.com.tr\/index.php\/urun\/saglik-sektorunde-is-sagligi-ve-guvenligi-riskleri\/"},"modified":"2026-04-16T03:11:20","modified_gmt":"2026-04-16T00:11:20","slug":"saglik-sektorunde-is-sagligi-ve-guvenligi-riskleri","status":"publish","type":"product","link":"https:\/\/roveyayinevi.com.tr\/index.php\/urun\/saglik-sektorunde-is-sagligi-ve-guvenligi-riskleri\/","title":{"rendered":"Sa\u011fl\u0131k Sekt\u00f6r\u00fcnde \u0130\u015f Sa\u011fl\u0131\u011f\u0131 Ve G\u00fcvenli\u011fi Riskleri"},"content":{"rendered":"<p>Avrupa Birli\u011fi&#8217;nde \u00e7al\u0131\u015fanlar\u0131n yakla\u015f\u0131k olarak %10&#8217;u sa\u011fl\u0131k ve sosyal yard\u0131m sekt\u00f6r\u00fcndedir ve bunlar\u0131n bir\u00e7o\u011fu da hastanelerde \u00e7al\u0131\u015fmaktad\u0131r. Bu \u00e7al\u0131\u015fanlar \u00e7ok \u00e7e\u015fitli risklere maruz kalabilmektedirler. AB sa\u011fl\u0131k ve i\u015f mevzuat\u0131 bu risklerin bir\u00e7o\u011funu kapsamaktad\u0131r; ancak ayn\u0131 anda ortaya \u00e7\u0131kabilen bu kadar de\u011fi\u015fik riskin bir araya gelmesi ve bu sekt\u00f6r\u00fcn a\u00e7\u0131k bir bi\u00e7imde y\u00fcksek risk i\u00e7eren bi sekt\u00f6r olmas\u0131 hastane personelinin sa\u011fl\u0131\u011f\u0131 ve g\u00fcvenli\u011finin geli\u015ftirilmesi amac\u0131yla Birlik b\u00fcnyesinde daha spesifik bir yakla\u015f\u0131m gereklili\u011fi hususunda bir tart\u0131\u015fman\u0131n ba\u015flamas\u0131na neden olmu\u015ftur.Rehberin ana oda\u011f\u0131, g\u00fcncel teknik ve bilimsel bilgileri sa\u011fl\u0131k sekt\u00f6r\u00fcndeki en belirgin risklerden, \u00f6zellikle biyolojik, kas-iskelet, psikososyal ve kimyasal risklerden korunmak ve ilgili Avrupa Birli\u011fi direktiflerini uygulatmak i\u00e7in sunulmaktad\u0131r. \u0130\u015fverenlere \u00e7al\u0131\u015fanlar\u0131n i\u015f sa\u011fl\u0131\u011f\u0131 ve g\u00fcvenli\u011fi risklerini belirlemek i\u00e7in pratik g\u00f6stergeler ve kendi sa\u011fl\u0131k bak\u0131m\u0131 b\u00f6l\u00fcmlerinde uygulanabilir koruyucu faaliyetleri belirginle\u015ftirmektedir.<\/p>\n","protected":false},"excerpt":{"rendered":"<p>Avrupa Birli\u011fi&#8217;nde \u00e7al\u0131\u015fanlar\u0131n yakla\u015f\u0131k olarak %10&#8217;u sa\u011fl\u0131k ve sosyal yard\u0131m sekt\u00f6r\u00fcndedir ve bunlar\u0131n bir\u00e7o\u011fu da hastanelerde \u00e7al\u0131\u015fmaktad\u0131r. Bu \u00e7al\u0131\u015fanlar \u00e7ok \u00e7e\u015fitli risklere maruz kalabilmektedirler. AB sa\u011fl\u0131k<span class=\"excerpt-hellip\"> [\u2026]<\/span><\/p>\n","protected":false},"featured_media":0,"template":"","meta":{"_monsterinsights_skip_tracking":false,"_monsterinsights_sitenote_active":false,"_monsterinsights_sitenote_note":"","_monsterinsights_sitenote_category":0},"product_brand":[],"product_cat":[13365],"product_tag":[],"class_list":{"0":"post-758257","1":"product","2":"type-product","3":"status-publish","5":"product_cat-saglik","6":"pa_cilt-ciltsiz","7":"pa_tur-kitap","8":"pa_yayinevi-istanbul-okan-universitesi","9":"pa_yazar-mithat-kiyak","11":"first","12":"instock","13":"sale","14":"shipping-taxable","15":"purchasable","16":"product-type-simple"},"_links":{"self":[{"href":"https:\/\/roveyayinevi.com.tr\/index.php\/wp-json\/wp\/v2\/product\/758257","targetHints":{"allow":["GET"]}}],"collection":[{"href":"https:\/\/roveyayinevi.com.tr\/index.php\/wp-json\/wp\/v2\/product"}],"about":[{"href":"https:\/\/roveyayinevi.com.tr\/index.php\/wp-json\/wp\/v2\/types\/product"}],"wp:attachment":[{"href":"https:\/\/roveyayinevi.com.tr\/index.php\/wp-json\/wp\/v2\/media?parent=758257"}],"wp:term":[{"taxonomy":"product_brand","embeddable":true,"href":"https:\/\/roveyayinevi.com.tr\/index.php\/wp-json\/wp\/v2\/product_brand?post=758257"},{"taxonomy":"product_cat","embeddable":true,"href":"https:\/\/roveyayinevi.com.tr\/index.php\/wp-json\/wp\/v2\/product_cat?post=758257"},{"taxonomy":"product_tag","embeddable":true,"href":"https:\/\/roveyayinevi.com.tr\/index.php\/wp-json\/wp\/v2\/product_tag?post=758257"}],"curies":[{"name":"wp","href":"https:\/\/api.w.org\/{rel}","templated":true}]}}