{"id":758256,"date":"2025-08-28T07:59:22","date_gmt":"2025-08-28T04:59:22","guid":{"rendered":"https:\/\/roveyayinevi.com.tr\/index.php\/urun\/prof-dr-sadik-kirbasa-armagan-kitap\/"},"modified":"2026-04-16T03:11:20","modified_gmt":"2026-04-16T00:11:20","slug":"prof-dr-sadik-kirbasa-armagan-kitap","status":"publish","type":"product","link":"https:\/\/roveyayinevi.com.tr\/index.php\/urun\/prof-dr-sadik-kirbasa-armagan-kitap\/","title":{"rendered":"Prof. Dr. Sad\u0131k K\u0131rba\u015f&#8217;a Arma\u011fan Kitap"},"content":{"rendered":"<p>\u201cProf. Dr. Sad\u0131k K\u0131rba\u015f&#8217;a Arma\u011fan\u201d isimli bu \u00e7al\u0131\u015fma, Okan \u00dcniversitesi&#8217;nin Kurucu Rekt\u00f6r\u00fc olan ve bu g\u00f6revi 2 d\u00f6nem s\u00fcrd\u00fcren Prof. Dr. Sad\u0131k K\u0131rba\u015f&#8217;a hem Okan \u00dcniversitesi hem de di\u011fer \u00fcniversitelerin Hukuk ve \u0130ktisadi ve \u0130dari Bilimler Fak\u00fclteleri akademisyenlerinin yazd\u0131klar\u0131 makaleleriyle sunduklar\u0131 bilimsel nitelikli bir g\u00f6n\u00fcl arma\u011fan\u0131d\u0131r.<\/p>\n","protected":false},"excerpt":{"rendered":"<p>\u201cProf. Dr. Sad\u0131k K\u0131rba\u015f&#8217;a Arma\u011fan\u201d isimli bu \u00e7al\u0131\u015fma, Okan \u00dcniversitesi&#8217;nin Kurucu Rekt\u00f6r\u00fc olan ve bu g\u00f6revi 2 d\u00f6nem s\u00fcrd\u00fcren Prof. Dr. Sad\u0131k K\u0131rba\u015f&#8217;a hem Okan \u00dcniversitesi<span class=\"excerpt-hellip\"> [\u2026]<\/span><\/p>\n","protected":false},"featured_media":0,"template":"","meta":{"_monsterinsights_skip_tracking":false,"_monsterinsights_sitenote_active":false,"_monsterinsights_sitenote_note":"","_monsterinsights_sitenote_category":0},"product_brand":[],"product_cat":[13043],"product_tag":[],"class_list":{"0":"post-758256","1":"product","2":"type-product","3":"status-publish","5":"product_cat-ekonomi","6":"pa_cilt-ciltsiz","7":"pa_tur-kitap","8":"pa_yayinevi-istanbul-okan-universitesi","9":"pa_yazar-okan-kollektif","11":"first","12":"instock","13":"sale","14":"shipping-taxable","15":"purchasable","16":"product-type-simple"},"_links":{"self":[{"href":"https:\/\/roveyayinevi.com.tr\/index.php\/wp-json\/wp\/v2\/product\/758256","targetHints":{"allow":["GET"]}}],"collection":[{"href":"https:\/\/roveyayinevi.com.tr\/index.php\/wp-json\/wp\/v2\/product"}],"about":[{"href":"https:\/\/roveyayinevi.com.tr\/index.php\/wp-json\/wp\/v2\/types\/product"}],"wp:attachment":[{"href":"https:\/\/roveyayinevi.com.tr\/index.php\/wp-json\/wp\/v2\/media?parent=758256"}],"wp:term":[{"taxonomy":"product_brand","embeddable":true,"href":"https:\/\/roveyayinevi.com.tr\/index.php\/wp-json\/wp\/v2\/product_brand?post=758256"},{"taxonomy":"product_cat","embeddable":true,"href":"https:\/\/roveyayinevi.com.tr\/index.php\/wp-json\/wp\/v2\/product_cat?post=758256"},{"taxonomy":"product_tag","embeddable":true,"href":"https:\/\/roveyayinevi.com.tr\/index.php\/wp-json\/wp\/v2\/product_tag?post=758256"}],"curies":[{"name":"wp","href":"https:\/\/api.w.org\/{rel}","templated":true}]}}