{"id":758255,"date":"2025-08-28T07:59:21","date_gmt":"2025-08-28T04:59:21","guid":{"rendered":"https:\/\/roveyayinevi.com.tr\/index.php\/urun\/muhendislik-fizigi-1\/"},"modified":"2026-04-16T03:11:20","modified_gmt":"2026-04-16T00:11:20","slug":"muhendislik-fizigi-1","status":"publish","type":"product","link":"https:\/\/roveyayinevi.com.tr\/index.php\/urun\/muhendislik-fizigi-1\/","title":{"rendered":"M\u00fchendislik Fizi\u011fi-1"},"content":{"rendered":"<p>M\u00fchendislik Fizi\u011fi-1, m\u00fchendislik \u00f6\u011frencileri i\u00e7in Newton Mekani\u011fi \u00fczerine haz\u0131rlanm\u0131\u015f bir eser. Prof. Dr. Tolga Yarman ve Prof. Dr. Metin Ar\u0131k&#8217;\u0131n ders notlar\u0131n\u0131n bir araya getirilmesi ile olu\u015fan ve bu ders ile alakal\u0131 ba\u015fl\u0131klar\u0131n bir ders kitab\u0131 format\u0131nda ele al\u0131nd\u0131\u011f\u0131 eserde her b\u00f6l\u00fcm \u00e7al\u0131\u015fma sorular\u0131 ile desteklenmi\u015f. Dersler s\u0131ras\u0131ndaki \u00f6\u011fretim \u00fcyelerinin kulland\u0131\u011f\u0131 konu\u015fma dilinin aynen aktar\u0131ld\u0131\u011f\u0131 eser ile ayn\u0131 zamanda bu derslerin kay\u0131tlar\u0131 da CD olarak verilmektedir.<\/p>\n","protected":false},"excerpt":{"rendered":"<p>M\u00fchendislik Fizi\u011fi-1, m\u00fchendislik \u00f6\u011frencileri i\u00e7in Newton Mekani\u011fi \u00fczerine haz\u0131rlanm\u0131\u015f bir eser. Prof. Dr. Tolga Yarman ve Prof. Dr. Metin Ar\u0131k&#8217;\u0131n ders notlar\u0131n\u0131n bir araya getirilmesi ile<span class=\"excerpt-hellip\"> [\u2026]<\/span><\/p>\n","protected":false},"featured_media":0,"template":"","meta":{"_monsterinsights_skip_tracking":false,"_monsterinsights_sitenote_active":false,"_monsterinsights_sitenote_note":"","_monsterinsights_sitenote_category":0},"product_brand":[],"product_cat":[13005],"product_tag":[],"class_list":{"0":"post-758255","1":"product","2":"type-product","3":"status-publish","5":"product_cat-bilim-muhendislik","6":"pa_cilt-ciltsiz","7":"pa_tur-kitap","8":"pa_yayinevi-istanbul-okan-universitesi","9":"pa_yazar-metin-arik","10":"pa_yazar-tolga-yarman","12":"first","13":"instock","14":"sale","15":"shipping-taxable","16":"purchasable","17":"product-type-simple"},"_links":{"self":[{"href":"https:\/\/roveyayinevi.com.tr\/index.php\/wp-json\/wp\/v2\/product\/758255","targetHints":{"allow":["GET"]}}],"collection":[{"href":"https:\/\/roveyayinevi.com.tr\/index.php\/wp-json\/wp\/v2\/product"}],"about":[{"href":"https:\/\/roveyayinevi.com.tr\/index.php\/wp-json\/wp\/v2\/types\/product"}],"wp:attachment":[{"href":"https:\/\/roveyayinevi.com.tr\/index.php\/wp-json\/wp\/v2\/media?parent=758255"}],"wp:term":[{"taxonomy":"product_brand","embeddable":true,"href":"https:\/\/roveyayinevi.com.tr\/index.php\/wp-json\/wp\/v2\/product_brand?post=758255"},{"taxonomy":"product_cat","embeddable":true,"href":"https:\/\/roveyayinevi.com.tr\/index.php\/wp-json\/wp\/v2\/product_cat?post=758255"},{"taxonomy":"product_tag","embeddable":true,"href":"https:\/\/roveyayinevi.com.tr\/index.php\/wp-json\/wp\/v2\/product_tag?post=758255"}],"curies":[{"name":"wp","href":"https:\/\/api.w.org\/{rel}","templated":true}]}}