{"id":758254,"date":"2025-08-28T07:59:20","date_gmt":"2025-08-28T04:59:20","guid":{"rendered":"https:\/\/roveyayinevi.com.tr\/index.php\/urun\/muhendisler-icin-istatistik-problemleri\/"},"modified":"2026-04-16T03:11:20","modified_gmt":"2026-04-16T00:11:20","slug":"muhendisler-icin-istatistik-problemleri","status":"publish","type":"product","link":"https:\/\/roveyayinevi.com.tr\/index.php\/urun\/muhendisler-icin-istatistik-problemleri\/","title":{"rendered":"M\u00fchendisler \u0130\u00e7in \u0130statistik Problemleri"},"content":{"rendered":"<p>Bu kitap istatisti\u011fin m\u00fchendislik problemlerine uygulanmas\u0131n\u0131 i\u00e7ermektedir. Her konunun ba\u015f\u0131nda italik olarak konunun genel a\u00e7\u0131klamas\u0131 ve gerekli denklemleri verilmi\u015ftir.1986 y\u0131l\u0131nda yazd\u0131\u011f\u0131m \u0130statistik Problemleri kitab\u0131n\u0131n y\u0131llard\u0131r bask\u0131s\u0131 t\u00fckenmi\u015ftir. \u00c7ok daha kapsaml\u0131 a\u00e7\u0131klama ve problemler i\u00e7eren bu kitab\u0131 Yrd. Do\u00e7. Dr. Selim D\u00fcndar&#8217;la birlikte haz\u0131rlad\u0131k. \u00d6\u011frencim \u0130n\u015faat M\u00fchendisi \u0130smail Hakk\u0131 Acar&#8217;a verdi\u011fi emek i\u00e7in te\u015fekk\u00fcr ederiz.<\/p>\n","protected":false},"excerpt":{"rendered":"<p>Bu kitap istatisti\u011fin m\u00fchendislik problemlerine uygulanmas\u0131n\u0131 i\u00e7ermektedir. Her konunun ba\u015f\u0131nda italik olarak konunun genel a\u00e7\u0131klamas\u0131 ve gerekli denklemleri verilmi\u015ftir.1986 y\u0131l\u0131nda yazd\u0131\u011f\u0131m \u0130statistik Problemleri kitab\u0131n\u0131n y\u0131llard\u0131r bask\u0131s\u0131<span class=\"excerpt-hellip\"> [\u2026]<\/span><\/p>\n","protected":false},"featured_media":0,"template":"","meta":{"_monsterinsights_skip_tracking":false,"_monsterinsights_sitenote_active":false,"_monsterinsights_sitenote_note":"","_monsterinsights_sitenote_category":0},"product_brand":[],"product_cat":[13005],"product_tag":[],"class_list":{"0":"post-758254","1":"product","2":"type-product","3":"status-publish","5":"product_cat-bilim-muhendislik","6":"pa_cilt-ciltsiz","7":"pa_tur-kitap","8":"pa_yayinevi-istanbul-okan-universitesi","9":"pa_yazar-atil-bulu","10":"pa_yazar-selim-dundar","12":"first","13":"instock","14":"sale","15":"shipping-taxable","16":"purchasable","17":"product-type-simple"},"_links":{"self":[{"href":"https:\/\/roveyayinevi.com.tr\/index.php\/wp-json\/wp\/v2\/product\/758254","targetHints":{"allow":["GET"]}}],"collection":[{"href":"https:\/\/roveyayinevi.com.tr\/index.php\/wp-json\/wp\/v2\/product"}],"about":[{"href":"https:\/\/roveyayinevi.com.tr\/index.php\/wp-json\/wp\/v2\/types\/product"}],"wp:attachment":[{"href":"https:\/\/roveyayinevi.com.tr\/index.php\/wp-json\/wp\/v2\/media?parent=758254"}],"wp:term":[{"taxonomy":"product_brand","embeddable":true,"href":"https:\/\/roveyayinevi.com.tr\/index.php\/wp-json\/wp\/v2\/product_brand?post=758254"},{"taxonomy":"product_cat","embeddable":true,"href":"https:\/\/roveyayinevi.com.tr\/index.php\/wp-json\/wp\/v2\/product_cat?post=758254"},{"taxonomy":"product_tag","embeddable":true,"href":"https:\/\/roveyayinevi.com.tr\/index.php\/wp-json\/wp\/v2\/product_tag?post=758254"}],"curies":[{"name":"wp","href":"https:\/\/api.w.org\/{rel}","templated":true}]}}